{"id":8109,"date":"2025-05-10T07:31:31","date_gmt":"2025-05-10T07:31:31","guid":{"rendered":"https:\/\/www.carboncoreindustry.com\/cci\/communaute\/"},"modified":"2025-11-23T03:38:19","modified_gmt":"2025-11-23T03:38:19","slug":"communaute","status":"publish","type":"page","link":"https:\/\/www.carboncoreindustry.com\/fr\/cci\/communaute\/","title":{"rendered":"communaut\u00e9"},"content":{"rendered":"\n<div class=\"wp-block-essential-blocks-wrapper alignfull  root-eb-wrapper-7qla4\"><div class=\"eb-parent-wrapper eb-parent-eb-wrapper-7qla4 \"><div class=\"eb-wrapper-outer eb-wrapper-7qla4\"><div class=\"eb-wrapper-inner\"><div class=\"eb-wrapper-inner-blocks eb-wrapper-align-center\">\n<div class=\"wp-block-essential-blocks-advanced-heading  root-eb-advance-heading-jb1xb\"><div class=\"eb-parent-wrapper eb-parent-eb-advance-heading-jb1xb \"><div class=\"eb-advance-heading-wrapper eb-advance-heading-jb1xb button-1 \" data-id=\"eb-advance-heading-jb1xb\"><h2 class=\"eb-ah-title\"><span class=\"first-title\">Carbon Talk<\/span><\/h2><p class=\"eb-ah-subtitle\">L&rsquo;oasis de pens\u00e9e des acteurs durables<\/p><\/div><\/div><\/div>\n<\/div><\/div><\/div><\/div><\/div>\n\n<div class=\"wp-block-essential-blocks-wrapper alignfull  root-eb-wrapper-8ul7j0l\"><div class=\"eb-parent-wrapper eb-parent-eb-wrapper-8ul7j0l \"><div class=\"eb-wrapper-outer eb-wrapper-8ul7j0l\"><div class=\"eb-wrapper-inner\"><div class=\"eb-wrapper-inner-blocks eb-wrapper-align-center\">\n<div class=\"wp-block-uagb-advanced-heading uagb-block-022e7a60\"><h2 class=\"uagb-heading-text\">Bienvenue au hub de r\u00e9flexion de l&rsquo;\u00e8re de la neutralit\u00e9 carbone<\/h2><\/div>\n\n\n\n<div class=\"wp-block-essential-blocks-row alignfull  root-eb-row-phjny\"><div class=\"eb-parent-wrapper eb-parent-eb-row-phjny \"><div class=\"eb-row-root-container eb-row-phjny\" data-id=\"eb-row-phjny\"><div class=\"eb-row-wrapper\"><div class=\"eb-row-inner\">\n<div class=\"wp-block-essential-blocks-column  root-eb-column-edmch\"><div class=\"eb-parent-wrapper eb-parent-eb-column-edmch \"><div class=\"eb-column-wrapper eb-column-edmch\"><div class=\"eb-column-inner\">\n<div class=\"wp-block-essential-blocks-text root-eb-text-x9m14\"><div class=\"eb-parent-wrapper eb-parent-eb-text-x9m14 \"><div class=\"eb-text-wrapper eb-text-x9m14\" data-id=\"eb-text-x9m14\"><p class=\"eb-text\">La communaut\u00e9 Carbon Talk est une plateforme de communication ouverte et innovante ax\u00e9e sur le d\u00e9veloppement durable.<br>Nous r\u00e9unissons des pionniers de l\u2019industrie, des experts scientifiques, des d\u00e9cideurs d\u2019entreprise et des militants \u00e9cologistes pour promouvoir la naissance de solutions \u00e0 faible teneur en carbone atterisables par la confrontation de points de vue, le partage de cas, la lecture des politiques et des s\u00e9minaires techniques. Ici, chaque inspiration verte m\u00e9rite d\u2019\u00eatre entendue et chaque pratique de r\u00e9duction des \u00e9missions de carbone trouve des compagnons de route.<\/p><\/div><\/div><\/div>\n<\/div><\/div><\/div><\/div>\n\n\n\n<div class=\"wp-block-essential-blocks-column  root-eb-column-nf8lc\"><div class=\"eb-parent-wrapper eb-parent-eb-column-nf8lc \"><div class=\"eb-column-wrapper eb-column-nf8lc\"><div class=\"eb-column-inner\">\n<figure class=\"wp-block-image size-large\"><img loading=\"lazy\" decoding=\"async\" width=\"1024\" height=\"683\" src=\"https:\/\/www.carboncoreindustry.com\/wp-content\/uploads\/2025\/05\/big-data-7644543-1024x683.jpg\" alt=\"\" class=\"wp-image-7871\" srcset=\"https:\/\/www.carboncoreindustry.com\/wp-content\/uploads\/2025\/05\/big-data-7644543-1024x683.jpg 1024w, https:\/\/www.carboncoreindustry.com\/wp-content\/uploads\/2025\/05\/big-data-7644543-300x200.jpg 300w, https:\/\/www.carboncoreindustry.com\/wp-content\/uploads\/2025\/05\/big-data-7644543-768x512.jpg 768w, https:\/\/www.carboncoreindustry.com\/wp-content\/uploads\/2025\/05\/big-data-7644543-1536x1024.jpg 1536w, https:\/\/www.carboncoreindustry.com\/wp-content\/uploads\/2025\/05\/big-data-7644543-2048x1365.jpg 2048w, https:\/\/www.carboncoreindustry.com\/wp-content\/uploads\/2025\/05\/big-data-7644543-600x400.jpg 600w\" sizes=\"auto, (max-width: 1024px) 100vw, 1024px\" \/><\/figure>\n<\/div><\/div><\/div><\/div>\n<\/div><\/div><\/div><\/div><\/div>\n<\/div><\/div><\/div><\/div><\/div>\n\n<div class=\"wp-block-essential-blocks-wrapper alignfull  root-eb-wrapper-euccxwy\"><div class=\"eb-parent-wrapper eb-parent-eb-wrapper-euccxwy \"><div class=\"eb-wrapper-outer eb-wrapper-euccxwy\"><div class=\"eb-wrapper-inner\"><div class=\"eb-wrapper-inner-blocks eb-wrapper-align-center\">\n<div class=\"wp-block-essential-blocks-wrapper  root-eb-wrapper-l6sdw2y\"><div class=\"eb-parent-wrapper eb-parent-eb-wrapper-l6sdw2y \"><div class=\"eb-wrapper-outer eb-wrapper-l6sdw2y\"><div class=\"eb-wrapper-inner\"><div class=\"eb-wrapper-inner-blocks eb-wrapper-align-center\">\n<div class=\"wp-block-essential-blocks-advanced-heading  root-eb-advance-heading-l9fbebj\"><div class=\"eb-parent-wrapper eb-parent-eb-advance-heading-l9fbebj eb_animation eb___animated eb___zoomIn\"><div class=\"eb-advance-heading-wrapper eb-advance-heading-l9fbebj button-1 undefined\" data-id=\"eb-advance-heading-l9fbebj\"><h2 class=\"eb-ah-title\"><span class=\"first-title\">Syst\u00e8me d&rsquo;action \u00ab\u00a0cent mille millions milliards\u00a0\u00bb<\/span><\/h2><p class=\"eb-ah-subtitle\">Rejoignez d\u00e8s maintenant la communaut\u00e9 mondiale des villes z\u00e9ro carbone<\/p><\/div><\/div><\/div>\n\n\n\n<div class=\"wp-block-essential-blocks-button root-eb-button-7jx1yet\"><div class=\"eb-parent-wrapper eb-parent-eb-button-7jx1yet \"><div class=\"eb-button-wrapper eb-button-alignment eb-button-7jx1yet\"><div class=\"eb-button\"><div class=\"eb-button-inner-wrapper \"><a class=\"eb-button-anchor hvr-float \" href=\"https:\/\/www.carboncoreindustry.com\/fr\/cci\/nouscontacter\/\" rel=\"noopener\">Contactez-nous<\/a><\/div><\/div><\/div><\/div><\/div>\n<\/div><\/div><\/div><\/div><\/div>\n<\/div><\/div><\/div><\/div><\/div>\n","protected":false},"excerpt":{"rendered":"","protected":false},"author":4,"featured_media":0,"parent":8101,"menu_order":2,"comment_status":"closed","ping_status":"closed","template":"","meta":{"_eb_attr":"","_uag_custom_page_level_css":"","footnotes":""},"class_list":["post-8109","page","type-page","status-publish","hentry"],"uagb_featured_image_src":{"full":false,"thumbnail":false,"medium":false,"medium_large":false,"large":false,"1536x1536":false,"2048x2048":false},"uagb_author_info":{"display_name":"H Z","author_link":"https:\/\/www.carboncoreindustry.com\/fr\/author\/hzrytesa-com\/"},"uagb_comment_info":0,"uagb_excerpt":null,"_links":{"self":[{"href":"https:\/\/www.carboncoreindustry.com\/fr\/wp-json\/wp\/v2\/pages\/8109","targetHints":{"allow":["GET"]}}],"collection":[{"href":"https:\/\/www.carboncoreindustry.com\/fr\/wp-json\/wp\/v2\/pages"}],"about":[{"href":"https:\/\/www.carboncoreindustry.com\/fr\/wp-json\/wp\/v2\/types\/page"}],"author":[{"embeddable":true,"href":"https:\/\/www.carboncoreindustry.com\/fr\/wp-json\/wp\/v2\/users\/4"}],"replies":[{"embeddable":true,"href":"https:\/\/www.carboncoreindustry.com\/fr\/wp-json\/wp\/v2\/comments?post=8109"}],"version-history":[{"count":2,"href":"https:\/\/www.carboncoreindustry.com\/fr\/wp-json\/wp\/v2\/pages\/8109\/revisions"}],"predecessor-version":[{"id":10732,"href":"https:\/\/www.carboncoreindustry.com\/fr\/wp-json\/wp\/v2\/pages\/8109\/revisions\/10732"}],"up":[{"embeddable":true,"href":"https:\/\/www.carboncoreindustry.com\/fr\/wp-json\/wp\/v2\/pages\/8101"}],"wp:attachment":[{"href":"https:\/\/www.carboncoreindustry.com\/fr\/wp-json\/wp\/v2\/media?parent=8109"}],"curies":[{"name":"wp","href":"https:\/\/api.w.org\/{rel}","templated":true}]}}