{"id":8066,"date":"2025-05-10T06:02:07","date_gmt":"2025-05-10T06:02:07","guid":{"rendered":"https:\/\/www.carboncoreindustry.com\/forum\/"},"modified":"2025-11-23T03:37:23","modified_gmt":"2025-11-23T03:37:23","slug":"forum","status":"publish","type":"page","link":"https:\/\/www.carboncoreindustry.com\/fr\/cci\/forum\/","title":{"rendered":"forum"},"content":{"rendered":"\n<div class=\"wp-block-essential-blocks-wrapper alignfull  root-eb-wrapper-vzksq\"><div class=\"eb-parent-wrapper eb-parent-eb-wrapper-vzksq \"><div class=\"eb-wrapper-outer eb-wrapper-vzksq\"><div class=\"eb-wrapper-inner\"><div class=\"eb-wrapper-inner-blocks eb-wrapper-align-center\">\n<div class=\"wp-block-essential-blocks-text root-eb-text-u9e3o\"><div class=\"eb-parent-wrapper eb-parent-eb-text-u9e3o \"><div class=\"eb-text-wrapper eb-text-u9e3o\" data-id=\"eb-text-u9e3o\"><h1 class=\"eb-text\">CCI+AI<\/h1><\/div><\/div><\/div>\n\n\n\n<div class=\"wp-block-essential-blocks-text root-eb-text-ehb1k\"><div class=\"eb-parent-wrapper eb-parent-eb-text-ehb1k \"><div class=\"eb-text-wrapper eb-text-ehb1k\" data-id=\"eb-text-ehb1k\"><h1 class=\"eb-text\">CCI global d\u00e9veloppement durable<\/h1><\/div><\/div><\/div>\n\n\n\n<div class=\"wp-block-essential-blocks-text root-eb-text-tjhn3\"><div class=\"eb-parent-wrapper eb-parent-eb-text-tjhn3 \"><div class=\"eb-text-wrapper eb-text-tjhn3\" data-id=\"eb-text-tjhn3\"><h1 class=\"eb-text\">Future in Action : des r\u00e9seaux d&rsquo;intelligence artificielle aux pulsations vertes de la Terre<\/h1><\/div><\/div><\/div>\n\n\n\n<div class=\"wp-block-essential-blocks-button root-eb-button-lkqew\"><div class=\"eb-parent-wrapper eb-parent-eb-button-lkqew \"><div class=\"eb-button-wrapper eb-button-alignment eb-button-lkqew\"><div class=\"eb-button\"><div class=\"eb-button-inner-wrapper \"><a class=\"eb-button-anchor \" href=\"https:\/\/www.carboncoreindustry.com\/fr\/cci\/nouscontacter\/\" rel=\"noopener\">Contactez-nous<\/a><\/div><\/div><\/div><\/div><\/div>\n<\/div><\/div><\/div><\/div><\/div>\n\n<div class=\"wp-block-essential-blocks-wrapper alignfull  root-eb-wrapper-soiv999\"><div class=\"eb-parent-wrapper eb-parent-eb-wrapper-soiv999 \"><div class=\"eb-wrapper-outer eb-wrapper-soiv999\"><div class=\"eb-wrapper-inner\"><div class=\"eb-wrapper-inner-blocks eb-wrapper-align-center\">\n<div class=\"wp-block-essential-blocks-wrapper alignfull  root-eb-wrapper-7qy0ilq\"><div class=\"eb-parent-wrapper eb-parent-eb-wrapper-7qy0ilq \"><div class=\"eb-wrapper-outer eb-wrapper-7qy0ilq\"><div class=\"eb-wrapper-inner\"><div class=\"eb-wrapper-inner-blocks eb-wrapper-align-center\">\n<div class=\"wp-block-essential-blocks-row alignfull  root-eb-row-rqarexp\"><div class=\"eb-parent-wrapper eb-parent-eb-row-rqarexp \"><div class=\"eb-row-root-container eb-row-rqarexp\" data-id=\"eb-row-rqarexp\"><div class=\"eb-row-wrapper\"><div class=\"eb-row-inner\">\n<div class=\"wp-block-essential-blocks-column  root-eb-column-17wnt5p\"><div class=\"eb-parent-wrapper eb-parent-eb-column-17wnt5p \"><div class=\"eb-column-wrapper eb-column-17wnt5p\"><div class=\"eb-column-inner\">\n<div class=\"wp-block-essential-blocks-advanced-heading  root-eb-advance-heading-5uadh4k\"><div class=\"eb-parent-wrapper eb-parent-eb-advance-heading-5uadh4k \"><div class=\"eb-advance-heading-wrapper eb-advance-heading-5uadh4k button-1 undefined\" data-id=\"eb-advance-heading-5uadh4k\"><h2 class=\"eb-ah-title\"><span class=\"first-title\">\u00c0 propos de la r\u00e9union<\/span><\/h2><p class=\"eb-ah-subtitle\">Synergy une s\u00e9rie de sommets mondiaux de haut niveau, une plate-forme internationale de collaboration r\u00e9unissant les leaders de l\u2019industrie, les meilleurs think tanks et les forces publiques. Gr\u00e2ce \u00e0 des \u00e9tudes strat\u00e9giques, des innovations technologiques et la pr\u00e9sentation de donn\u00e9es ressources intersectorielles, sur le changement climatique, la justice sociale et la croissance \u00e9conomique inclusive trois questions fondamentales visant \u00e0 traduire les objectifs de d\u00e9veloppement durable peut atterrir des solutions \u00ab\u00a0&#8211; des op\u00e9rations de validation de prise a \u00e9t\u00e9 construite en boucle ferm\u00e9e le cycle \u00e9cologique, l\u2019efficacit\u00e9 de l\u2019engagement de suivi technique tout au long du circuit de blocs Promouvoir la r\u00e9volution pratique du d\u00e9veloppement durable du consensus id\u00e9ologique \u00e0 la participation universelle.<\/p><\/div><\/div><\/div>\n\n\n\n<figure class=\"wp-block-image size-large\"><img loading=\"lazy\" decoding=\"async\" width=\"1024\" height=\"683\" src=\"https:\/\/www.carboncoreindustry.com\/wp-content\/uploads\/2025\/05\/cameras-6839248-1-1024x683.jpg\" alt=\"\" class=\"wp-image-7763\" srcset=\"https:\/\/www.carboncoreindustry.com\/wp-content\/uploads\/2025\/05\/cameras-6839248-1-1024x683.jpg 1024w, https:\/\/www.carboncoreindustry.com\/wp-content\/uploads\/2025\/05\/cameras-6839248-1-300x200.jpg 300w, https:\/\/www.carboncoreindustry.com\/wp-content\/uploads\/2025\/05\/cameras-6839248-1-768x512.jpg 768w, https:\/\/www.carboncoreindustry.com\/wp-content\/uploads\/2025\/05\/cameras-6839248-1-1536x1024.jpg 1536w, https:\/\/www.carboncoreindustry.com\/wp-content\/uploads\/2025\/05\/cameras-6839248-1-2048x1365.jpg 2048w, https:\/\/www.carboncoreindustry.com\/wp-content\/uploads\/2025\/05\/cameras-6839248-1-600x400.jpg 600w\" sizes=\"auto, (max-width: 1024px) 100vw, 1024px\" \/><\/figure>\n<\/div><\/div><\/div><\/div>\n\n\n\n<div class=\"wp-block-essential-blocks-column  root-eb-column-gf3jyxy\"><div class=\"eb-parent-wrapper eb-parent-eb-column-gf3jyxy \"><div class=\"eb-column-wrapper eb-column-gf3jyxy\"><div class=\"eb-column-inner\">\n<div class=\"wp-block-essential-blocks-wrapper alignfull  root-eb-wrapper-yn72xxw\"><div class=\"eb-parent-wrapper eb-parent-eb-wrapper-yn72xxw \"><div class=\"eb-wrapper-outer eb-wrapper-yn72xxw\"><div class=\"eb-wrapper-inner\"><div class=\"eb-wrapper-inner-blocks \">\n<figure class=\"wp-block-image size-full\"><img decoding=\"async\" src=\"https:\/\/www.carboncoreindustry.com\/wp-content\/uploads\/2025\/05\/&#x4E2D;&#x56FD;-2-3.svg\" alt=\"\" class=\"wp-image-7785\"\/><\/figure>\n\n\n\n<div class=\"wp-block-essential-blocks-wrapper  root-eb-wrapper-ud32n6b\"><div class=\"eb-parent-wrapper eb-parent-eb-wrapper-ud32n6b \"><div class=\"eb-wrapper-outer eb-wrapper-ud32n6b eb-wrapper-align-right\"><div class=\"eb-wrapper-inner\"><div class=\"eb-wrapper-inner-blocks\">\n<div class=\"wp-block-essential-blocks-advanced-heading  root-eb-advance-heading-nz53hmq\"><div class=\"eb-parent-wrapper eb-parent-eb-advance-heading-nz53hmq \"><div class=\"eb-advance-heading-wrapper eb-advance-heading-nz53hmq button-1 undefined\" data-id=\"eb-advance-heading-nz53hmq\"><h2 class=\"eb-ah-title\"><span class=\"first-title\">Qui sommes-nous<\/span><\/h2><p class=\"eb-ah-subtitle\">Le syst\u00e8me d&rsquo;action CCI promeut la gestion et l&rsquo;application durables dans diff\u00e9rentes r\u00e9gions et industries en Chine, stimulant vigoureusement le d\u00e9veloppement vert et bas carbone de toute la soci\u00e9t\u00e9. Il innove en introduisant la technologie blockchain pour construire une plateforme de partage fiable des donn\u00e9es d&rsquo;\u00e9missions carbone, permettant un suivi et une v\u00e9rification transparents de l&#8217;empreinte carbone sur toute la cha\u00eene. Parall\u00e8lement, il s&rsquo;ouvre aux institutions financi\u00e8res, aux entreprises manufacturi\u00e8res et \u00e0 d&rsquo;autres secteurs, servant \u00e0 la r\u00e9duction des \u00e9missions carbone pour la demande int\u00e9rieure et \u00e0 la conformit\u00e9 \u00e0 l&rsquo;exportation, aidant les \u00ab\u00a0r\u00e9gions-industries\u00a0\u00bb \u00e0 r\u00e9duire continuellement leur empreinte carbone, \u00e0 \u00e9largir l&rsquo;offre de produits verts et bas carbone, et \u00e0 cr\u00e9er une nouvelle tendance de consommation verte et bas carbone.<\/p><\/div><\/div><\/div>\n<\/div><\/div><\/div><\/div><\/div>\n<\/div><\/div><\/div><\/div><\/div>\n<\/div><\/div><\/div><\/div>\n<\/div><\/div><\/div><\/div><\/div>\n<\/div><\/div><\/div><\/div><\/div>\n<\/div><\/div><\/div><\/div><\/div>\n\n<div class=\"wp-block-essential-blocks-wrapper alignfull  root-eb-wrapper-xctl2wt\"><div class=\"eb-parent-wrapper eb-parent-eb-wrapper-xctl2wt \"><div class=\"eb-wrapper-outer eb-wrapper-xctl2wt\"><div class=\"eb-wrapper-inner\"><div class=\"eb-wrapper-inner-blocks eb-wrapper-align-center\">\n<div class=\"wp-block-essential-blocks-advanced-heading  root-eb-advance-heading-a0exu\"><div class=\"eb-parent-wrapper eb-parent-eb-advance-heading-a0exu \"><div class=\"eb-advance-heading-wrapper eb-advance-heading-a0exu button-1 undefined\" data-id=\"eb-advance-heading-a0exu\"><h2 class=\"eb-ah-title\"><span class=\"first-title\">Une organisation collaborative<\/span><\/h2><\/div><\/div><\/div>\n\n\n\n<div class=\"wp-block-essential-blocks-slider root-eb-slider-p6px5\"><div class=\"eb-parent-wrapper eb-parent-eb-slider-p6px5 \"><div class=\"eb-slider-wrapper eb-slider-p6px5\" data-blockid=\"eb-slider-p6px5\" data-version=\"v4\" data-settings=\"eyJhcnJvd3MiOnRydWUsImFkYXB0aXZlSGVpZ2h0IjpmYWxzZSwiYXV0b3BsYXkiOnRydWUsImF1dG9wbGF5U3BlZWQiOjIwMDAsImRvdHMiOmZhbHNlLCJmYWRlIjpmYWxzZSwiaW5maW5pdGUiOnRydWUsInBhdXNlT25Ib3ZlciI6dHJ1ZSwic2xpZGVzVG9TaG93Ijo1LCJzcGVlZCI6NTAwLCJ2ZXJ0aWNhbCI6ZmFsc2UsImN1cnJlbnRTbGlkZSI6MCwicnRsIjpmYWxzZSwicmVzcG9uc2l2ZSI6W3siYnJlYWtwb2ludCI6MTAyNSwic2V0dGluZ3MiOnsic2xpZGVzVG9TaG93Ijo1fX0seyJicmVha3BvaW50Ijo3NjcsInNldHRpbmdzIjp7InNsaWRlc1RvU2hvdyI6MX19XX0=\" data-arrownexticon=\"fas fa-arrow-alt-circle-right\" data-arrowprevicon=\"fas fa-arrow-alt-circle-left\" data-lightbox=\"false\"><div class=\"eb-slider-init eb-slider-type-image\"><div class=\"eb-slider-item content-2\" data-src=\"https:\/\/www.carboncoreindustry.com\/wp-content\/uploads\/2025\/05\/16-scaled.png\"><div><img class=\"eb-slider-image\" data-lazy=\"https:\/\/www.carboncoreindustry.com\/wp-content\/uploads\/2025\/05\/16-scaled.png\"><\/div><\/div><div class=\"eb-slider-item content-2\" data-src=\"https:\/\/www.carboncoreindustry.com\/wp-content\/uploads\/2025\/05\/15-scaled.png\"><div><img class=\"eb-slider-image\" data-lazy=\"https:\/\/www.carboncoreindustry.com\/wp-content\/uploads\/2025\/05\/15-scaled.png\"><\/div><\/div><div class=\"eb-slider-item content-2\" data-src=\"https:\/\/www.carboncoreindustry.com\/wp-content\/uploads\/2025\/05\/14-scaled.png\"><div><img class=\"eb-slider-image\" data-lazy=\"https:\/\/www.carboncoreindustry.com\/wp-content\/uploads\/2025\/05\/14-scaled.png\"><\/div><\/div><div class=\"eb-slider-item content-2\" data-src=\"https:\/\/www.carboncoreindustry.com\/wp-content\/uploads\/2025\/05\/13-scaled.png\"><div><img class=\"eb-slider-image\" data-lazy=\"https:\/\/www.carboncoreindustry.com\/wp-content\/uploads\/2025\/05\/13-scaled.png\"><\/div><\/div><div class=\"eb-slider-item content-2\" data-src=\"https:\/\/www.carboncoreindustry.com\/wp-content\/uploads\/2025\/05\/11-scaled.png\"><div><img class=\"eb-slider-image\" data-lazy=\"https:\/\/www.carboncoreindustry.com\/wp-content\/uploads\/2025\/05\/11-scaled.png\"><\/div><\/div><div class=\"eb-slider-item content-2\" data-src=\"https:\/\/www.carboncoreindustry.com\/wp-content\/uploads\/2025\/05\/9-scaled.png\"><div><img class=\"eb-slider-image\" data-lazy=\"https:\/\/www.carboncoreindustry.com\/wp-content\/uploads\/2025\/05\/9-scaled.png\"><\/div><\/div><div class=\"eb-slider-item content-2\" data-src=\"https:\/\/www.carboncoreindustry.com\/wp-content\/uploads\/2025\/05\/8-scaled.png\"><div><img class=\"eb-slider-image\" data-lazy=\"https:\/\/www.carboncoreindustry.com\/wp-content\/uploads\/2025\/05\/8-scaled.png\"><\/div><\/div><div class=\"eb-slider-item content-2\" data-src=\"https:\/\/www.carboncoreindustry.com\/wp-content\/uploads\/2025\/05\/7-scaled.png\"><div><img class=\"eb-slider-image\" data-lazy=\"https:\/\/www.carboncoreindustry.com\/wp-content\/uploads\/2025\/05\/7-scaled.png\"><\/div><\/div><div class=\"eb-slider-item content-2\" data-src=\"https:\/\/www.carboncoreindustry.com\/wp-content\/uploads\/2025\/05\/6-scaled.png\"><div><img class=\"eb-slider-image\" data-lazy=\"https:\/\/www.carboncoreindustry.com\/wp-content\/uploads\/2025\/05\/6-scaled.png\"><\/div><\/div><div class=\"eb-slider-item content-2\" data-src=\"https:\/\/www.carboncoreindustry.com\/wp-content\/uploads\/2025\/05\/5-scaled.png\"><div><img class=\"eb-slider-image\" data-lazy=\"https:\/\/www.carboncoreindustry.com\/wp-content\/uploads\/2025\/05\/5-scaled.png\"><\/div><\/div><div class=\"eb-slider-item content-2\" data-src=\"https:\/\/www.carboncoreindustry.com\/wp-content\/uploads\/2025\/05\/4-scaled.png\"><div><img class=\"eb-slider-image\" data-lazy=\"https:\/\/www.carboncoreindustry.com\/wp-content\/uploads\/2025\/05\/4-scaled.png\"><\/div><\/div><div class=\"eb-slider-item content-2\" data-src=\"https:\/\/www.carboncoreindustry.com\/wp-content\/uploads\/2025\/05\/3-scaled.png\"><div><img class=\"eb-slider-image\" data-lazy=\"https:\/\/www.carboncoreindustry.com\/wp-content\/uploads\/2025\/05\/3-scaled.png\"><\/div><\/div><div class=\"eb-slider-item content-2\" data-src=\"https:\/\/www.carboncoreindustry.com\/wp-content\/uploads\/2025\/05\/2-scaled.png\"><div><img class=\"eb-slider-image\" data-lazy=\"https:\/\/www.carboncoreindustry.com\/wp-content\/uploads\/2025\/05\/2-scaled.png\"><\/div><\/div><div class=\"eb-slider-item content-2\" data-src=\"https:\/\/www.carboncoreindustry.com\/wp-content\/uploads\/2025\/05\/1-scaled.png\"><div><img class=\"eb-slider-image\" data-lazy=\"https:\/\/www.carboncoreindustry.com\/wp-content\/uploads\/2025\/05\/1-scaled.png\"><\/div><\/div><div class=\"eb-slider-item content-2\" data-src=\"https:\/\/www.carboncoreindustry.com\/wp-content\/uploads\/2025\/05\/\u672a\u547d\u540d-\u526f\u672c-scaled.png\"><div><img class=\"eb-slider-image\" data-lazy=\"https:\/\/www.carboncoreindustry.com\/wp-content\/uploads\/2025\/05\/\u672a\u547d\u540d-\u526f\u672c-scaled.png\"><\/div><\/div><\/div><\/div><\/div><\/div>\n<\/div><\/div><\/div><\/div><\/div>\n\n<div class=\"wp-block-essential-blocks-wrapper alignfull  root-eb-wrapper-euccxwy\"><div class=\"eb-parent-wrapper eb-parent-eb-wrapper-euccxwy \"><div class=\"eb-wrapper-outer eb-wrapper-euccxwy\"><div class=\"eb-wrapper-inner\"><div class=\"eb-wrapper-inner-blocks eb-wrapper-align-center\">\n<div class=\"wp-block-essential-blocks-wrapper  root-eb-wrapper-l6sdw2y\"><div class=\"eb-parent-wrapper eb-parent-eb-wrapper-l6sdw2y \"><div class=\"eb-wrapper-outer eb-wrapper-l6sdw2y\"><div class=\"eb-wrapper-inner\"><div class=\"eb-wrapper-inner-blocks eb-wrapper-align-center\">\n<div class=\"wp-block-essential-blocks-advanced-heading  root-eb-advance-heading-l9fbebj\"><div class=\"eb-parent-wrapper eb-parent-eb-advance-heading-l9fbebj eb_animation eb___animated eb___zoomIn\"><div class=\"eb-advance-heading-wrapper eb-advance-heading-l9fbebj button-1 undefined\" data-id=\"eb-advance-heading-l9fbebj\"><h2 class=\"eb-ah-title\"><span class=\"first-title\">Syst\u00e8me d&rsquo;action \u00ab\u00a0cent mille millions milliards\u00a0\u00bb<\/span><\/h2><p class=\"eb-ah-subtitle\">Rejoignez d\u00e8s maintenant la communaut\u00e9 mondiale des villes z\u00e9ro carbone<\/p><\/div><\/div><\/div>\n\n\n\n<div class=\"wp-block-essential-blocks-button root-eb-button-7jx1yet\"><div class=\"eb-parent-wrapper eb-parent-eb-button-7jx1yet \"><div class=\"eb-button-wrapper eb-button-alignment eb-button-7jx1yet\"><div class=\"eb-button\"><div class=\"eb-button-inner-wrapper \"><a class=\"eb-button-anchor hvr-float \" href=\"https:\/\/www.carboncoreindustry.com\/fr\/cci\/nouscontacter\/\" rel=\"noopener\">Contactez-nous<\/a><\/div><\/div><\/div><\/div><\/div>\n<\/div><\/div><\/div><\/div><\/div>\n<\/div><\/div><\/div><\/div><\/div>\n","protected":false},"excerpt":{"rendered":"","protected":false},"author":4,"featured_media":0,"parent":8101,"menu_order":2,"comment_status":"closed","ping_status":"closed","template":"","meta":{"_eb_attr":"","_uag_custom_page_level_css":"","footnotes":""},"class_list":["post-8066","page","type-page","status-publish","hentry"],"uagb_featured_image_src":{"full":false,"thumbnail":false,"medium":false,"medium_large":false,"large":false,"1536x1536":false,"2048x2048":false},"uagb_author_info":{"display_name":"H Z","author_link":"https:\/\/www.carboncoreindustry.com\/fr\/author\/hzrytesa-com\/"},"uagb_comment_info":0,"uagb_excerpt":null,"_links":{"self":[{"href":"https:\/\/www.carboncoreindustry.com\/fr\/wp-json\/wp\/v2\/pages\/8066","targetHints":{"allow":["GET"]}}],"collection":[{"href":"https:\/\/www.carboncoreindustry.com\/fr\/wp-json\/wp\/v2\/pages"}],"about":[{"href":"https:\/\/www.carboncoreindustry.com\/fr\/wp-json\/wp\/v2\/types\/page"}],"author":[{"embeddable":true,"href":"https:\/\/www.carboncoreindustry.com\/fr\/wp-json\/wp\/v2\/users\/4"}],"replies":[{"embeddable":true,"href":"https:\/\/www.carboncoreindustry.com\/fr\/wp-json\/wp\/v2\/comments?post=8066"}],"version-history":[{"count":2,"href":"https:\/\/www.carboncoreindustry.com\/fr\/wp-json\/wp\/v2\/pages\/8066\/revisions"}],"predecessor-version":[{"id":10730,"href":"https:\/\/www.carboncoreindustry.com\/fr\/wp-json\/wp\/v2\/pages\/8066\/revisions\/10730"}],"up":[{"embeddable":true,"href":"https:\/\/www.carboncoreindustry.com\/fr\/wp-json\/wp\/v2\/pages\/8101"}],"wp:attachment":[{"href":"https:\/\/www.carboncoreindustry.com\/fr\/wp-json\/wp\/v2\/media?parent=8066"}],"curies":[{"name":"wp","href":"https:\/\/api.w.org\/{rel}","templated":true}]}}