{"id":7988,"date":"2025-05-07T11:19:41","date_gmt":"2025-05-07T11:19:41","guid":{"rendered":"https:\/\/www.carboncoreindustry.com\/produit\/"},"modified":"2025-11-23T03:36:20","modified_gmt":"2025-11-23T03:36:20","slug":"produit","status":"publish","type":"page","link":"https:\/\/www.carboncoreindustry.com\/fr\/cci\/produit\/","title":{"rendered":"produit"},"content":{"rendered":"\n<div class=\"wp-block-essential-blocks-wrapper alignfull  root-eb-wrapper-vzksq\"><div class=\"eb-parent-wrapper eb-parent-eb-wrapper-vzksq \"><div class=\"eb-wrapper-outer eb-wrapper-vzksq\"><div class=\"eb-wrapper-inner\"><div class=\"eb-wrapper-inner-blocks eb-wrapper-align-center\">\n<div class=\"wp-block-essential-blocks-text root-eb-text-u9e3o\"><div class=\"eb-parent-wrapper eb-parent-eb-text-u9e3o \"><div class=\"eb-text-wrapper eb-text-u9e3o\" data-id=\"eb-text-u9e3o\"><h1 class=\"eb-text\">CCI+AI<\/h1><\/div><\/div><\/div>\n\n\n\n<div class=\"wp-block-essential-blocks-text root-eb-text-ehb1k\"><div class=\"eb-parent-wrapper eb-parent-eb-text-ehb1k \"><div class=\"eb-text-wrapper eb-text-ehb1k\" data-id=\"eb-text-ehb1k\"><h1 class=\"eb-text\">Plateforme de services pour les produits z\u00e9ro carbone<\/h1><\/div><\/div><\/div>\n\n\n\n<div class=\"wp-block-essential-blocks-text root-eb-text-tjhn3\"><div class=\"eb-parent-wrapper eb-parent-eb-text-tjhn3 \"><div class=\"eb-text-wrapper eb-text-tjhn3\" data-id=\"eb-text-tjhn3\"><h1 class=\"eb-text\">Du rapport qualit\u00e9-prix au rapport carbone-prix, la durabilit\u00e9 vous aide \u00e0 \u00e9largir votre march\u00e9.<\/h1><\/div><\/div><\/div>\n\n\n\n<div class=\"wp-block-essential-blocks-button root-eb-button-lkqew\"><div class=\"eb-parent-wrapper eb-parent-eb-button-lkqew \"><div class=\"eb-button-wrapper eb-button-alignment eb-button-lkqew\"><div class=\"eb-button\"><div class=\"eb-button-inner-wrapper \"><a class=\"eb-button-anchor \" href=\"https:\/\/cci.carboncoreindustry.com\/zero-carbon-products\" rel=\"noopener\">Vivez l\u2019exp\u00e9rience imm\u00e9diatement<\/a><\/div><\/div><\/div><\/div><\/div>\n<\/div><\/div><\/div><\/div><\/div>\n\n<div class=\"wp-block-essential-blocks-wrapper alignfull  root-eb-wrapper-8ul7j0l\"><div class=\"eb-parent-wrapper eb-parent-eb-wrapper-8ul7j0l \"><div class=\"eb-wrapper-outer eb-wrapper-8ul7j0l\"><div class=\"eb-wrapper-inner\"><div class=\"eb-wrapper-inner-blocks eb-wrapper-align-center\">\n<div style=\"height:27px\" aria-hidden=\"true\" class=\"wp-block-spacer\"><\/div>\n\n\n\n<div class=\"wp-block-essential-blocks-row alignfull  root-eb-row-phjny\"><div class=\"eb-parent-wrapper eb-parent-eb-row-phjny \"><div class=\"eb-row-root-container eb-row-phjny\" data-id=\"eb-row-phjny\"><div class=\"eb-row-wrapper\"><div class=\"eb-row-inner\">\n<div class=\"wp-block-essential-blocks-column  root-eb-column-edmch\"><div class=\"eb-parent-wrapper eb-parent-eb-column-edmch \"><div class=\"eb-column-wrapper eb-column-edmch\"><div class=\"eb-column-inner\">\n<figure class=\"wp-block-image size-large\"><img decoding=\"async\" src=\"https:\/\/www.carboncoreindustry.com\/wp-content\/uploads\/2025\/05\/&#x4E2D;&#x56FD;-2-1024x550.png\" alt=\"\" class=\"wp-image-7658\"\/><\/figure>\n<\/div><\/div><\/div><\/div>\n\n\n\n<div class=\"wp-block-essential-blocks-column  root-eb-column-nf8lc\"><div class=\"eb-parent-wrapper eb-parent-eb-column-nf8lc \"><div class=\"eb-column-wrapper eb-column-nf8lc\"><div class=\"eb-column-inner\">\n<div class=\"wp-block-uagb-advanced-heading uagb-block-022e7a60\"><h2 class=\"uagb-heading-text\">Qu&rsquo;est-ce que l&#8217;empreinte carbone d&rsquo;un produit ?<\/h2><\/div>\n\n\n\n<div class=\"wp-block-essential-blocks-text root-eb-text-x9m14\"><div class=\"eb-parent-wrapper eb-parent-eb-text-x9m14 \"><div class=\"eb-text-wrapper eb-text-x9m14\" data-id=\"eb-text-x9m14\"><p class=\"eb-text\">L\u2019empreinte carbone d\u2019un produit (CFP) est la somme des \u00e9missions de gaz \u00e0 effet de serre d\u2019un produit tout au long de son cycle de vie. C\u2019est-\u00e0-dire \u00abdu berceau \u00e0 la porte\u00bb, les \u00e9missions de gaz \u00e0 effet de serre \u00e0 tous les stades, depuis l\u2019acquisition des mati\u00e8res premi\u00e8res, la production, la distribution et le transport des produits, l\u2019utilisation et l\u2019\u00e9limination\/r\u00e9utilisation.<br>Les normes internationales qui \u00e9valuent l\u2019empreinte carbone des produits incluent ISO 14067, PAS 2050, GHG Protocol, eu PEF, etc.<\/p><\/div><\/div><\/div>\n<\/div><\/div><\/div><\/div>\n<\/div><\/div><\/div><\/div><\/div>\n<\/div><\/div><\/div><\/div><\/div>\n\n<div class=\"wp-block-essential-blocks-wrapper alignfull  root-eb-wrapper-8wsshso\"><div class=\"eb-parent-wrapper eb-parent-eb-wrapper-8wsshso \"><div class=\"eb-wrapper-outer eb-wrapper-8wsshso\"><div class=\"eb-wrapper-inner\"><div class=\"eb-wrapper-inner-blocks eb-wrapper-align-center\">\n<div class=\"wp-block-essential-blocks-advanced-heading  root-eb-advance-heading-is6vgqx\"><div class=\"eb-parent-wrapper eb-parent-eb-advance-heading-is6vgqx eb_animation eb___animated eb___fadeInLeft\"><div class=\"eb-advance-heading-wrapper eb-advance-heading-is6vgqx button-1 undefined\" data-id=\"eb-advance-heading-is6vgqx\"><h2 class=\"eb-ah-title\"><span class=\"first-title\">\u00c0 quoi sert l&#8217;empreinte carbone des produits ? <\/span><\/h2><\/div><\/div><\/div>\n\n\n\n<div class=\"wp-block-essential-blocks-row alignfull  root-eb-row-91ebpa5\"><div class=\"eb-parent-wrapper eb-parent-eb-row-91ebpa5 \"><div class=\"eb-row-root-container eb-row-91ebpa5\" data-id=\"eb-row-91ebpa5\"><div class=\"eb-row-wrapper\"><div class=\"eb-row-inner\">\n<div class=\"wp-block-essential-blocks-column  root-eb-column-mzb745m\"><div class=\"eb-parent-wrapper eb-parent-eb-column-mzb745m \"><div class=\"eb-column-wrapper eb-column-mzb745m\"><div class=\"eb-column-inner\">\n<div class=\"wp-block-essential-blocks-feature-list root-eb-feature-list-0szhdlg\"><div class=\"eb-parent-wrapper eb-parent-eb-feature-list-0szhdlg eb_animation eb___animated eb___fadeInLeft\"><div class=\"eb-feature-list-0szhdlg eb-feature-list-wrapper eb-icon-position-left eb-tablet-icon-position-left eb-mobile-icon-position-left eb-feature-list-left\"><ul class=\"eb-feature-list-items none\"><li class=\"eb-feature-list-item\" data-new-tab=\"false\" data-icon-type=\"icon\" data-icon=\"fas fa-1\" data-icon-color=\"\" data-link=\"\" data-show-badge=\"false\"><div class=\"eb-feature-list-icon-box\"><div class=\"eb-feature-list-icon-inner \"><span class=\"eb-feature-list-icon\" style=\"color:\"><i icon=\"fas fa-1\" class=\"fas fa-1 \"><\/i><\/span><\/div><\/div><div class=\"eb-feature-list-content-box\"><div class=\"eb-feature-list-title-wrapper\"><h3 class=\"eb-feature-list-title\">Passeport de conformit\u00e9<\/h3><\/div><p class=\"eb-feature-list-content\">Faire face aux barri\u00e8res tarifaires carbone telles que le CBAM de l&rsquo;UE<\/p><\/div><\/li><li class=\"eb-feature-list-item\" data-new-tab=\"false\" data-icon-type=\"icon\" data-icon=\"fas fa-2\" data-icon-color=\"\" data-link=\"\" data-show-badge=\"false\"><div class=\"eb-feature-list-icon-box\"><div class=\"eb-feature-list-icon-inner \"><span class=\"eb-feature-list-icon\" style=\"color:\"><i icon=\"fas fa-2\" class=\"fas fa-2 \"><\/i><\/span><\/div><\/div><div class=\"eb-feature-list-content-box\"><div class=\"eb-feature-list-title-wrapper\"><h3 class=\"eb-feature-list-title\">Prime de march\u00e9<\/h3><\/div><p class=\"eb-feature-list-content\">Les produits avec \u00e9tiquette carbone peuvent atteindre une prime de prix allant jusqu&rsquo;\u00e0 60%.<\/p><\/div><\/li><li class=\"eb-feature-list-item\" data-new-tab=\"false\" data-icon-type=\"icon\" data-icon=\"fas fa-3\" data-icon-color=\"\" data-link=\"\" data-show-badge=\"false\"><div class=\"eb-feature-list-icon-box\"><div class=\"eb-feature-list-icon-inner \"><span class=\"eb-feature-list-icon\" style=\"color:\"><i icon=\"fas fa-3\" class=\"fas fa-3 \"><\/i><\/span><\/div><\/div><div class=\"eb-feature-list-content-box\"><div class=\"eb-feature-list-title-wrapper\"><h3 class=\"eb-feature-list-title\">Influence de la marque<\/h3><\/div><p class=\"eb-feature-list-content\">Entrer dans la liste des achats verts des grands centres commerciaux mondiaux<\/p><\/div><\/li><\/ul><\/div><\/div><\/div>\n<\/div><\/div><\/div><\/div>\n\n\n\n<div class=\"wp-block-essential-blocks-column  root-eb-column-9xr8krm\"><div class=\"eb-parent-wrapper eb-parent-eb-column-9xr8krm eb_animation eb___animated eb___fadeInRight\"><div class=\"eb-column-wrapper eb-column-9xr8krm\"><div class=\"eb-column-inner\">\n<div class=\"wp-block-essential-blocks-feature-list root-eb-feature-list-axci9\"><div class=\"eb-parent-wrapper eb-parent-eb-feature-list-axci9 eb_animation eb___animated eb___fadeInLeft\"><div class=\"eb-feature-list-axci9 eb-feature-list-wrapper eb-icon-position-left eb-tablet-icon-position-left eb-mobile-icon-position-left eb-feature-list-left\"><ul class=\"eb-feature-list-items none\"><li class=\"eb-feature-list-item\" data-new-tab=\"false\" data-icon-type=\"icon\" data-icon=\"fas fa-4\" data-icon-color=\"\" data-link=\"\" data-show-badge=\"false\"><div class=\"eb-feature-list-icon-box\"><div class=\"eb-feature-list-icon-inner \"><span class=\"eb-feature-list-icon\" style=\"color:\"><i icon=\"fas fa-4\" class=\"fas fa-4 \"><\/i><\/span><\/div><\/div><div class=\"eb-feature-list-content-box\"><div class=\"eb-feature-list-title-wrapper\"><h3 class=\"eb-feature-list-title\">Optimisation de la cha\u00eene d&rsquo;approvisionnement<\/h3><\/div><p class=\"eb-feature-list-content\">Identifier les maillons \u00e0 forte \u00e9mission de carbone pour r\u00e9duire les co\u00fbts et am\u00e9liorer l&rsquo;efficacit\u00e9 <\/p><\/div><\/li><li class=\"eb-feature-list-item\" data-new-tab=\"false\" data-icon-type=\"icon\" data-icon=\"fas fa-5\" data-icon-color=\"\" data-link=\"\" data-show-badge=\"false\"><div class=\"eb-feature-list-icon-box\"><div class=\"eb-feature-list-icon-inner \"><span class=\"eb-feature-list-icon\" style=\"color:\"><i icon=\"fas fa-5\" class=\"fas fa-5 \"><\/i><\/span><\/div><\/div><div class=\"eb-feature-list-content-box\"><div class=\"eb-feature-list-title-wrapper\"><h3 class=\"eb-feature-list-title\">Dividendes politiques<\/h3><\/div><p class=\"eb-feature-list-content\">Profiter des subventions locales pour la double carbone<\/p><\/div><\/li><li class=\"eb-feature-list-item\" data-new-tab=\"false\" data-icon-type=\"icon\" data-icon=\"fas fa-6\" data-icon-color=\"\" data-link=\"\" data-show-badge=\"false\"><div class=\"eb-feature-list-icon-box\"><div class=\"eb-feature-list-icon-inner \"><span class=\"eb-feature-list-icon\" style=\"color:\"><i icon=\"fas fa-6\" class=\"fas fa-6 \"><\/i><\/span><\/div><\/div><div class=\"eb-feature-list-content-box\"><div class=\"eb-feature-list-title-wrapper\"><h3 class=\"eb-feature-list-title\">Faciliter le financement<\/h3><\/div><p class=\"eb-feature-list-content\">Le taux de cr\u00e9dit vert est bas<\/p><\/div><\/li><\/ul><\/div><\/div><\/div>\n<\/div><\/div><\/div><\/div>\n\n\n\n<div class=\"wp-block-essential-blocks-column  root-eb-column-jyr98\"><div class=\"eb-parent-wrapper eb-parent-eb-column-jyr98 eb_animation eb___animated eb___fadeInRight\"><div class=\"eb-column-wrapper eb-column-jyr98\"><div class=\"eb-column-inner\">\n<figure class=\"wp-block-image size-large\"><img decoding=\"async\" src=\"https:\/\/www.carboncoreindustry.com\/wp-content\/uploads\/2025\/05\/&#x4E2D;&#x56FD;-1-1-1024x550.png\" alt=\"\" class=\"wp-image-7660\"\/><\/figure>\n<\/div><\/div><\/div><\/div>\n<\/div><\/div><\/div><\/div><\/div>\n\n\n\n<div class=\"wp-block-essential-blocks-button root-eb-button-nnz0zg3\"><div class=\"eb-parent-wrapper eb-parent-eb-button-nnz0zg3 \"><div class=\"eb-button-wrapper eb-button-alignment eb-button-nnz0zg3\"><div class=\"eb-button\"><div class=\"eb-button-inner-wrapper \"><a class=\"eb-button-anchor hvr-float \" href=\"https:\/\/cci.carboncoreindustry.com\/zero-carbon-products\" rel=\"noopener\">Empreinte carbone des produits SaaS<\/a><\/div><\/div><\/div><\/div><\/div>\n<\/div><\/div><\/div><\/div><\/div>\n\n<div class=\"wp-block-essential-blocks-wrapper alignfull  root-eb-wrapper-posgbac\"><div class=\"eb-parent-wrapper eb-parent-eb-wrapper-posgbac \"><div class=\"eb-wrapper-outer eb-wrapper-posgbac\"><div class=\"eb-wrapper-inner\"><div class=\"eb-wrapper-inner-blocks eb-wrapper-align-center\">\n<div class=\"wp-block-essential-blocks-advanced-heading  root-eb-advance-heading-ti1xj\"><div class=\"eb-parent-wrapper eb-parent-eb-advance-heading-ti1xj \"><div class=\"eb-advance-heading-wrapper eb-advance-heading-ti1xj button-1 undefined\" data-id=\"eb-advance-heading-ti1xj\"><h2 class=\"eb-ah-title\"><span class=\"first-title\">IA + empreinte carbone \u00e9tiquette carbone pour vous aider \u00e0 prendre de l&rsquo;avance dans la course durable <\/span><\/h2><\/div><\/div><\/div>\n\n\n\n<div class=\"wp-block-essential-blocks-row alignfull  root-eb-row-t6ksa\"><div class=\"eb-parent-wrapper eb-parent-eb-row-t6ksa \"><div class=\"eb-row-root-container eb-row-t6ksa\" data-id=\"eb-row-t6ksa\"><div class=\"eb-row-wrapper\"><div class=\"eb-row-inner\">\n<div class=\"wp-block-essential-blocks-column  root-eb-column-ob8l8\"><div class=\"eb-parent-wrapper eb-parent-eb-column-ob8l8 eb_animation eb___animated eb___fadeInLeft\"><div class=\"eb-column-wrapper eb-column-ob8l8\"><div class=\"eb-column-inner\">\n<figure class=\"wp-block-image size-large\"><img loading=\"lazy\" decoding=\"async\" width=\"683\" height=\"1024\" src=\"https:\/\/www.carboncoreindustry.com\/wp-content\/uploads\/2025\/05\/green-buildings-7451748-4-683x1024.jpg\" alt=\"\" class=\"wp-image-7652\" srcset=\"https:\/\/www.carboncoreindustry.com\/wp-content\/uploads\/2025\/05\/green-buildings-7451748-4-683x1024.jpg 683w, https:\/\/www.carboncoreindustry.com\/wp-content\/uploads\/2025\/05\/green-buildings-7451748-4-scaled-600x900.jpg 600w, https:\/\/www.carboncoreindustry.com\/wp-content\/uploads\/2025\/05\/green-buildings-7451748-4-200x300.jpg 200w, https:\/\/www.carboncoreindustry.com\/wp-content\/uploads\/2025\/05\/green-buildings-7451748-4-768x1152.jpg 768w, https:\/\/www.carboncoreindustry.com\/wp-content\/uploads\/2025\/05\/green-buildings-7451748-4-1024x1536.jpg 1024w, https:\/\/www.carboncoreindustry.com\/wp-content\/uploads\/2025\/05\/green-buildings-7451748-4-1365x2048.jpg 1365w, https:\/\/www.carboncoreindustry.com\/wp-content\/uploads\/2025\/05\/green-buildings-7451748-4-scaled.jpg 1707w\" sizes=\"auto, (max-width: 683px) 100vw, 683px\" \/><\/figure>\n<\/div><\/div><\/div><\/div>\n\n\n\n<div class=\"wp-block-essential-blocks-column  root-eb-column-b4l0v\"><div class=\"eb-parent-wrapper eb-parent-eb-column-b4l0v eb_animation eb___animated eb___fadeInRight\"><div class=\"eb-column-wrapper eb-column-b4l0v\"><div class=\"eb-column-inner\">\n<div class=\"wp-block-essential-blocks-advanced-heading  root-eb-advance-heading-qxe1x\"><div class=\"eb-parent-wrapper eb-parent-eb-advance-heading-qxe1x eb_animation eb___animated eb___fadeInRight\"><div class=\"eb-advance-heading-wrapper eb-advance-heading-qxe1x button-1 undefined\" data-id=\"eb-advance-heading-qxe1x\"><h2 class=\"eb-ah-title\"><span class=\"first-title\">L\u2019analyse acv du produit prend beaucoup de temps? Donn\u00e9es manquantes sur la cha\u00eene d\u2019approvisionnement?<br\/>Mise \u00e0 jour fr\u00e9quente des normes internationales difficile \u00e0 suivre?<\/span><\/h2><\/div><\/div><\/div>\n\n\n\n<div class=\"wp-block-essential-blocks-advanced-heading  root-eb-advance-heading-bfybf\"><div class=\"eb-parent-wrapper eb-parent-eb-advance-heading-bfybf eb_animation eb___animated eb___fadeInRight\"><div class=\"eb-advance-heading-wrapper eb-advance-heading-bfybf button-1 undefined\" data-id=\"eb-advance-heading-bfybf\"><h2 class=\"eb-ah-title\"><span class=\"first-title\">Nous vous proposons des services de produits z\u00e9ro carbone sur toute la cha\u00eene.<\/span><\/h2><\/div><\/div><\/div>\n\n\n\n<div class=\"wp-block-essential-blocks-feature-list root-eb-feature-list-p9w6n\"><div class=\"eb-parent-wrapper eb-parent-eb-feature-list-p9w6n eb_animation eb___animated eb___fadeInRight\"><div class=\"eb-feature-list-p9w6n eb-feature-list-wrapper eb-icon-position-left eb-tablet-icon-position-left eb-mobile-icon-position-left eb-feature-list-left\"><ul class=\"eb-feature-list-items none\"><li class=\"eb-feature-list-item\" data-new-tab=\"false\" data-icon-type=\"icon\" data-icon=\"fas fa-1\" data-icon-color=\"\" data-link=\"\" data-show-badge=\"false\"><div class=\"eb-feature-list-icon-box\"><div class=\"eb-feature-list-icon-inner \"><span class=\"eb-feature-list-icon\" style=\"color:\"><i icon=\"fas fa-1\" class=\"fas fa-1 \"><\/i><\/span><\/div><\/div><div class=\"eb-feature-list-content-box\"><div class=\"eb-feature-list-title-wrapper\"><h3 class=\"eb-feature-list-title\"> \u00c9valuation intelligente de l&#8217;empreinte carbone<\/h3><\/div><p class=\"eb-feature-list-content\">M\u00e9thodologie LCA reconnue internationalement + tra\u00e7abilit\u00e9 des donn\u00e9es par blockchain + comptabilit\u00e9 IA, rapport en 7 jours, transformation z\u00e9ro carbone en 20 jours<\/p><\/div><\/li><li class=\"eb-feature-list-item\" data-new-tab=\"false\" data-icon-type=\"icon\" data-icon=\"fas fa-2\" data-icon-color=\"\" data-link=\"\" data-show-badge=\"false\"><div class=\"eb-feature-list-icon-box\"><div class=\"eb-feature-list-icon-inner \"><span class=\"eb-feature-list-icon\" style=\"color:\"><i icon=\"fas fa-2\" class=\"fas fa-2 \"><\/i><\/span><\/div><\/div><div class=\"eb-feature-list-content-box\"><div class=\"eb-feature-list-title-wrapper\"><h3 class=\"eb-feature-list-title\">Certification d&rsquo;\u00e9tiquetage carbone mondial<\/h3><\/div><p class=\"eb-feature-list-content\">Recommandation automatique de la combinaison optimale de certifications bas\u00e9e sur les param\u00e8tres du produit et le march\u00e9, l&rsquo;IA aide \u00e0 obtenir rapidement les certifications.<\/p><\/div><\/li><li class=\"eb-feature-list-item\" data-new-tab=\"false\" data-icon-type=\"icon\" data-icon=\"fas fa-3\" data-icon-color=\"\" data-link=\"\" data-show-badge=\"false\"><div class=\"eb-feature-list-icon-box\"><div class=\"eb-feature-list-icon-inner \"><span class=\"eb-feature-list-icon\" style=\"color:\"><i icon=\"fas fa-3\" class=\"fas fa-3 \"><\/i><\/span><\/div><\/div><div class=\"eb-feature-list-content-box\"><div class=\"eb-feature-list-title-wrapper\"><h3 class=\"eb-feature-list-title\">Conformit\u00e9 \u00e0 l&rsquo;exportation en escorte<\/h3><\/div><p class=\"eb-feature-list-content\">Suivi en temps r\u00e9el des r\u00e9glementations mondiales sur le commerce vert, des mati\u00e8res premi\u00e8res aux proc\u00e9d\u00e9s, de l&#8217;emballage \u00e0 la logistique, offrant des solutions optimales de conformit\u00e9.<\/p><\/div><\/li><li class=\"eb-feature-list-item\" data-new-tab=\"false\" data-icon-type=\"icon\" data-icon=\"fas fa-4\" data-icon-color=\"\" data-link=\"\" data-show-badge=\"false\"><div class=\"eb-feature-list-icon-box\"><div class=\"eb-feature-list-icon-inner \"><span class=\"eb-feature-list-icon\" style=\"color:\"><i icon=\"fas fa-4\" class=\"fas fa-4 \"><\/i><\/span><\/div><\/div><div class=\"eb-feature-list-content-box\"><div class=\"eb-feature-list-title-wrapper\"><h3 class=\"eb-feature-list-title\">Valorisation des actifs carbone<\/h3><\/div><p class=\"eb-feature-list-content\">Prenez l&rsquo;autoroute du commerce \u00e9lectronique international \u00ab Supermarch\u00e9 Z\u00e9ro Carbone \u00bb exploit\u00e9 par CCI, et accomplissez en une seule \u00e9tape la production z\u00e9ro carbone jusqu&rsquo;\u00e0 la vente mondiale.<\/p><\/div><\/li><\/ul><\/div><\/div><\/div>\n\n\n\n<div class=\"wp-block-essential-blocks-button root-eb-button-rfafh77\"><div class=\"eb-parent-wrapper eb-parent-eb-button-rfafh77 \"><div class=\"eb-button-wrapper eb-button-alignment eb-button-rfafh77\"><div class=\"eb-button\"><div class=\"eb-button-inner-wrapper \"><a class=\"eb-button-anchor hvr-float \" href=\"https:\/\/cci.carboncoreindustry.com\/zero-carbon-products\" rel=\"noopener\">En savoir plus<\/a><\/div><\/div><\/div><\/div><\/div>\n<\/div><\/div><\/div><\/div>\n<\/div><\/div><\/div><\/div><\/div>\n<\/div><\/div><\/div><\/div><\/div>\n\n<div class=\"wp-block-essential-blocks-wrapper alignfull  root-eb-wrapper-euccxwy\"><div class=\"eb-parent-wrapper eb-parent-eb-wrapper-euccxwy \"><div class=\"eb-wrapper-outer eb-wrapper-euccxwy\"><div class=\"eb-wrapper-inner\"><div class=\"eb-wrapper-inner-blocks eb-wrapper-align-center\">\n<div class=\"wp-block-essential-blocks-wrapper  root-eb-wrapper-l6sdw2y\"><div class=\"eb-parent-wrapper eb-parent-eb-wrapper-l6sdw2y \"><div class=\"eb-wrapper-outer eb-wrapper-l6sdw2y\"><div class=\"eb-wrapper-inner\"><div class=\"eb-wrapper-inner-blocks eb-wrapper-align-center\">\n<div class=\"wp-block-essential-blocks-advanced-heading  root-eb-advance-heading-l9fbebj\"><div class=\"eb-parent-wrapper eb-parent-eb-advance-heading-l9fbebj eb_animation eb___animated eb___zoomIn\"><div class=\"eb-advance-heading-wrapper eb-advance-heading-l9fbebj button-1 undefined\" data-id=\"eb-advance-heading-l9fbebj\"><h2 class=\"eb-ah-title\"><span class=\"first-title\">Syst\u00e8me d&rsquo;action \u00ab\u00a0cent mille millions milliards\u00a0\u00bb<\/span><\/h2><p class=\"eb-ah-subtitle\">Rejoignez d\u00e8s maintenant la communaut\u00e9 mondiale des villes z\u00e9ro carbone<\/p><\/div><\/div><\/div>\n\n\n\n<div class=\"wp-block-essential-blocks-button root-eb-button-7jx1yet\"><div class=\"eb-parent-wrapper eb-parent-eb-button-7jx1yet \"><div class=\"eb-button-wrapper eb-button-alignment eb-button-7jx1yet\"><div class=\"eb-button\"><div class=\"eb-button-inner-wrapper \"><a class=\"eb-button-anchor hvr-float \" href=\"https:\/\/www.carboncoreindustry.com\/fr\/cci\/nouscontacter\/\" rel=\"noopener\">Contactez-nous<\/a><\/div><\/div><\/div><\/div><\/div>\n<\/div><\/div><\/div><\/div><\/div>\n<\/div><\/div><\/div><\/div><\/div>\n","protected":false},"excerpt":{"rendered":"","protected":false},"author":5,"featured_media":0,"parent":8101,"menu_order":2,"comment_status":"closed","ping_status":"closed","template":"","meta":{"_eb_attr":"","_uag_custom_page_level_css":"","footnotes":""},"class_list":["post-7988","page","type-page","status-publish","hentry"],"uagb_featured_image_src":{"full":false,"thumbnail":false,"medium":false,"medium_large":false,"large":false,"1536x1536":false,"2048x2048":false},"uagb_author_info":{"display_name":"Y S.T","author_link":"https:\/\/www.carboncoreindustry.com\/fr\/author\/yst\/"},"uagb_comment_info":0,"uagb_excerpt":null,"_links":{"self":[{"href":"https:\/\/www.carboncoreindustry.com\/fr\/wp-json\/wp\/v2\/pages\/7988","targetHints":{"allow":["GET"]}}],"collection":[{"href":"https:\/\/www.carboncoreindustry.com\/fr\/wp-json\/wp\/v2\/pages"}],"about":[{"href":"https:\/\/www.carboncoreindustry.com\/fr\/wp-json\/wp\/v2\/types\/page"}],"author":[{"embeddable":true,"href":"https:\/\/www.carboncoreindustry.com\/fr\/wp-json\/wp\/v2\/users\/5"}],"replies":[{"embeddable":true,"href":"https:\/\/www.carboncoreindustry.com\/fr\/wp-json\/wp\/v2\/comments?post=7988"}],"version-history":[{"count":2,"href":"https:\/\/www.carboncoreindustry.com\/fr\/wp-json\/wp\/v2\/pages\/7988\/revisions"}],"predecessor-version":[{"id":10729,"href":"https:\/\/www.carboncoreindustry.com\/fr\/wp-json\/wp\/v2\/pages\/7988\/revisions\/10729"}],"up":[{"embeddable":true,"href":"https:\/\/www.carboncoreindustry.com\/fr\/wp-json\/wp\/v2\/pages\/8101"}],"wp:attachment":[{"href":"https:\/\/www.carboncoreindustry.com\/fr\/wp-json\/wp\/v2\/media?parent=7988"}],"curies":[{"name":"wp","href":"https:\/\/api.w.org\/{rel}","templated":true}]}}