{"id":7982,"date":"2025-05-07T07:48:39","date_gmt":"2025-05-07T07:48:39","guid":{"rendered":"https:\/\/www.carboncoreindustry.com\/parc-industriel\/"},"modified":"2025-11-23T02:42:03","modified_gmt":"2025-11-23T02:42:03","slug":"parc-industriel","status":"publish","type":"page","link":"https:\/\/www.carboncoreindustry.com\/fr\/cci\/parc-industriel\/","title":{"rendered":"parc industriel"},"content":{"rendered":"\n<div class=\"wp-block-essential-blocks-wrapper alignfull  root-eb-wrapper-vzksq\"><div class=\"eb-parent-wrapper eb-parent-eb-wrapper-vzksq \"><div class=\"eb-wrapper-outer eb-wrapper-vzksq\"><div class=\"eb-wrapper-inner\"><div class=\"eb-wrapper-inner-blocks eb-wrapper-align-center\">\n<div class=\"wp-block-essential-blocks-text root-eb-text-u9e3o\"><div class=\"eb-parent-wrapper eb-parent-eb-text-u9e3o \"><div class=\"eb-text-wrapper eb-text-u9e3o\" data-id=\"eb-text-u9e3o\"><h1 class=\"eb-text\">CCI+AI<\/h1><\/div><\/div><\/div>\n\n\n\n<div class=\"wp-block-essential-blocks-text root-eb-text-ehb1k\"><div class=\"eb-parent-wrapper eb-parent-eb-text-ehb1k \"><div class=\"eb-text-wrapper eb-text-ehb1k\" data-id=\"eb-text-ehb1k\"><h1 class=\"eb-text\">Une plateforme unique pour zero carbon park<\/h1><\/div><\/div><\/div>\n\n\n\n<div class=\"wp-block-essential-blocks-text root-eb-text-tjhn3\"><div class=\"eb-parent-wrapper eb-parent-eb-text-tjhn3 \"><div class=\"eb-text-wrapper eb-text-tjhn3\" data-id=\"eb-text-tjhn3\"><h1 class=\"eb-text\">Cr\u00e9er une boucle ferm\u00e9e de conformit\u00e9 ESG d\u2019entreprise et de gestion durable<\/h1><\/div><\/div><\/div>\n\n\n\n<div class=\"wp-block-essential-blocks-button root-eb-button-lkqew\"><div class=\"eb-parent-wrapper eb-parent-eb-button-lkqew \"><div class=\"eb-button-wrapper eb-button-alignment eb-button-lkqew\"><div class=\"eb-button\"><div class=\"eb-button-inner-wrapper \"><a class=\"eb-button-anchor \" href=\"https:\/\/cci.carboncoreindustry.com\/zero-carbon-park\" rel=\"noopener\">Vivez l\u2019exp\u00e9rience imm\u00e9diatement<\/a><\/div><\/div><\/div><\/div><\/div>\n<\/div><\/div><\/div><\/div><\/div>\n\n<div class=\"wp-block-essential-blocks-wrapper alignfull  root-eb-wrapper-0js7y\"><div class=\"eb-parent-wrapper eb-parent-eb-wrapper-0js7y \"><div class=\"eb-wrapper-outer eb-wrapper-0js7y\"><div class=\"eb-wrapper-inner\"><div class=\"eb-wrapper-inner-blocks eb-wrapper-align-center\">\n<div class=\"wp-block-uagb-advanced-heading uagb-block-022e7a60\"><h2 class=\"uagb-heading-text\">\u4e2d\u56fd\u96f6\u78b3\u56ed\u533a\u5efa\u8bbe\u5df2\u5168\u9762\u63d0\u901f<\/h2><\/div>\n\n\n\n<div class=\"wp-block-essential-blocks-feature-list root-eb-feature-list-h2wl1\"><div class=\"eb-parent-wrapper eb-parent-eb-feature-list-h2wl1 \"><div class=\"eb-feature-list-h2wl1 eb-feature-list-wrapper eb-icon-position-left eb-tablet-icon-position-left eb-mobile-icon-position-left eb-feature-list-left\"><ul class=\"eb-feature-list-items none\"><li class=\"eb-feature-list-item\" data-new-tab=\"false\" data-icon-type=\"icon\" data-icon=\"far fa-circle-dot\" data-link=\"\" data-show-badge=\"false\"><div class=\"eb-feature-list-icon-box\"><div class=\"eb-feature-list-icon-inner \"><span class=\"eb-feature-list-icon\"><i icon=\"far fa-circle-dot\" class=\"far fa-circle-dot \"><\/i><\/span><\/div><\/div><div class=\"eb-feature-list-content-box\"><div class=\"eb-feature-list-title-wrapper\"><h5 class=\"eb-feature-list-title\">2024\u5e7412\u6708<\/h5><\/div><p class=\"eb-feature-list-content\">\u4e2d\u592e\u7ecf\u6d4e\u5de5\u4f5c\u4f1a\u8bae\u9996\u6b21\u63d0\u51fa\u201c\u5efa\u7acb\u4e00\u6279\u96f6\u78b3\u56ed\u533a\u201d<\/p><\/div><\/li><li class=\"eb-feature-list-item\" data-new-tab=\"false\" data-icon-type=\"icon\" data-icon=\"far fa-circle-dot\" data-icon-color=\"\" data-link=\"\" data-show-badge=\"false\"><div class=\"eb-feature-list-icon-box\"><div class=\"eb-feature-list-icon-inner \"><span class=\"eb-feature-list-icon\" style=\"color:\"><i icon=\"far fa-circle-dot\" class=\"far fa-circle-dot \"><\/i><\/span><\/div><\/div><div class=\"eb-feature-list-content-box\"><div class=\"eb-feature-list-title-wrapper\"><h5 class=\"eb-feature-list-title\">2025\u5e743\u6708<\/h5><\/div><p class=\"eb-feature-list-content\">\u5168\u56fd\u4e24\u4f1a\u518d\u6b21\u5f3a\u8c03\u201c\u5168\u56fd\u5efa\u8bbe\u4e00\u6279\u96f6\u78b3\u56ed\u533a\u201d<\/p><\/div><\/li><li class=\"eb-feature-list-item\" data-new-tab=\"false\" data-icon-type=\"icon\" data-icon=\"far fa-circle-dot\" data-icon-color=\"\" data-link=\"\" data-show-badge=\"false\"><div class=\"eb-feature-list-icon-box\"><div class=\"eb-feature-list-icon-inner \"><span class=\"eb-feature-list-icon\" style=\"color:\"><i icon=\"far fa-circle-dot\" class=\"far fa-circle-dot \"><\/i><\/span><\/div><\/div><div class=\"eb-feature-list-content-box\"><div class=\"eb-feature-list-title-wrapper\"><h5 class=\"eb-feature-list-title\">2025\u5e747\u6708<\/h5><\/div><p class=\"eb-feature-list-content\">\u56fd\u5bb6\u53d1\u5c55\u6539\u9769\u59d4\u3001\u5de5\u4e1a\u548c\u4fe1\u606f\u5316\u90e8\u3001\u56fd\u5bb6\u80fd\u6e90\u5c40\u8054\u5408\u5370\u53d1\u300a\u5173\u4e8e\u5f00\u5c55\u96f6\u78b3\u56ed\u533a\u5efa\u8bbe\u7684\u901a\u77e5\u300b<\/p><\/div><\/li><li class=\"eb-feature-list-item\" data-new-tab=\"false\" data-icon-type=\"icon\" data-icon=\"far fa-circle-dot\" data-icon-color=\"\" data-link=\"\" data-show-badge=\"false\"><div class=\"eb-feature-list-icon-box\"><div class=\"eb-feature-list-icon-inner \"><span class=\"eb-feature-list-icon\" style=\"color:\"><i icon=\"far fa-circle-dot\" class=\"far fa-circle-dot \"><\/i><\/span><\/div><\/div><div class=\"eb-feature-list-content-box\"><div class=\"eb-feature-list-title-wrapper\"><h5 class=\"eb-feature-list-title\">\u2026\u2026<\/h5><\/div><p class=\"eb-feature-list-content\">\u96f6\u78b3\u56ed\u533a\u5df2\u6210\u4e3a\u4e2d\u56fd\u5b9e\u73b0\u7ecf\u6d4e\u793e\u4f1a\u5168\u9762\u7eff\u8272\u8f6c\u578b\u3001\u6784\u5efa\u73b0\u4ee3\u5316\u4ea7\u4e1a\u4f53\u7cfb\u548c\u5e94\u5bf9\u5168\u7403\u6c14\u5019\u53d8\u5316\u6311\u6218\u7684\u6838\u5fc3\u6293\u624b<\/p><\/div><\/li><\/ul><\/div><\/div><\/div>\n\n\n\n<div class=\"wp-block-essential-blocks-text root-eb-text-q7jmw\"><div class=\"eb-parent-wrapper eb-parent-eb-text-q7jmw \"><div class=\"eb-text-wrapper eb-text-q7jmw\" data-id=\"eb-text-q7jmw\"><p class=\"eb-text\"><a href=\"https:\/\/www.carboncoreindustry.com\/fr\/zero_industrial_park_policy\/\" data-type=\"page\" data-id=\"8979\">\u67e5\u770b\u6211\u4eec\u7684\u6280\u672f\u6765\u6e90<\/a><\/p><\/div><\/div><\/div>\n<\/div><\/div><\/div><\/div><\/div>\n\n<div class=\"wp-block-essential-blocks-wrapper alignfull  root-eb-wrapper-2t8b9\"><div class=\"eb-parent-wrapper eb-parent-eb-wrapper-2t8b9 \"><div class=\"eb-wrapper-outer eb-wrapper-2t8b9\"><div class=\"eb-wrapper-inner\"><div class=\"eb-wrapper-inner-blocks eb-wrapper-align-center\">\n<div class=\"wp-block-essential-blocks-row alignfull  root-eb-row-eegkc\"><div class=\"eb-parent-wrapper eb-parent-eb-row-eegkc \"><div class=\"eb-row-root-container eb-row-eegkc\" data-id=\"eb-row-eegkc\"><div class=\"eb-row-wrapper\"><div class=\"eb-row-inner\">\n<div class=\"wp-block-essential-blocks-column  root-eb-column-8n0p9\"><div class=\"eb-parent-wrapper eb-parent-eb-column-8n0p9 eb_animation eb___animated eb___fadeInLeft\"><div class=\"eb-column-wrapper eb-column-8n0p9\"><div class=\"eb-column-inner\">\n<div class=\"wp-block-uagb-advanced-heading uagb-block-3bfc9817\"><h2 class=\"uagb-heading-text\">\u5404\u5730\u65b9\u653f\u5e9c\u53d1\u6587\uff0c\u652f\u6301\u96f6\u78b3\u56ed\u533a\u5efa\u8bbe<\/h2><\/div>\n\n\n\n<div class=\"wp-block-essential-blocks-feature-list root-eb-feature-list-vddoq\"><div class=\"eb-parent-wrapper eb-parent-eb-feature-list-vddoq \"><div class=\"eb-feature-list-vddoq eb-feature-list-wrapper eb-icon-position-left eb-tablet-icon-position-left eb-mobile-icon-position-left eb-feature-list-left\"><ul class=\"eb-feature-list-items none\"><li class=\"eb-feature-list-item\" data-new-tab=\"false\" data-icon-type=\"icon\" data-icon=\"far fa-calendar-check\" data-link=\"\" data-show-badge=\"false\"><div class=\"eb-feature-list-icon-box\"><div class=\"eb-feature-list-icon-inner \"><span class=\"eb-feature-list-icon\"><i icon=\"far fa-calendar-check\" class=\"far fa-calendar-check \"><\/i><\/span><\/div><\/div><div class=\"eb-feature-list-content-box\"><div class=\"eb-feature-list-title-wrapper\"><h5 class=\"eb-feature-list-title\">\u6c5f\u82cf\u7701<\/h5><\/div><p class=\"eb-feature-list-content\">\u6c5f\u82cf\u7701\u53d1\u5c55\u6539\u9769\u59d4\u7275\u5934\u8d77\u8349\u4e86\u5730\u65b9\u6807\u51c6DB32\/T 5156-2025\u300a\u96f6\u78b3\u56ed\u533a\u5efa\u8bbe\u6307\u5357\u300b\u3002<\/p><\/div><\/li><li class=\"eb-feature-list-item\" data-new-tab=\"false\" data-icon-type=\"icon\" data-icon=\"far fa-calendar-check\" data-icon-color=\"\" data-link=\"\" data-show-badge=\"false\"><div class=\"eb-feature-list-icon-box\"><div class=\"eb-feature-list-icon-inner \"><span class=\"eb-feature-list-icon\" style=\"color:\"><i icon=\"far fa-calendar-check\" class=\"far fa-calendar-check \"><\/i><\/span><\/div><\/div><div class=\"eb-feature-list-content-box\"><div class=\"eb-feature-list-title-wrapper\"><h5 class=\"eb-feature-list-title\">\u6d59\u6c5f\u7701<\/h5><\/div><p class=\"eb-feature-list-content\">\u6d59\u6c5f\u7701\u7ecf\u6d4e\u548c\u4fe1\u606f\u5316\u5385\u3001\u6d59\u6c5f\u7701\u53d1\u5c55\u548c\u6539\u9769\u59d4\u5458\u4f1a\u3001\u6d59\u6c5f\u7701\u79d1\u5b66\u6280\u672f\u5385\u7b49\u5236\u5b9a\u4e86 \u300a\u6d59\u6c5f\u7701\u7eff\u8272\u4f4e\u78b3\u5de5\u4e1a\u56ed\u533a\u5efa\u8bbe\u8bc4\u4ef7\u5bfc\u5219\uff082024\u7248\uff09\u300b\uff0c\u5e76\u63d0\u51fa\u52302025\u5e74\uff0c\u5efa\u621050\u4e2a\u7701\u7ea7\u7eff\u8272\u4f4e\u78b3\u5de5\u4e1a\u56ed\u533a\u3002<\/p><\/div><\/li><li class=\"eb-feature-list-item\" data-new-tab=\"false\" data-icon-type=\"icon\" data-icon=\"far fa-calendar-check\" data-icon-color=\"\" data-link=\"\" data-show-badge=\"false\"><div class=\"eb-feature-list-icon-box\"><div class=\"eb-feature-list-icon-inner \"><span class=\"eb-feature-list-icon\" style=\"color:\"><i icon=\"far fa-calendar-check\" class=\"far fa-calendar-check \"><\/i><\/span><\/div><\/div><div class=\"eb-feature-list-content-box\"><div class=\"eb-feature-list-title-wrapper\"><h5 class=\"eb-feature-list-title\">\u5b89\u5fbd\u7701<\/h5><\/div><p class=\"eb-feature-list-content\">\u5b89\u5fbd\u7701\u53d1\u5c55\u6539\u9769\u59d4\u3001\u5b89\u5fbd\u7701\u80fd\u6e90\u5c40\u7b49\u53d1\u5e03\u4e86\u300a\u5b89\u5fbd\u7701\u96f6\u78b3\u4ea7\u4e1a\u56ed\u533a\u5efa\u8bbe\u65b9\u6848\uff08\u8bd5\u884c\uff09\u300b\uff0c\u63d0\u51fa\u52302027\u5e74\u6253\u90205\u4e2a\u4ee5\u4e0a\u96f6\u78b3\u4ea7\u4e1a\u793a\u8303\u56ed\u533a\uff0c\u52302030\u5e74\u7d2f\u8ba1\u5efa\u621020\u4e2a\u4ee5\u4e0a\u96f6\u78b3\u4ea7\u4e1a\u56ed\u533a\u3002<\/p><\/div><\/li><li class=\"eb-feature-list-item\" data-new-tab=\"false\" data-icon-type=\"icon\" data-icon=\"far fa-calendar-check\" data-icon-color=\"\" data-link=\"\" data-show-badge=\"false\"><div class=\"eb-feature-list-icon-box\"><div class=\"eb-feature-list-icon-inner \"><span class=\"eb-feature-list-icon\" style=\"color:\"><i icon=\"far fa-calendar-check\" class=\"far fa-calendar-check \"><\/i><\/span><\/div><\/div><div class=\"eb-feature-list-content-box\"><div class=\"eb-feature-list-title-wrapper\"><h5 class=\"eb-feature-list-title\">\u4e91\u5357\u7701<\/h5><\/div><p class=\"eb-feature-list-content\">\u4e91\u5357\u7701\u53d1\u5c55\u548c\u6539\u9769\u59d4\u5458\u4f1a\u3001\u4e91\u5357\u7701\u5de5\u4e1a\u548c\u4fe1\u606f\u5316\u5385\u5236\u5b9a\u4e86\u300a\u4e91\u5357\u7701\u63a8\u52a8\u96f6\u78b3\u56ed\u533a\u5efa\u8bbe\u5de5\u4f5c\u65b9\u6848\u300b\u53ca\u8bc4\u4ef7\u6307\u6807\u4f53\u7cfb\uff0c\u5e76\u63d0\u51fa\u52302025\u5e74\u7ec4\u7ec7\u521b\u5efa15\u4e2a\u96f6\u78b3\u56ed\u533a\u3002<\/p><\/div><\/li><li class=\"eb-feature-list-item\" data-new-tab=\"false\" data-icon-type=\"icon\" data-icon=\"far fa-calendar-check\" data-icon-color=\"\" data-link=\"\" data-show-badge=\"false\"><div class=\"eb-feature-list-icon-box\"><div class=\"eb-feature-list-icon-inner \"><span class=\"eb-feature-list-icon\" style=\"color:\"><i icon=\"far fa-calendar-check\" class=\"far fa-calendar-check \"><\/i><\/span><\/div><\/div><div class=\"eb-feature-list-content-box\"><div class=\"eb-feature-list-title-wrapper\"><h5 class=\"eb-feature-list-title\">\u5c71\u4e1c\u7701<\/h5><\/div><p class=\"eb-feature-list-content\">\u5c71\u4e1c\u7701\u53d1\u5c55\u548c\u6539\u9769\u59d4\u5458\u4f1a\u3001\u5c71\u4e1c\u7701\u5de5\u4e1a\u548c\u4fe1\u606f\u5316\u5385\u3001\u5c71\u4e1c\u7701\u80fd\u6e90\u5c40\u8054\u5408\u5370\u53d1\u300a\u5c71\u4e1c\u7701\u96f6\u78b3\u56ed\u533a\u5efa\u8bbe\u65b9\u6848\u300b\u3002<\/p><\/div><\/li><\/ul><\/div><\/div><\/div>\n<\/div><\/div><\/div><\/div>\n\n\n\n<div class=\"wp-block-essential-blocks-column  root-eb-column-5cbvh\"><div class=\"eb-parent-wrapper eb-parent-eb-column-5cbvh eb_animation eb___animated eb___fadeInRight\"><div class=\"eb-column-wrapper eb-column-5cbvh\"><div class=\"eb-column-inner\">\n<figure class=\"wp-block-image size-large is-resized\"><img loading=\"lazy\" decoding=\"async\" width=\"480\" height=\"1024\" src=\"https:\/\/www.carboncoreindustry.com\/wp-content\/uploads\/2025\/09\/f14d5d33-0c41-4133-b529-05c4db4ce3cc-3-480x1024.jpg\" alt=\"\" class=\"wp-image-8948\" style=\"width:252px;height:auto\" srcset=\"https:\/\/www.carboncoreindustry.com\/wp-content\/uploads\/2025\/09\/f14d5d33-0c41-4133-b529-05c4db4ce3cc-3-480x1024.jpg 480w, https:\/\/www.carboncoreindustry.com\/wp-content\/uploads\/2025\/09\/f14d5d33-0c41-4133-b529-05c4db4ce3cc-3-141x300.jpg 141w, https:\/\/www.carboncoreindustry.com\/wp-content\/uploads\/2025\/09\/f14d5d33-0c41-4133-b529-05c4db4ce3cc-3-768x1638.jpg 768w, https:\/\/www.carboncoreindustry.com\/wp-content\/uploads\/2025\/09\/f14d5d33-0c41-4133-b529-05c4db4ce3cc-3-720x1536.jpg 720w, https:\/\/www.carboncoreindustry.com\/wp-content\/uploads\/2025\/09\/f14d5d33-0c41-4133-b529-05c4db4ce3cc-3-960x2048.jpg 960w, https:\/\/www.carboncoreindustry.com\/wp-content\/uploads\/2025\/09\/f14d5d33-0c41-4133-b529-05c4db4ce3cc-3-600x1280.jpg 600w, https:\/\/www.carboncoreindustry.com\/wp-content\/uploads\/2025\/09\/f14d5d33-0c41-4133-b529-05c4db4ce3cc-3-scaled.jpg 1200w\" sizes=\"auto, (max-width: 480px) 100vw, 480px\" \/><\/figure>\n<\/div><\/div><\/div><\/div>\n<\/div><\/div><\/div><\/div><\/div>\n<\/div><\/div><\/div><\/div><\/div>\n\n<div class=\"wp-block-essential-blocks-wrapper alignfull  root-eb-wrapper-posgbac\"><div class=\"eb-parent-wrapper eb-parent-eb-wrapper-posgbac \"><div class=\"eb-wrapper-outer eb-wrapper-posgbac\"><div class=\"eb-wrapper-inner\"><div class=\"eb-wrapper-inner-blocks eb-wrapper-align-center\">\n<div class=\"wp-block-essential-blocks-advanced-heading  root-eb-advance-heading-dm9glh2\"><div class=\"eb-parent-wrapper eb-parent-eb-advance-heading-dm9glh2 eb_animation eb___animated eb___fadeInRight\"><div class=\"eb-advance-heading-wrapper eb-advance-heading-dm9glh2 button-1 undefined\" data-id=\"eb-advance-heading-dm9glh2\"><h2 class=\"eb-ah-title\"><span class=\"first-title\">Nous proposons des solutions compl\u00e8tes pour le cycle de vie des parcs z\u00e9ro carbone.<\/span><\/h2><p class=\"eb-ah-subtitle\">De la planification et conception \u00e0 la construction et \u00e0 la gestion op\u00e9rationnelle, nous vous aidons \u00e0 franchir la porte du z\u00e9ro carbone \u00e0 n&rsquo;importe quelle \u00e9tape.<\/p><\/div><\/div><\/div>\n\n\n\n<div data-aos= \"fade-left\" data-aos-duration=\"1000\" data-aos-delay=\"0\" data-aos-easing=\"ease\" data-aos-once=\"true\" class=\"wp-block-uagb-image aligncenter uagb-block-053a7c21 wp-block-uagb-image--layout-default wp-block-uagb-image--effect-static wp-block-uagb-image--align-center\"><figure class=\"wp-block-uagb-image__figure\"><img decoding=\"async\" srcset=\"https:\/\/www.carboncoreindustry.com\/wp-content\/uploads\/2025\/05\/\u6f14\u793a\u6587\u7a3f1.pptx-3.svg ,https:\/\/www.carboncoreindustry.com\/wp-content\/uploads\/2025\/05\/\u6f14\u793a\u6587\u7a3f1.pptx-3.svg 780w, https:\/\/www.carboncoreindustry.com\/wp-content\/uploads\/2025\/05\/\u6f14\u793a\u6587\u7a3f1.pptx-3.svg 360w\" sizes=\"auto, (max-width: 480px) 150px\" src=\"https:\/\/www.carboncoreindustry.com\/wp-content\/uploads\/2025\/05\/%E6%BC%94%E7%A4%BA%E6%96%87%E7%A8%BF1.pptx-3.svg\" alt=\"\" class=\"uag-image-7575\" width=\"1024\" height=\"320\" title=\"Pr\u00e9sentation1.pptx\" loading=\"lazy\" role=\"img\"><\/figure><\/div>\n\n\n\n<div class=\"wp-block-group is-content-justification-center is-nowrap is-layout-flex wp-container-core-group-is-layout-23441af8 wp-block-group-is-layout-flex\">\n<div class=\"wp-block-essential-blocks-button root-eb-button-tiuyd\"><div class=\"eb-parent-wrapper eb-parent-eb-button-tiuyd eb_animation eb___animated eb___slideInLeft\"><div class=\"eb-button-wrapper eb-button-alignment eb-button-tiuyd\"><div class=\"eb-button\"><div class=\"eb-button-inner-wrapper \"><a class=\"eb-button-anchor hvr-float \" href=\"https:\/\/www.carboncoreindustry.com\/fr\/cci\/nouscontacter\/\" rel=\"noopener\">Activer les services personnalis\u00e9s pour les parcs z\u00e9ro carbone<\/a><\/div><\/div><\/div><\/div><\/div>\n\n\n\n<div class=\"wp-block-essential-blocks-button root-eb-button-q66u6\"><div class=\"eb-parent-wrapper eb-parent-eb-button-q66u6 eb_animation eb___animated eb___slideInLeft\"><div class=\"eb-button-wrapper eb-button-alignment eb-button-q66u6\"><div class=\"eb-button\"><div class=\"eb-button-inner-wrapper \"><a class=\"eb-button-anchor hvr-float \" href=\"https:\/\/www.carboncoreindustry.com\/fr\/zero_industrial_park_policy\/\" rel=\"noopener\">\u96f6\u78b3\u56ed\u533a\u653f\u7b56\u63a8\u8350\u6280\u672f\u96c6<\/a><\/div><\/div><\/div><\/div><\/div>\n<\/div>\n<\/div><\/div><\/div><\/div><\/div>\n\n<div class=\"wp-block-essential-blocks-wrapper alignfull  root-eb-wrapper-blavi\"><div class=\"eb-parent-wrapper eb-parent-eb-wrapper-blavi \"><div class=\"eb-wrapper-outer eb-wrapper-blavi\"><div class=\"eb-wrapper-inner\"><div class=\"eb-wrapper-inner-blocks eb-wrapper-align-center\">\n<div class=\"wp-block-essential-blocks-row alignfull  root-eb-row-ul2ka\"><div class=\"eb-parent-wrapper eb-parent-eb-row-ul2ka \"><div class=\"eb-row-root-container eb-row-ul2ka\" data-id=\"eb-row-ul2ka\"><div class=\"eb-row-wrapper\"><div class=\"eb-row-inner\">\n<div class=\"wp-block-essential-blocks-column  root-eb-column-snv55\"><div class=\"eb-parent-wrapper eb-parent-eb-column-snv55 eb_animation eb___animated eb___fadeInLeft\"><div class=\"eb-column-wrapper eb-column-snv55\"><div class=\"eb-column-inner\">\n<div class=\"wp-block-essential-blocks-advanced-heading  root-eb-advance-heading-64rhq\"><div class=\"eb-parent-wrapper eb-parent-eb-advance-heading-64rhq eb_animation eb___animated eb___fadeInLeft\"><div class=\"eb-advance-heading-wrapper eb-advance-heading-64rhq button-1 undefined\" data-id=\"eb-advance-heading-64rhq\"><h2 class=\"eb-ah-title\"><span class=\"first-title\">Exemple de d\u00e9monstration <\/span><\/h2><p class=\"eb-ah-subtitle\">Premi\u00e8re ville industrielle et financi\u00e8re quasi z\u00e9ro carbone de Chine<\/p><\/div><\/div><\/div>\n\n\n\n<div class=\"wp-block-essential-blocks-text root-eb-text-3c6qu\"><div class=\"eb-parent-wrapper eb-parent-eb-text-3c6qu \"><div class=\"eb-text-wrapper eb-text-3c6qu\" data-id=\"eb-text-3c6qu\"><p class=\"eb-text\">Ce projet est situ\u00e9 dans la zone centrale du district de Bao&rsquo;an \u00e0 Shenzhen, couvrant une superficie d&rsquo;environ 1 million de m\u00e8tres carr\u00e9s. Il se concentre sur deux entit\u00e9s urbaines principales : la communaut\u00e9 et la zone industrielle, constituant la premi\u00e8re ville industrielle et financi\u00e8re quasi z\u00e9ro carbone en Chine, offrant une approche globale &#8211; cycle complet &#8211; cha\u00eene int\u00e9grale.<\/p><\/div><\/div><\/div>\n\n\n\n<div class=\"wp-block-essential-blocks-feature-list root-eb-feature-list-qd6mj\"><div class=\"eb-parent-wrapper eb-parent-eb-feature-list-qd6mj \"><div class=\"eb-feature-list-qd6mj eb-feature-list-wrapper eb-icon-position-left eb-tablet-icon-position-left eb-mobile-icon-position-left eb-feature-list-left\"><ul class=\"eb-feature-list-items none\"><li class=\"eb-feature-list-item\" data-new-tab=\"false\" data-icon-type=\"icon\" data-icon=\"far fa-hand-point-up\" data-icon-color=\"\" data-link=\"\" data-show-badge=\"false\"><div class=\"eb-feature-list-icon-box\"><div class=\"eb-feature-list-icon-inner \"><span class=\"eb-feature-list-icon\" style=\"color:\"><i icon=\"far fa-hand-point-up\" class=\"far fa-hand-point-up \"><\/i><\/span><\/div><\/div><div class=\"eb-feature-list-content-box\"><div class=\"eb-feature-list-title-wrapper\"><h3 class=\"eb-feature-list-title\">P\u00e9riode de r\u00e9cup\u00e9ration statique de 5 \u00e0 8 ans<\/h3><\/div><p class=\"eb-feature-list-content\">Ensemble technologique modulaire pour produits personnalis\u00e9s, gr\u00e2ce \u00e0 la gestion \u00e9nerg\u00e9tique, aux technologies de mat\u00e9riaux verts, \u00e0 la valorisation des d\u00e9chets, \u00e0 la gestion des ressources, \u00e0 la r\u00e9gulation environnementale et \u00e0 la gestion op\u00e9rationnelle, permettant de g\u00e9n\u00e9rer des b\u00e9n\u00e9fices \u00e9conomiques en 5-8 ans.<\/p><\/div><\/li><li class=\"eb-feature-list-item\" data-new-tab=\"false\" data-icon-type=\"icon\" data-icon=\"far fa-thumbs-up\" data-icon-color=\"\" data-link=\"\" data-show-badge=\"false\"><div class=\"eb-feature-list-icon-box\"><div class=\"eb-feature-list-icon-inner \"><span class=\"eb-feature-list-icon\" style=\"color:\"><i icon=\"far fa-thumbs-up\" class=\"far fa-thumbs-up \"><\/i><\/span><\/div><\/div><div class=\"eb-feature-list-content-box\"><div class=\"eb-feature-list-title-wrapper\"><h3 class=\"eb-feature-list-title\">Repr\u00e9sentant typique de l&rsquo;industrie<\/h3><\/div><p class=\"eb-feature-list-content\">En tant que mod\u00e8le national, il a \u00e9t\u00e9 rapport\u00e9 \u00e0 plusieurs reprises par des m\u00e9dias faisant autorit\u00e9 en Chine et \u00e0 l&rsquo;\u00e9tranger, et est une zone mod\u00e8le pour les \u00ab\u00a0Deux Sessions\u00a0\u00bb et la province du Guangdong.<\/p><\/div><\/li><\/ul><\/div><\/div><\/div>\n\n\n\n<div class=\"wp-block-essential-blocks-button root-eb-button-15fxd\"><div class=\"eb-parent-wrapper eb-parent-eb-button-15fxd \"><div class=\"eb-button-wrapper eb-button-alignment eb-button-15fxd\"><div class=\"eb-button\"><div class=\"eb-button-inner-wrapper \"><a class=\"eb-button-anchor hvr-float \" href=\"https:\/\/mp.weixin.qq.com\/s\/6-lQkM5ebMt8iqwtYL8piw\" rel=\"noopener\">En savoir plus<\/a><\/div><\/div><\/div><\/div><\/div>\n<\/div><\/div><\/div><\/div>\n\n\n\n<div class=\"wp-block-essential-blocks-column  root-eb-column-402uk\"><div class=\"eb-parent-wrapper eb-parent-eb-column-402uk eb_animation eb___animated eb___fadeInRight\"><div class=\"eb-column-wrapper eb-column-402uk\"><div class=\"eb-column-inner\">\n<div class=\"wp-block-uagb-image uagb-block-9bbf74e1 wp-block-uagb-image--layout-default wp-block-uagb-image--effect-static wp-block-uagb-image--align-none\"><figure class=\"wp-block-uagb-image__figure\"><img decoding=\"async\" srcset=\"https:\/\/www.carboncoreindustry.com\/wp-content\/uploads\/2025\/05\/6b853571-4f0c-43f4-b483-21d0949a115c-1024x1024.jpg ,https:\/\/www.carboncoreindustry.com\/wp-content\/uploads\/2025\/05\/6b853571-4f0c-43f4-b483-21d0949a115c-scaled.jpg 780w, https:\/\/www.carboncoreindustry.com\/wp-content\/uploads\/2025\/05\/6b853571-4f0c-43f4-b483-21d0949a115c-scaled.jpg 360w\" sizes=\"auto, (max-width: 480px) 150px\" src=\"https:\/\/www.carboncoreindustry.com\/wp-content\/uploads\/2025\/05\/6b853571-4f0c-43f4-b483-21d0949a115c-1024x1024.jpg\" alt=\"\" class=\"uag-image-7578\" width=\"767\" height=\"500\" title=\"6b853571-4f0c-43f4-b483-21d0949a115c\" loading=\"lazy\" role=\"img\"><\/figure><\/div>\n<\/div><\/div><\/div><\/div>\n<\/div><\/div><\/div><\/div><\/div>\n<\/div><\/div><\/div><\/div><\/div>\n\n<div class=\"wp-block-essential-blocks-wrapper alignfull  root-eb-wrapper-7x4yp\"><div class=\"eb-parent-wrapper eb-parent-eb-wrapper-7x4yp \"><div class=\"eb-wrapper-outer eb-wrapper-7x4yp\"><div class=\"eb-wrapper-inner\"><div class=\"eb-wrapper-inner-blocks eb-wrapper-align-center\">\n<div class=\"wp-block-essential-blocks-wrapper  root-eb-wrapper-tvhnv\"><div class=\"eb-parent-wrapper eb-parent-eb-wrapper-tvhnv \"><div class=\"eb-wrapper-outer eb-wrapper-tvhnv\"><div class=\"eb-wrapper-inner\"><div class=\"eb-wrapper-inner-blocks eb-wrapper-align-center\">\n<div class=\"wp-block-essential-blocks-advanced-heading  root-eb-advance-heading-asxq9\"><div class=\"eb-parent-wrapper eb-parent-eb-advance-heading-asxq9 eb_animation eb___animated eb___zoomIn\"><div class=\"eb-advance-heading-wrapper eb-advance-heading-asxq9 button-1 undefined\" data-id=\"eb-advance-heading-asxq9\"><h2 class=\"eb-ah-title\"><span class=\"first-title\">Syst\u00e8me d&rsquo;action \u00ab\u00a0cent mille millions milliards\u00a0\u00bb<\/span><\/h2><p class=\"eb-ah-subtitle\">Rejoignez d\u00e8s maintenant la communaut\u00e9 mondiale des villes z\u00e9ro carbone<\/p><\/div><\/div><\/div>\n\n\n\n<div class=\"wp-block-essential-blocks-button root-eb-button-f0rm5\"><div class=\"eb-parent-wrapper eb-parent-eb-button-f0rm5 \"><div class=\"eb-button-wrapper eb-button-alignment eb-button-f0rm5\"><div class=\"eb-button\"><div class=\"eb-button-inner-wrapper \"><a class=\"eb-button-anchor hvr-float \" href=\"https:\/\/www.carboncoreindustry.com\/fr\/cci\/nouscontacter\/\" rel=\"noopener\">Contactez-nous<\/a><\/div><\/div><\/div><\/div><\/div>\n<\/div><\/div><\/div><\/div><\/div>\n<\/div><\/div><\/div><\/div><\/div>\n","protected":false},"excerpt":{"rendered":"","protected":false},"author":5,"featured_media":0,"parent":8101,"menu_order":2,"comment_status":"closed","ping_status":"closed","template":"","meta":{"_eb_attr":"","_uag_custom_page_level_css":"","footnotes":""},"class_list":["post-7982","page","type-page","status-publish","hentry"],"uagb_featured_image_src":{"full":false,"thumbnail":false,"medium":false,"medium_large":false,"large":false,"1536x1536":false,"2048x2048":false},"uagb_author_info":{"display_name":"Y S.T","author_link":"https:\/\/www.carboncoreindustry.com\/fr\/author\/yst\/"},"uagb_comment_info":0,"uagb_excerpt":null,"_links":{"self":[{"href":"https:\/\/www.carboncoreindustry.com\/fr\/wp-json\/wp\/v2\/pages\/7982","targetHints":{"allow":["GET"]}}],"collection":[{"href":"https:\/\/www.carboncoreindustry.com\/fr\/wp-json\/wp\/v2\/pages"}],"about":[{"href":"https:\/\/www.carboncoreindustry.com\/fr\/wp-json\/wp\/v2\/types\/page"}],"author":[{"embeddable":true,"href":"https:\/\/www.carboncoreindustry.com\/fr\/wp-json\/wp\/v2\/users\/5"}],"replies":[{"embeddable":true,"href":"https:\/\/www.carboncoreindustry.com\/fr\/wp-json\/wp\/v2\/comments?post=7982"}],"version-history":[{"count":3,"href":"https:\/\/www.carboncoreindustry.com\/fr\/wp-json\/wp\/v2\/pages\/7982\/revisions"}],"predecessor-version":[{"id":10678,"href":"https:\/\/www.carboncoreindustry.com\/fr\/wp-json\/wp\/v2\/pages\/7982\/revisions\/10678"}],"up":[{"embeddable":true,"href":"https:\/\/www.carboncoreindustry.com\/fr\/wp-json\/wp\/v2\/pages\/8101"}],"wp:attachment":[{"href":"https:\/\/www.carboncoreindustry.com\/fr\/wp-json\/wp\/v2\/media?parent=7982"}],"curies":[{"name":"wp","href":"https:\/\/api.w.org\/{rel}","templated":true}]}}