{"id":10630,"date":"2025-11-20T03:20:05","date_gmt":"2025-11-20T03:20:05","guid":{"rendered":"https:\/\/www.carboncoreindustry.com\/cci\/shop\/"},"modified":"2025-11-23T01:11:03","modified_gmt":"2025-11-23T01:11:03","slug":"shop","status":"publish","type":"page","link":"https:\/\/www.carboncoreindustry.com\/fr\/cci\/shop\/","title":{"rendered":"shop"},"content":{"rendered":"\n<div class=\"wp-block-essential-blocks-wrapper alignfull  root-eb-wrapper-7qla4\"><div class=\"eb-parent-wrapper eb-parent-eb-wrapper-7qla4 \"><div class=\"eb-wrapper-outer eb-wrapper-7qla4\"><div class=\"eb-wrapper-inner\"><div class=\"eb-wrapper-inner-blocks eb-wrapper-align-center\">\n<div class=\"wp-block-essential-blocks-advanced-heading  root-eb-advance-heading-hp7pn\"><div class=\"eb-parent-wrapper eb-parent-eb-advance-heading-hp7pn \"><div class=\"eb-advance-heading-wrapper eb-advance-heading-hp7pn button-1 undefined\" data-id=\"eb-advance-heading-hp7pn\"><h2 class=\"eb-ah-title\"><span class=\"first-title\"><strong>Supermarch\u00e9 z\u00e9ro carbone<\/strong><\/span><\/h2><p class=\"eb-ah-subtitle\">ZENO<\/p><\/div><\/div><\/div>\n\n\n\n<div class=\"wp-block-essential-blocks-advanced-heading  root-eb-advance-heading-2b80h\"><div class=\"eb-parent-wrapper eb-parent-eb-advance-heading-2b80h \"><div class=\"eb-advance-heading-wrapper eb-advance-heading-2b80h button-1 undefined\" data-id=\"eb-advance-heading-2b80h\"><h2 class=\"eb-ah-title\"><span class=\"first-title\"><strong>De z\u00e9ro carbone \u00e0 z\u00e9ro charge<\/strong><\/span><\/h2><\/div><\/div><\/div>\n\n\n\n<div style=\"height:150px\" aria-hidden=\"true\" class=\"wp-block-spacer\"><\/div>\n\n\n\n<div class=\"wp-block-essential-blocks-advanced-heading  root-eb-advance-heading-fvyk4\"><div class=\"eb-parent-wrapper eb-parent-eb-advance-heading-fvyk4 \"><div class=\"eb-advance-heading-wrapper eb-advance-heading-fvyk4 button-1 undefined\" data-id=\"eb-advance-heading-fvyk4\"><h2 class=\"eb-ah-title\"><span class=\"first-title\"><strong>Bient\u00f4t disponible, restez \u00e0 l&rsquo;\u00e9coute\u202f!<\/strong><\/span><\/h2><\/div><\/div><\/div>\n<\/div><\/div><\/div><\/div><\/div>\n\n<div class=\"wp-block-essential-blocks-wrapper alignfull  root-eb-wrapper-euccxwy\"><div class=\"eb-parent-wrapper eb-parent-eb-wrapper-euccxwy \"><div class=\"eb-wrapper-outer eb-wrapper-euccxwy\"><div class=\"eb-wrapper-inner\"><div class=\"eb-wrapper-inner-blocks eb-wrapper-align-center\">\n<div class=\"wp-block-essential-blocks-wrapper  root-eb-wrapper-l6sdw2y\"><div class=\"eb-parent-wrapper eb-parent-eb-wrapper-l6sdw2y \"><div class=\"eb-wrapper-outer eb-wrapper-l6sdw2y\"><div class=\"eb-wrapper-inner\"><div class=\"eb-wrapper-inner-blocks eb-wrapper-align-center\">\n<div class=\"wp-block-essential-blocks-advanced-heading  root-eb-advance-heading-l9fbebj\"><div class=\"eb-parent-wrapper eb-parent-eb-advance-heading-l9fbebj eb_animation eb___animated eb___zoomIn\"><div class=\"eb-advance-heading-wrapper eb-advance-heading-l9fbebj button-1 undefined\" data-id=\"eb-advance-heading-l9fbebj\"><h2 class=\"eb-ah-title\"><span class=\"first-title\">Syst\u00e8me d&rsquo;action \u00ab\u00a0cent mille millions milliards\u00a0\u00bb<\/span><\/h2><p class=\"eb-ah-subtitle\">Rejoignez d\u00e8s maintenant la communaut\u00e9 mondiale des villes z\u00e9ro carbone<\/p><\/div><\/div><\/div>\n\n\n\n<div class=\"wp-block-essential-blocks-button root-eb-button-7jx1yet\"><div class=\"eb-parent-wrapper eb-parent-eb-button-7jx1yet \"><div class=\"eb-button-wrapper eb-button-alignment eb-button-7jx1yet\"><div class=\"eb-button\"><div class=\"eb-button-inner-wrapper \"><a class=\"eb-button-anchor hvr-float \" href=\"https:\/\/www.carboncoreindustry.com\/fr\/cci\/nouscontacter\/\" rel=\"noopener\">Contactez-nous<\/a><\/div><\/div><\/div><\/div><\/div>\n<\/div><\/div><\/div><\/div><\/div>\n<\/div><\/div><\/div><\/div><\/div>\n","protected":false},"excerpt":{"rendered":"","protected":false},"author":4,"featured_media":0,"parent":8101,"menu_order":2,"comment_status":"closed","ping_status":"closed","template":"","meta":{"_eb_attr":"","_uag_custom_page_level_css":"","footnotes":""},"class_list":["post-10630","page","type-page","status-publish","hentry"],"uagb_featured_image_src":{"full":false,"thumbnail":false,"medium":false,"medium_large":false,"large":false,"1536x1536":false,"2048x2048":false},"uagb_author_info":{"display_name":"H Z","author_link":"https:\/\/www.carboncoreindustry.com\/fr\/author\/hzrytesa-com\/"},"uagb_comment_info":0,"uagb_excerpt":null,"_links":{"self":[{"href":"https:\/\/www.carboncoreindustry.com\/fr\/wp-json\/wp\/v2\/pages\/10630","targetHints":{"allow":["GET"]}}],"collection":[{"href":"https:\/\/www.carboncoreindustry.com\/fr\/wp-json\/wp\/v2\/pages"}],"about":[{"href":"https:\/\/www.carboncoreindustry.com\/fr\/wp-json\/wp\/v2\/types\/page"}],"author":[{"embeddable":true,"href":"https:\/\/www.carboncoreindustry.com\/fr\/wp-json\/wp\/v2\/users\/4"}],"replies":[{"embeddable":true,"href":"https:\/\/www.carboncoreindustry.com\/fr\/wp-json\/wp\/v2\/comments?post=10630"}],"version-history":[{"count":1,"href":"https:\/\/www.carboncoreindustry.com\/fr\/wp-json\/wp\/v2\/pages\/10630\/revisions"}],"predecessor-version":[{"id":10631,"href":"https:\/\/www.carboncoreindustry.com\/fr\/wp-json\/wp\/v2\/pages\/10630\/revisions\/10631"}],"up":[{"embeddable":true,"href":"https:\/\/www.carboncoreindustry.com\/fr\/wp-json\/wp\/v2\/pages\/8101"}],"wp:attachment":[{"href":"https:\/\/www.carboncoreindustry.com\/fr\/wp-json\/wp\/v2\/media?parent=10630"}],"curies":[{"name":"wp","href":"https:\/\/api.w.org\/{rel}","templated":true}]}}