{"id":8074,"date":"2025-05-10T06:02:07","date_gmt":"2025-05-10T06:02:07","guid":{"rendered":"https:\/\/www.carboncoreindustry.com\/foro\/"},"modified":"2025-11-23T01:20:19","modified_gmt":"2025-11-23T01:20:19","slug":"foro","status":"publish","type":"page","link":"https:\/\/www.carboncoreindustry.com\/es\/cci\/foro\/","title":{"rendered":"foro"},"content":{"rendered":"\n<div class=\"wp-block-essential-blocks-wrapper alignfull  root-eb-wrapper-vzksq\"><div class=\"eb-parent-wrapper eb-parent-eb-wrapper-vzksq \"><div class=\"eb-wrapper-outer eb-wrapper-vzksq\"><div class=\"eb-wrapper-inner\"><div class=\"eb-wrapper-inner-blocks eb-wrapper-align-center\">\n<div class=\"wp-block-essential-blocks-text root-eb-text-u9e3o\"><div class=\"eb-parent-wrapper eb-parent-eb-text-u9e3o \"><div class=\"eb-text-wrapper eb-text-u9e3o\" data-id=\"eb-text-u9e3o\"><h1 class=\"eb-text\">CCI+AI<\/h1><\/div><\/div><\/div>\n\n\n\n<div class=\"wp-block-essential-blocks-text root-eb-text-ehb1k\"><div class=\"eb-parent-wrapper eb-parent-eb-text-ehb1k \"><div class=\"eb-text-wrapper eb-text-ehb1k\" data-id=\"eb-text-ehb1k\"><h1 class=\"eb-text\">CCI global desarrollo sostenible<\/h1><\/div><\/div><\/div>\n\n\n\n<div class=\"wp-block-essential-blocks-text root-eb-text-tjhn3\"><div class=\"eb-parent-wrapper eb-parent-eb-text-tjhn3 \"><div class=\"eb-text-wrapper eb-text-tjhn3\" data-id=\"eb-text-tjhn3\"><h1 class=\"eb-text\">Futuro en Acci\u00f3n: desde la red de inteligencia artificial hasta el pulso verde de la Tierra<\/h1><\/div><\/div><\/div>\n\n\n\n<div class=\"wp-block-essential-blocks-button root-eb-button-lkqew\"><div class=\"eb-parent-wrapper eb-parent-eb-button-lkqew \"><div class=\"eb-button-wrapper eb-button-alignment eb-button-lkqew\"><div class=\"eb-button\"><div class=\"eb-button-inner-wrapper \"><a class=\"eb-button-anchor \" href=\"https:\/\/www.carboncoreindustry.com\/es\/cci\/contactanos\/\" rel=\"noopener\">Cont\u00e1ctenos<\/a><\/div><\/div><\/div><\/div><\/div>\n<\/div><\/div><\/div><\/div><\/div>\n\n<div class=\"wp-block-essential-blocks-wrapper alignfull  root-eb-wrapper-soiv999\"><div class=\"eb-parent-wrapper eb-parent-eb-wrapper-soiv999 \"><div class=\"eb-wrapper-outer eb-wrapper-soiv999\"><div class=\"eb-wrapper-inner\"><div class=\"eb-wrapper-inner-blocks eb-wrapper-align-center\">\n<div class=\"wp-block-essential-blocks-wrapper alignfull  root-eb-wrapper-7qy0ilq\"><div class=\"eb-parent-wrapper eb-parent-eb-wrapper-7qy0ilq \"><div class=\"eb-wrapper-outer eb-wrapper-7qy0ilq\"><div class=\"eb-wrapper-inner\"><div class=\"eb-wrapper-inner-blocks eb-wrapper-align-center\">\n<div class=\"wp-block-essential-blocks-row alignfull  root-eb-row-rqarexp\"><div class=\"eb-parent-wrapper eb-parent-eb-row-rqarexp \"><div class=\"eb-row-root-container eb-row-rqarexp\" data-id=\"eb-row-rqarexp\"><div class=\"eb-row-wrapper\"><div class=\"eb-row-inner\">\n<div class=\"wp-block-essential-blocks-column  root-eb-column-17wnt5p\"><div class=\"eb-parent-wrapper eb-parent-eb-column-17wnt5p \"><div class=\"eb-column-wrapper eb-column-17wnt5p\"><div class=\"eb-column-inner\">\n<div class=\"wp-block-essential-blocks-advanced-heading  root-eb-advance-heading-5uadh4k\"><div class=\"eb-parent-wrapper eb-parent-eb-advance-heading-5uadh4k \"><div class=\"eb-advance-heading-wrapper eb-advance-heading-5uadh4k button-1 undefined\" data-id=\"eb-advance-heading-5uadh4k\"><h2 class=\"eb-ah-title\"><span class=\"first-title\">Sobre la reuni\u00f3n<\/span><\/h2><p class=\"eb-ah-subtitle\">Synergy es una serie mundial de cumbres de alto nivel, una plataforma internacional de colaboraci\u00f3n que re\u00fane a l\u00edderes de la industria, think tanks de primer nivel y fuerzas p\u00fablicas. Mediante una estrategia basada en datos, la innovaci\u00f3n tecnol\u00f3gica con recursos intersectoriales, centrado sobre el cambio clim\u00e1tico, la equidad social y el crecimiento econ\u00f3mico inclusivo tres temas centrales, para traducir los objetivos de desarrollo sostenible de las naciones unidas para las soluciones de suelo, construir \u00ablas decisiones de acci\u00f3n &#8211; validaci\u00f3n\u00bb ciclo de bucle cerrado, a trav\u00e9s de la cadena de bloques con tecnolog\u00eda de seguimiento UN compromiso eficaz, Promover la revoluci\u00f3n pr\u00e1ctica del desarrollo sostenible del consenso ideol\u00f3gico a la participaci\u00f3n universal.<\/p><\/div><\/div><\/div>\n\n\n\n<figure class=\"wp-block-image size-large\"><img loading=\"lazy\" decoding=\"async\" width=\"1024\" height=\"683\" src=\"https:\/\/www.carboncoreindustry.com\/wp-content\/uploads\/2025\/05\/cameras-6839248-1-1024x683.jpg\" alt=\"\" class=\"wp-image-7763\" srcset=\"https:\/\/www.carboncoreindustry.com\/wp-content\/uploads\/2025\/05\/cameras-6839248-1-1024x683.jpg 1024w, https:\/\/www.carboncoreindustry.com\/wp-content\/uploads\/2025\/05\/cameras-6839248-1-300x200.jpg 300w, https:\/\/www.carboncoreindustry.com\/wp-content\/uploads\/2025\/05\/cameras-6839248-1-768x512.jpg 768w, https:\/\/www.carboncoreindustry.com\/wp-content\/uploads\/2025\/05\/cameras-6839248-1-1536x1024.jpg 1536w, https:\/\/www.carboncoreindustry.com\/wp-content\/uploads\/2025\/05\/cameras-6839248-1-2048x1365.jpg 2048w, https:\/\/www.carboncoreindustry.com\/wp-content\/uploads\/2025\/05\/cameras-6839248-1-600x400.jpg 600w\" sizes=\"auto, (max-width: 1024px) 100vw, 1024px\" \/><\/figure>\n<\/div><\/div><\/div><\/div>\n\n\n\n<div class=\"wp-block-essential-blocks-column  root-eb-column-gf3jyxy\"><div class=\"eb-parent-wrapper eb-parent-eb-column-gf3jyxy \"><div class=\"eb-column-wrapper eb-column-gf3jyxy\"><div class=\"eb-column-inner\">\n<div class=\"wp-block-essential-blocks-wrapper alignfull  root-eb-wrapper-yn72xxw\"><div class=\"eb-parent-wrapper eb-parent-eb-wrapper-yn72xxw \"><div class=\"eb-wrapper-outer eb-wrapper-yn72xxw\"><div class=\"eb-wrapper-inner\"><div class=\"eb-wrapper-inner-blocks \">\n<figure class=\"wp-block-image size-full\"><img decoding=\"async\" src=\"https:\/\/www.carboncoreindustry.com\/wp-content\/uploads\/2025\/05\/&#x4E2D;&#x56FD;-2-3.svg\" alt=\"\" class=\"wp-image-7785\"\/><\/figure>\n\n\n\n<div class=\"wp-block-essential-blocks-wrapper  root-eb-wrapper-ud32n6b\"><div class=\"eb-parent-wrapper eb-parent-eb-wrapper-ud32n6b \"><div class=\"eb-wrapper-outer eb-wrapper-ud32n6b eb-wrapper-align-right\"><div class=\"eb-wrapper-inner\"><div class=\"eb-wrapper-inner-blocks\">\n<div class=\"wp-block-essential-blocks-advanced-heading  root-eb-advance-heading-nz53hmq\"><div class=\"eb-parent-wrapper eb-parent-eb-advance-heading-nz53hmq \"><div class=\"eb-advance-heading-wrapper eb-advance-heading-nz53hmq button-1 undefined\" data-id=\"eb-advance-heading-nz53hmq\"><h2 class=\"eb-ah-title\"><span class=\"first-title\">Qui\u00e9nes somos<\/span><\/h2><p class=\"eb-ah-subtitle\">El sistema de acci\u00f3n CCI promueve la gesti\u00f3n y aplicaci\u00f3n sostenible en diversas regiones y sectores industriales de China, impulsando eficazmente el desarrollo verde y bajo en carbono de toda la sociedad. Se ha introducido innovadoramente la tecnolog\u00eda blockchain para construir una plataforma confiable de intercambio de datos de emisiones de carbono, logrando un seguimiento y verificaci\u00f3n transparente de toda la cadena de la huella de carbono. Al mismo tiempo, est\u00e1 abierto a diversas partes como instituciones financieras y empresas manufactureras, sirviendo a la reducci\u00f3n de carbono en la demanda interna y al cumplimiento normativo en el extranjero, ayudando a que las \u00abregiones-industrias\u00bb reduzcan continuamente su huella de carbono, ampl\u00eden la oferta de productos verdes y bajos en carbono, y fomenten una nueva tendencia de consumo verde y bajo en carbono.<\/p><\/div><\/div><\/div>\n<\/div><\/div><\/div><\/div><\/div>\n<\/div><\/div><\/div><\/div><\/div>\n<\/div><\/div><\/div><\/div>\n<\/div><\/div><\/div><\/div><\/div>\n<\/div><\/div><\/div><\/div><\/div>\n<\/div><\/div><\/div><\/div><\/div>\n\n<div class=\"wp-block-essential-blocks-wrapper alignfull  root-eb-wrapper-xctl2wt\"><div class=\"eb-parent-wrapper eb-parent-eb-wrapper-xctl2wt \"><div class=\"eb-wrapper-outer eb-wrapper-xctl2wt\"><div class=\"eb-wrapper-inner\"><div class=\"eb-wrapper-inner-blocks eb-wrapper-align-center\">\n<div class=\"wp-block-essential-blocks-advanced-heading  root-eb-advance-heading-a0exu\"><div class=\"eb-parent-wrapper eb-parent-eb-advance-heading-a0exu \"><div class=\"eb-advance-heading-wrapper eb-advance-heading-a0exu button-1 undefined\" data-id=\"eb-advance-heading-a0exu\"><h2 class=\"eb-ah-title\"><span class=\"first-title\">Organizaciones en colaboraci\u00f3n<\/span><\/h2><\/div><\/div><\/div>\n\n\n\n<div class=\"wp-block-essential-blocks-slider root-eb-slider-p6px5\"><div class=\"eb-parent-wrapper eb-parent-eb-slider-p6px5 \"><div class=\"eb-slider-wrapper eb-slider-p6px5\" data-blockid=\"eb-slider-p6px5\" data-version=\"v4\" data-settings=\"eyJhcnJvd3MiOnRydWUsImFkYXB0aXZlSGVpZ2h0IjpmYWxzZSwiYXV0b3BsYXkiOnRydWUsImF1dG9wbGF5U3BlZWQiOjIwMDAsImRvdHMiOmZhbHNlLCJmYWRlIjpmYWxzZSwiaW5maW5pdGUiOnRydWUsInBhdXNlT25Ib3ZlciI6dHJ1ZSwic2xpZGVzVG9TaG93Ijo1LCJzcGVlZCI6NTAwLCJ2ZXJ0aWNhbCI6ZmFsc2UsImN1cnJlbnRTbGlkZSI6MCwicnRsIjpmYWxzZSwicmVzcG9uc2l2ZSI6W3siYnJlYWtwb2ludCI6MTAyNSwic2V0dGluZ3MiOnsic2xpZGVzVG9TaG93Ijo1fX0seyJicmVha3BvaW50Ijo3NjcsInNldHRpbmdzIjp7InNsaWRlc1RvU2hvdyI6MX19XX0=\" data-arrownexticon=\"fas fa-arrow-alt-circle-right\" data-arrowprevicon=\"fas fa-arrow-alt-circle-left\" data-lightbox=\"false\"><div class=\"eb-slider-init eb-slider-type-image\"><div class=\"eb-slider-item content-2\" data-src=\"https:\/\/www.carboncoreindustry.com\/wp-content\/uploads\/2025\/05\/16-scaled.png\"><div><img class=\"eb-slider-image\" data-lazy=\"https:\/\/www.carboncoreindustry.com\/wp-content\/uploads\/2025\/05\/16-scaled.png\"><\/div><\/div><div class=\"eb-slider-item content-2\" data-src=\"https:\/\/www.carboncoreindustry.com\/wp-content\/uploads\/2025\/05\/15-scaled.png\"><div><img class=\"eb-slider-image\" data-lazy=\"https:\/\/www.carboncoreindustry.com\/wp-content\/uploads\/2025\/05\/15-scaled.png\"><\/div><\/div><div class=\"eb-slider-item content-2\" data-src=\"https:\/\/www.carboncoreindustry.com\/wp-content\/uploads\/2025\/05\/14-scaled.png\"><div><img class=\"eb-slider-image\" data-lazy=\"https:\/\/www.carboncoreindustry.com\/wp-content\/uploads\/2025\/05\/14-scaled.png\"><\/div><\/div><div class=\"eb-slider-item content-2\" data-src=\"https:\/\/www.carboncoreindustry.com\/wp-content\/uploads\/2025\/05\/13-scaled.png\"><div><img class=\"eb-slider-image\" data-lazy=\"https:\/\/www.carboncoreindustry.com\/wp-content\/uploads\/2025\/05\/13-scaled.png\"><\/div><\/div><div class=\"eb-slider-item content-2\" data-src=\"https:\/\/www.carboncoreindustry.com\/wp-content\/uploads\/2025\/05\/11-scaled.png\"><div><img class=\"eb-slider-image\" data-lazy=\"https:\/\/www.carboncoreindustry.com\/wp-content\/uploads\/2025\/05\/11-scaled.png\"><\/div><\/div><div class=\"eb-slider-item content-2\" data-src=\"https:\/\/www.carboncoreindustry.com\/wp-content\/uploads\/2025\/05\/9-scaled.png\"><div><img class=\"eb-slider-image\" data-lazy=\"https:\/\/www.carboncoreindustry.com\/wp-content\/uploads\/2025\/05\/9-scaled.png\"><\/div><\/div><div class=\"eb-slider-item content-2\" data-src=\"https:\/\/www.carboncoreindustry.com\/wp-content\/uploads\/2025\/05\/8-scaled.png\"><div><img class=\"eb-slider-image\" data-lazy=\"https:\/\/www.carboncoreindustry.com\/wp-content\/uploads\/2025\/05\/8-scaled.png\"><\/div><\/div><div class=\"eb-slider-item content-2\" data-src=\"https:\/\/www.carboncoreindustry.com\/wp-content\/uploads\/2025\/05\/7-scaled.png\"><div><img class=\"eb-slider-image\" data-lazy=\"https:\/\/www.carboncoreindustry.com\/wp-content\/uploads\/2025\/05\/7-scaled.png\"><\/div><\/div><div class=\"eb-slider-item content-2\" data-src=\"https:\/\/www.carboncoreindustry.com\/wp-content\/uploads\/2025\/05\/6-scaled.png\"><div><img class=\"eb-slider-image\" data-lazy=\"https:\/\/www.carboncoreindustry.com\/wp-content\/uploads\/2025\/05\/6-scaled.png\"><\/div><\/div><div class=\"eb-slider-item content-2\" data-src=\"https:\/\/www.carboncoreindustry.com\/wp-content\/uploads\/2025\/05\/5-scaled.png\"><div><img class=\"eb-slider-image\" data-lazy=\"https:\/\/www.carboncoreindustry.com\/wp-content\/uploads\/2025\/05\/5-scaled.png\"><\/div><\/div><div class=\"eb-slider-item content-2\" data-src=\"https:\/\/www.carboncoreindustry.com\/wp-content\/uploads\/2025\/05\/4-scaled.png\"><div><img class=\"eb-slider-image\" data-lazy=\"https:\/\/www.carboncoreindustry.com\/wp-content\/uploads\/2025\/05\/4-scaled.png\"><\/div><\/div><div class=\"eb-slider-item content-2\" data-src=\"https:\/\/www.carboncoreindustry.com\/wp-content\/uploads\/2025\/05\/3-scaled.png\"><div><img class=\"eb-slider-image\" data-lazy=\"https:\/\/www.carboncoreindustry.com\/wp-content\/uploads\/2025\/05\/3-scaled.png\"><\/div><\/div><div class=\"eb-slider-item content-2\" data-src=\"https:\/\/www.carboncoreindustry.com\/wp-content\/uploads\/2025\/05\/2-scaled.png\"><div><img class=\"eb-slider-image\" data-lazy=\"https:\/\/www.carboncoreindustry.com\/wp-content\/uploads\/2025\/05\/2-scaled.png\"><\/div><\/div><div class=\"eb-slider-item content-2\" data-src=\"https:\/\/www.carboncoreindustry.com\/wp-content\/uploads\/2025\/05\/1-scaled.png\"><div><img class=\"eb-slider-image\" data-lazy=\"https:\/\/www.carboncoreindustry.com\/wp-content\/uploads\/2025\/05\/1-scaled.png\"><\/div><\/div><div class=\"eb-slider-item content-2\" data-src=\"https:\/\/www.carboncoreindustry.com\/wp-content\/uploads\/2025\/05\/\u672a\u547d\u540d-\u526f\u672c-scaled.png\"><div><img class=\"eb-slider-image\" data-lazy=\"https:\/\/www.carboncoreindustry.com\/wp-content\/uploads\/2025\/05\/\u672a\u547d\u540d-\u526f\u672c-scaled.png\"><\/div><\/div><\/div><\/div><\/div><\/div>\n<\/div><\/div><\/div><\/div><\/div>\n\n<div class=\"wp-block-essential-blocks-wrapper alignfull  root-eb-wrapper-euccxwy\"><div class=\"eb-parent-wrapper eb-parent-eb-wrapper-euccxwy \"><div class=\"eb-wrapper-outer eb-wrapper-euccxwy\"><div class=\"eb-wrapper-inner\"><div class=\"eb-wrapper-inner-blocks eb-wrapper-align-center\">\n<div class=\"wp-block-essential-blocks-wrapper  root-eb-wrapper-l6sdw2y\"><div class=\"eb-parent-wrapper eb-parent-eb-wrapper-l6sdw2y \"><div class=\"eb-wrapper-outer eb-wrapper-l6sdw2y\"><div class=\"eb-wrapper-inner\"><div class=\"eb-wrapper-inner-blocks eb-wrapper-align-center\">\n<div class=\"wp-block-essential-blocks-advanced-heading  root-eb-advance-heading-l9fbebj\"><div class=\"eb-parent-wrapper eb-parent-eb-advance-heading-l9fbebj eb_animation eb___animated eb___zoomIn\"><div class=\"eb-advance-heading-wrapper eb-advance-heading-l9fbebj button-1 undefined\" data-id=\"eb-advance-heading-l9fbebj\"><h2 class=\"eb-ah-title\"><span class=\"first-title\">Sistema de acci\u00f3n \u00abCien Mil Millones\u00bb<\/span><\/h2><p class=\"eb-ah-subtitle\">\u00danase ahora a la Comunidad Global de Ciudades con Cero Carbono<\/p><\/div><\/div><\/div>\n\n\n\n<div class=\"wp-block-essential-blocks-button root-eb-button-7jx1yet\"><div class=\"eb-parent-wrapper eb-parent-eb-button-7jx1yet \"><div class=\"eb-button-wrapper eb-button-alignment eb-button-7jx1yet\"><div class=\"eb-button\"><div class=\"eb-button-inner-wrapper \"><a class=\"eb-button-anchor hvr-float \" href=\"https:\/\/www.carboncoreindustry.com\/es\/cci\/contactanos\/\" rel=\"noopener\">Cont\u00e1ctenos<\/a><\/div><\/div><\/div><\/div><\/div>\n<\/div><\/div><\/div><\/div><\/div>\n<\/div><\/div><\/div><\/div><\/div>\n","protected":false},"excerpt":{"rendered":"","protected":false},"author":4,"featured_media":0,"parent":8133,"menu_order":2,"comment_status":"closed","ping_status":"closed","template":"","meta":{"_eb_attr":"","_uag_custom_page_level_css":"","footnotes":""},"class_list":["post-8074","page","type-page","status-publish","hentry"],"uagb_featured_image_src":{"full":false,"thumbnail":false,"medium":false,"medium_large":false,"large":false,"1536x1536":false,"2048x2048":false},"uagb_author_info":{"display_name":"H Z","author_link":"https:\/\/www.carboncoreindustry.com\/es\/author\/hzrytesa-com\/"},"uagb_comment_info":0,"uagb_excerpt":null,"_links":{"self":[{"href":"https:\/\/www.carboncoreindustry.com\/es\/wp-json\/wp\/v2\/pages\/8074","targetHints":{"allow":["GET"]}}],"collection":[{"href":"https:\/\/www.carboncoreindustry.com\/es\/wp-json\/wp\/v2\/pages"}],"about":[{"href":"https:\/\/www.carboncoreindustry.com\/es\/wp-json\/wp\/v2\/types\/page"}],"author":[{"embeddable":true,"href":"https:\/\/www.carboncoreindustry.com\/es\/wp-json\/wp\/v2\/users\/4"}],"replies":[{"embeddable":true,"href":"https:\/\/www.carboncoreindustry.com\/es\/wp-json\/wp\/v2\/comments?post=8074"}],"version-history":[{"count":2,"href":"https:\/\/www.carboncoreindustry.com\/es\/wp-json\/wp\/v2\/pages\/8074\/revisions"}],"predecessor-version":[{"id":10634,"href":"https:\/\/www.carboncoreindustry.com\/es\/wp-json\/wp\/v2\/pages\/8074\/revisions\/10634"}],"up":[{"embeddable":true,"href":"https:\/\/www.carboncoreindustry.com\/es\/wp-json\/wp\/v2\/pages\/8133"}],"wp:attachment":[{"href":"https:\/\/www.carboncoreindustry.com\/es\/wp-json\/wp\/v2\/media?parent=8074"}],"curies":[{"name":"wp","href":"https:\/\/api.w.org\/{rel}","templated":true}]}}