{"id":8067,"date":"2025-05-10T07:31:31","date_gmt":"2025-05-10T07:31:31","guid":{"rendered":"https:\/\/www.carboncoreindustry.com\/comunidad\/"},"modified":"2025-11-23T01:21:20","modified_gmt":"2025-11-23T01:21:20","slug":"comunidad","status":"publish","type":"page","link":"https:\/\/www.carboncoreindustry.com\/es\/cci\/comunidad\/","title":{"rendered":"comunidad"},"content":{"rendered":"\n<div class=\"wp-block-essential-blocks-wrapper alignfull  root-eb-wrapper-7qla4\"><div class=\"eb-parent-wrapper eb-parent-eb-wrapper-7qla4 \"><div class=\"eb-wrapper-outer eb-wrapper-7qla4\"><div class=\"eb-wrapper-inner\"><div class=\"eb-wrapper-inner-blocks eb-wrapper-align-center\">\n<div class=\"wp-block-essential-blocks-advanced-heading  root-eb-advance-heading-jb1xb\"><div class=\"eb-parent-wrapper eb-parent-eb-advance-heading-jb1xb \"><div class=\"eb-advance-heading-wrapper eb-advance-heading-jb1xb button-1 \" data-id=\"eb-advance-heading-jb1xb\"><h2 class=\"eb-ah-title\"><span class=\"first-title\">Carbon Talk<\/span><\/h2><p class=\"eb-ah-subtitle\">Oasis de ideas para los defensores de la acci\u00f3n sostenible.<\/p><\/div><\/div><\/div>\n<\/div><\/div><\/div><\/div><\/div>\n\n<div class=\"wp-block-essential-blocks-wrapper alignfull  root-eb-wrapper-8ul7j0l\"><div class=\"eb-parent-wrapper eb-parent-eb-wrapper-8ul7j0l \"><div class=\"eb-wrapper-outer eb-wrapper-8ul7j0l\"><div class=\"eb-wrapper-inner\"><div class=\"eb-wrapper-inner-blocks eb-wrapper-align-center\">\n<div class=\"wp-block-uagb-advanced-heading uagb-block-022e7a60\"><h2 class=\"uagb-heading-text\">Bienvenido al centro de pensamiento de la era de la neutralidad de carbono.<\/h2><\/div>\n\n\n\n<div class=\"wp-block-essential-blocks-row alignfull  root-eb-row-phjny\"><div class=\"eb-parent-wrapper eb-parent-eb-row-phjny \"><div class=\"eb-row-root-container eb-row-phjny\" data-id=\"eb-row-phjny\"><div class=\"eb-row-wrapper\"><div class=\"eb-row-inner\">\n<div class=\"wp-block-essential-blocks-column  root-eb-column-edmch\"><div class=\"eb-parent-wrapper eb-parent-eb-column-edmch \"><div class=\"eb-column-wrapper eb-column-edmch\"><div class=\"eb-column-inner\">\n<div class=\"wp-block-essential-blocks-text root-eb-text-x9m14\"><div class=\"eb-parent-wrapper eb-parent-eb-text-x9m14 \"><div class=\"eb-text-wrapper eb-text-x9m14\" data-id=\"eb-text-x9m14\"><p class=\"eb-text\">La comunidad carbon speaker es una plataforma de comunicaci\u00f3n de innovaci\u00f3n abierta enfocada en el sector sostenible.<br>Reunimos a pioneros de la industria, expertos cient\u00edficos, responsables de la toma de decisiones empresariales y activistas verdes para promover soluciones de baja emisi\u00f3n de carbono lanzables a trav\u00e9s de la colisi\u00f3n de opiniones, el intercambio de casos, la interpretaci\u00f3n de pol\u00edticas y los debates t\u00e9cnicos. Un lugar donde cada inspiraci\u00f3n verde merece ser escuchada y donde cada pr\u00e1ctica de reducci\u00f3n de emisiones de carbono encuentra compa\u00f1eros de viaje.<\/p><\/div><\/div><\/div>\n<\/div><\/div><\/div><\/div>\n\n\n\n<div class=\"wp-block-essential-blocks-column  root-eb-column-nf8lc\"><div class=\"eb-parent-wrapper eb-parent-eb-column-nf8lc \"><div class=\"eb-column-wrapper eb-column-nf8lc\"><div class=\"eb-column-inner\">\n<figure class=\"wp-block-image size-large\"><img loading=\"lazy\" decoding=\"async\" width=\"1024\" height=\"683\" src=\"https:\/\/www.carboncoreindustry.com\/wp-content\/uploads\/2025\/05\/big-data-7644543-1024x683.jpg\" alt=\"\" class=\"wp-image-7871\" srcset=\"https:\/\/www.carboncoreindustry.com\/wp-content\/uploads\/2025\/05\/big-data-7644543-1024x683.jpg 1024w, https:\/\/www.carboncoreindustry.com\/wp-content\/uploads\/2025\/05\/big-data-7644543-300x200.jpg 300w, https:\/\/www.carboncoreindustry.com\/wp-content\/uploads\/2025\/05\/big-data-7644543-768x512.jpg 768w, https:\/\/www.carboncoreindustry.com\/wp-content\/uploads\/2025\/05\/big-data-7644543-1536x1024.jpg 1536w, https:\/\/www.carboncoreindustry.com\/wp-content\/uploads\/2025\/05\/big-data-7644543-2048x1365.jpg 2048w, https:\/\/www.carboncoreindustry.com\/wp-content\/uploads\/2025\/05\/big-data-7644543-600x400.jpg 600w\" sizes=\"auto, (max-width: 1024px) 100vw, 1024px\" \/><\/figure>\n<\/div><\/div><\/div><\/div>\n<\/div><\/div><\/div><\/div><\/div>\n<\/div><\/div><\/div><\/div><\/div>\n\n<div class=\"wp-block-essential-blocks-wrapper alignfull  root-eb-wrapper-euccxwy\"><div class=\"eb-parent-wrapper eb-parent-eb-wrapper-euccxwy \"><div class=\"eb-wrapper-outer eb-wrapper-euccxwy\"><div class=\"eb-wrapper-inner\"><div class=\"eb-wrapper-inner-blocks eb-wrapper-align-center\">\n<div class=\"wp-block-essential-blocks-wrapper  root-eb-wrapper-l6sdw2y\"><div class=\"eb-parent-wrapper eb-parent-eb-wrapper-l6sdw2y \"><div class=\"eb-wrapper-outer eb-wrapper-l6sdw2y\"><div class=\"eb-wrapper-inner\"><div class=\"eb-wrapper-inner-blocks eb-wrapper-align-center\">\n<div class=\"wp-block-essential-blocks-advanced-heading  root-eb-advance-heading-l9fbebj\"><div class=\"eb-parent-wrapper eb-parent-eb-advance-heading-l9fbebj eb_animation eb___animated eb___zoomIn\"><div class=\"eb-advance-heading-wrapper eb-advance-heading-l9fbebj button-1 undefined\" data-id=\"eb-advance-heading-l9fbebj\"><h2 class=\"eb-ah-title\"><span class=\"first-title\">Sistema de acci\u00f3n \u00abCien Mil Millones\u00bb<\/span><\/h2><p class=\"eb-ah-subtitle\">\u00danase ahora a la Comunidad Global de Ciudades con Cero Carbono<\/p><\/div><\/div><\/div>\n\n\n\n<div class=\"wp-block-essential-blocks-button root-eb-button-7jx1yet\"><div class=\"eb-parent-wrapper eb-parent-eb-button-7jx1yet \"><div class=\"eb-button-wrapper eb-button-alignment eb-button-7jx1yet\"><div class=\"eb-button\"><div class=\"eb-button-inner-wrapper \"><a class=\"eb-button-anchor hvr-float \" href=\"https:\/\/www.carboncoreindustry.com\/es\/cci\/contactanos\/\" rel=\"noopener\">Cont\u00e1ctenos<\/a><\/div><\/div><\/div><\/div><\/div>\n<\/div><\/div><\/div><\/div><\/div>\n<\/div><\/div><\/div><\/div><\/div>\n","protected":false},"excerpt":{"rendered":"","protected":false},"author":4,"featured_media":0,"parent":8133,"menu_order":2,"comment_status":"closed","ping_status":"closed","template":"","meta":{"_eb_attr":"","_uag_custom_page_level_css":"","footnotes":""},"class_list":["post-8067","page","type-page","status-publish","hentry"],"uagb_featured_image_src":{"full":false,"thumbnail":false,"medium":false,"medium_large":false,"large":false,"1536x1536":false,"2048x2048":false},"uagb_author_info":{"display_name":"H Z","author_link":"https:\/\/www.carboncoreindustry.com\/es\/author\/hzrytesa-com\/"},"uagb_comment_info":0,"uagb_excerpt":null,"_links":{"self":[{"href":"https:\/\/www.carboncoreindustry.com\/es\/wp-json\/wp\/v2\/pages\/8067","targetHints":{"allow":["GET"]}}],"collection":[{"href":"https:\/\/www.carboncoreindustry.com\/es\/wp-json\/wp\/v2\/pages"}],"about":[{"href":"https:\/\/www.carboncoreindustry.com\/es\/wp-json\/wp\/v2\/types\/page"}],"author":[{"embeddable":true,"href":"https:\/\/www.carboncoreindustry.com\/es\/wp-json\/wp\/v2\/users\/4"}],"replies":[{"embeddable":true,"href":"https:\/\/www.carboncoreindustry.com\/es\/wp-json\/wp\/v2\/comments?post=8067"}],"version-history":[{"count":2,"href":"https:\/\/www.carboncoreindustry.com\/es\/wp-json\/wp\/v2\/pages\/8067\/revisions"}],"predecessor-version":[{"id":10635,"href":"https:\/\/www.carboncoreindustry.com\/es\/wp-json\/wp\/v2\/pages\/8067\/revisions\/10635"}],"up":[{"embeddable":true,"href":"https:\/\/www.carboncoreindustry.com\/es\/wp-json\/wp\/v2\/pages\/8133"}],"wp:attachment":[{"href":"https:\/\/www.carboncoreindustry.com\/es\/wp-json\/wp\/v2\/media?parent=8067"}],"curies":[{"name":"wp","href":"https:\/\/api.w.org\/{rel}","templated":true}]}}