{"id":7984,"date":"2025-05-07T11:19:41","date_gmt":"2025-05-07T11:19:41","guid":{"rendered":"https:\/\/www.carboncoreindustry.com\/producto\/"},"modified":"2025-11-23T02:48:34","modified_gmt":"2025-11-23T02:48:34","slug":"producto","status":"publish","type":"page","link":"https:\/\/www.carboncoreindustry.com\/es\/cci\/producto\/","title":{"rendered":"producto"},"content":{"rendered":"\n<div class=\"wp-block-essential-blocks-wrapper alignfull  root-eb-wrapper-vzksq\"><div class=\"eb-parent-wrapper eb-parent-eb-wrapper-vzksq \"><div class=\"eb-wrapper-outer eb-wrapper-vzksq\"><div class=\"eb-wrapper-inner\"><div class=\"eb-wrapper-inner-blocks eb-wrapper-align-center\">\n<div class=\"wp-block-essential-blocks-text root-eb-text-u9e3o\"><div class=\"eb-parent-wrapper eb-parent-eb-text-u9e3o \"><div class=\"eb-text-wrapper eb-text-u9e3o\" data-id=\"eb-text-u9e3o\"><h1 class=\"eb-text\">CCI+AI<\/h1><\/div><\/div><\/div>\n\n\n\n<div class=\"wp-block-essential-blocks-text root-eb-text-ehb1k\"><div class=\"eb-parent-wrapper eb-parent-eb-text-ehb1k \"><div class=\"eb-text-wrapper eb-text-ehb1k\" data-id=\"eb-text-ehb1k\"><h1 class=\"eb-text\">Plataforma de servicios para productos cero carbono<\/h1><\/div><\/div><\/div>\n\n\n\n<div class=\"wp-block-essential-blocks-text root-eb-text-tjhn3\"><div class=\"eb-parent-wrapper eb-parent-eb-text-tjhn3 \"><div class=\"eb-text-wrapper eb-text-tjhn3\" data-id=\"eb-text-tjhn3\"><h1 class=\"eb-text\">Desde la relaci\u00f3n costo-beneficio hasta la relaci\u00f3n carbono-beneficio, la sostenibilidad le ayuda a ampliar su mercado.<\/h1><\/div><\/div><\/div>\n\n\n\n<div class=\"wp-block-essential-blocks-button root-eb-button-lkqew\"><div class=\"eb-parent-wrapper eb-parent-eb-button-lkqew \"><div class=\"eb-button-wrapper eb-button-alignment eb-button-lkqew\"><div class=\"eb-button\"><div class=\"eb-button-inner-wrapper \"><a class=\"eb-button-anchor \" href=\"https:\/\/cci.carboncoreindustry.com\/zero-carbon-products\" rel=\"noopener\">\u7acb\u5373\u4f53\u9a8c<\/a><\/div><\/div><\/div><\/div><\/div>\n<\/div><\/div><\/div><\/div><\/div>\n\n<div class=\"wp-block-essential-blocks-wrapper alignfull  root-eb-wrapper-8ul7j0l\"><div class=\"eb-parent-wrapper eb-parent-eb-wrapper-8ul7j0l \"><div class=\"eb-wrapper-outer eb-wrapper-8ul7j0l\"><div class=\"eb-wrapper-inner\"><div class=\"eb-wrapper-inner-blocks eb-wrapper-align-center\">\n<div style=\"height:27px\" aria-hidden=\"true\" class=\"wp-block-spacer\"><\/div>\n\n\n\n<div class=\"wp-block-essential-blocks-row alignfull  root-eb-row-phjny\"><div class=\"eb-parent-wrapper eb-parent-eb-row-phjny \"><div class=\"eb-row-root-container eb-row-phjny\" data-id=\"eb-row-phjny\"><div class=\"eb-row-wrapper\"><div class=\"eb-row-inner\">\n<div class=\"wp-block-essential-blocks-column  root-eb-column-edmch\"><div class=\"eb-parent-wrapper eb-parent-eb-column-edmch \"><div class=\"eb-column-wrapper eb-column-edmch\"><div class=\"eb-column-inner\">\n<figure class=\"wp-block-image size-large\"><img decoding=\"async\" src=\"https:\/\/www.carboncoreindustry.com\/wp-content\/uploads\/2025\/05\/&#x4E2D;&#x56FD;-2-1024x550.png\" alt=\"\" class=\"wp-image-7658\"\/><\/figure>\n<\/div><\/div><\/div><\/div>\n\n\n\n<div class=\"wp-block-essential-blocks-column  root-eb-column-nf8lc\"><div class=\"eb-parent-wrapper eb-parent-eb-column-nf8lc \"><div class=\"eb-column-wrapper eb-column-nf8lc\"><div class=\"eb-column-inner\">\n<div class=\"wp-block-uagb-advanced-heading uagb-block-022e7a60\"><h2 class=\"uagb-heading-text\">\u00bfQu\u00e9 es la huella de carbono de un producto?<\/h2><\/div>\n\n\n\n<div class=\"wp-block-essential-blocks-text root-eb-text-x9m14\"><div class=\"eb-parent-wrapper eb-parent-eb-text-x9m14 \"><div class=\"eb-text-wrapper eb-text-x9m14\" data-id=\"eb-text-x9m14\"><p class=\"eb-text\">La huella de carbono de un producto (CFP) es la suma de las emisiones de gases de efecto invernadero de un producto a lo largo de su ciclo de vida. Es decir, \u00abde la cuna a la puerta\u00bb, las emisiones de gei en todas las etapas, desde la adquisici\u00f3n de materias primas, producci\u00f3n, distribuci\u00f3n y transporte de productos, uso y eliminaci\u00f3n\/reutilizaci\u00f3n.<br>Las normas internacionales que eval\u00faan la huella de carbono de un producto incluyen ISO 14067, PAS 2050, GHG Protocol, eu PEF, entre otros.<\/p><\/div><\/div><\/div>\n<\/div><\/div><\/div><\/div>\n<\/div><\/div><\/div><\/div><\/div>\n<\/div><\/div><\/div><\/div><\/div>\n\n<div class=\"wp-block-essential-blocks-wrapper alignfull  root-eb-wrapper-8wsshso\"><div class=\"eb-parent-wrapper eb-parent-eb-wrapper-8wsshso \"><div class=\"eb-wrapper-outer eb-wrapper-8wsshso\"><div class=\"eb-wrapper-inner\"><div class=\"eb-wrapper-inner-blocks eb-wrapper-align-center\">\n<div class=\"wp-block-essential-blocks-advanced-heading  root-eb-advance-heading-is6vgqx\"><div class=\"eb-parent-wrapper eb-parent-eb-advance-heading-is6vgqx eb_animation eb___animated eb___fadeInLeft\"><div class=\"eb-advance-heading-wrapper eb-advance-heading-is6vgqx button-1 undefined\" data-id=\"eb-advance-heading-is6vgqx\"><h2 class=\"eb-ah-title\"><span class=\"first-title\">\u00bfPara qu\u00e9 sirve la huella de carbono del producto? <\/span><\/h2><\/div><\/div><\/div>\n\n\n\n<div class=\"wp-block-essential-blocks-row alignfull  root-eb-row-91ebpa5\"><div class=\"eb-parent-wrapper eb-parent-eb-row-91ebpa5 \"><div class=\"eb-row-root-container eb-row-91ebpa5\" data-id=\"eb-row-91ebpa5\"><div class=\"eb-row-wrapper\"><div class=\"eb-row-inner\">\n<div class=\"wp-block-essential-blocks-column  root-eb-column-mzb745m\"><div class=\"eb-parent-wrapper eb-parent-eb-column-mzb745m \"><div class=\"eb-column-wrapper eb-column-mzb745m\"><div class=\"eb-column-inner\">\n<div class=\"wp-block-essential-blocks-feature-list root-eb-feature-list-0szhdlg\"><div class=\"eb-parent-wrapper eb-parent-eb-feature-list-0szhdlg eb_animation eb___animated eb___fadeInLeft\"><div class=\"eb-feature-list-0szhdlg eb-feature-list-wrapper eb-icon-position-left eb-tablet-icon-position-left eb-mobile-icon-position-left eb-feature-list-left\"><ul class=\"eb-feature-list-items none\"><li class=\"eb-feature-list-item\" data-new-tab=\"false\" data-icon-type=\"icon\" data-icon=\"fas fa-1\" data-icon-color=\"\" data-link=\"\" data-show-badge=\"false\"><div class=\"eb-feature-list-icon-box\"><div class=\"eb-feature-list-icon-inner \"><span class=\"eb-feature-list-icon\" style=\"color:\"><i icon=\"fas fa-1\" class=\"fas fa-1 \"><\/i><\/span><\/div><\/div><div class=\"eb-feature-list-content-box\"><div class=\"eb-feature-list-title-wrapper\"><h3 class=\"eb-feature-list-title\">Pasaporte de Cumplimiento<\/h3><\/div><p class=\"eb-feature-list-content\">Hacer frente a las barreras arancelarias de carbono como el CBAM de la UE<\/p><\/div><\/li><li class=\"eb-feature-list-item\" data-new-tab=\"false\" data-icon-type=\"icon\" data-icon=\"fas fa-2\" data-icon-color=\"\" data-link=\"\" data-show-badge=\"false\"><div class=\"eb-feature-list-icon-box\"><div class=\"eb-feature-list-icon-inner \"><span class=\"eb-feature-list-icon\" style=\"color:\"><i icon=\"fas fa-2\" class=\"fas fa-2 \"><\/i><\/span><\/div><\/div><div class=\"eb-feature-list-content-box\"><div class=\"eb-feature-list-title-wrapper\"><h3 class=\"eb-feature-list-title\">Prima de mercado<\/h3><\/div><p class=\"eb-feature-list-content\">Los productos con etiqueta de carbono tienen una prima de hasta el 60%.<\/p><\/div><\/li><li class=\"eb-feature-list-item\" data-new-tab=\"false\" data-icon-type=\"icon\" data-icon=\"fas fa-3\" data-icon-color=\"\" data-link=\"\" data-show-badge=\"false\"><div class=\"eb-feature-list-icon-box\"><div class=\"eb-feature-list-icon-inner \"><span class=\"eb-feature-list-icon\" style=\"color:\"><i icon=\"fas fa-3\" class=\"fas fa-3 \"><\/i><\/span><\/div><\/div><div class=\"eb-feature-list-content-box\"><div class=\"eb-feature-list-title-wrapper\"><h3 class=\"eb-feature-list-title\">Influencia de la marca<\/h3><\/div><p class=\"eb-feature-list-content\">Entrar en la lista de compras verdes de los principales centros comerciales globales.<\/p><\/div><\/li><\/ul><\/div><\/div><\/div>\n<\/div><\/div><\/div><\/div>\n\n\n\n<div class=\"wp-block-essential-blocks-column  root-eb-column-9xr8krm\"><div class=\"eb-parent-wrapper eb-parent-eb-column-9xr8krm eb_animation eb___animated eb___fadeInRight\"><div class=\"eb-column-wrapper eb-column-9xr8krm\"><div class=\"eb-column-inner\">\n<div class=\"wp-block-essential-blocks-feature-list root-eb-feature-list-axci9\"><div class=\"eb-parent-wrapper eb-parent-eb-feature-list-axci9 eb_animation eb___animated eb___fadeInLeft\"><div class=\"eb-feature-list-axci9 eb-feature-list-wrapper eb-icon-position-left eb-tablet-icon-position-left eb-mobile-icon-position-left eb-feature-list-left\"><ul class=\"eb-feature-list-items none\"><li class=\"eb-feature-list-item\" data-new-tab=\"false\" data-icon-type=\"icon\" data-icon=\"fas fa-4\" data-icon-color=\"\" data-link=\"\" data-show-badge=\"false\"><div class=\"eb-feature-list-icon-box\"><div class=\"eb-feature-list-icon-inner \"><span class=\"eb-feature-list-icon\" style=\"color:\"><i icon=\"fas fa-4\" class=\"fas fa-4 \"><\/i><\/span><\/div><\/div><div class=\"eb-feature-list-content-box\"><div class=\"eb-feature-list-title-wrapper\"><h3 class=\"eb-feature-list-title\">Optimizaci\u00f3n de la cadena de suministro<\/h3><\/div><p class=\"eb-feature-list-content\">Identificar los eslabones de alto carbono para reducir costos y aumentar la eficiencia. <\/p><\/div><\/li><li class=\"eb-feature-list-item\" data-new-tab=\"false\" data-icon-type=\"icon\" data-icon=\"fas fa-5\" data-icon-color=\"\" data-link=\"\" data-show-badge=\"false\"><div class=\"eb-feature-list-icon-box\"><div class=\"eb-feature-list-icon-inner \"><span class=\"eb-feature-list-icon\" style=\"color:\"><i icon=\"fas fa-5\" class=\"fas fa-5 \"><\/i><\/span><\/div><\/div><div class=\"eb-feature-list-content-box\"><div class=\"eb-feature-list-title-wrapper\"><h3 class=\"eb-feature-list-title\">Beneficios pol\u00edticos<\/h3><\/div><p class=\"eb-feature-list-content\">Disfrutar de los subsidios locales de doble carbono<\/p><\/div><\/li><li class=\"eb-feature-list-item\" data-new-tab=\"false\" data-icon-type=\"icon\" data-icon=\"fas fa-6\" data-icon-color=\"\" data-link=\"\" data-show-badge=\"false\"><div class=\"eb-feature-list-icon-box\"><div class=\"eb-feature-list-icon-inner \"><span class=\"eb-feature-list-icon\" style=\"color:\"><i icon=\"fas fa-6\" class=\"fas fa-6 \"><\/i><\/span><\/div><\/div><div class=\"eb-feature-list-content-box\"><div class=\"eb-feature-list-title-wrapper\"><h3 class=\"eb-feature-list-title\">Facilitar la financiaci\u00f3n<\/h3><\/div><p class=\"eb-feature-list-content\">Las tasas de cr\u00e9dito verde son bajas.<\/p><\/div><\/li><\/ul><\/div><\/div><\/div>\n<\/div><\/div><\/div><\/div>\n\n\n\n<div class=\"wp-block-essential-blocks-column  root-eb-column-jyr98\"><div class=\"eb-parent-wrapper eb-parent-eb-column-jyr98 eb_animation eb___animated eb___fadeInRight\"><div class=\"eb-column-wrapper eb-column-jyr98\"><div class=\"eb-column-inner\">\n<figure class=\"wp-block-image size-large\"><img decoding=\"async\" src=\"https:\/\/www.carboncoreindustry.com\/wp-content\/uploads\/2025\/05\/&#x4E2D;&#x56FD;-1-1-1024x550.png\" alt=\"\" class=\"wp-image-7660\"\/><\/figure>\n<\/div><\/div><\/div><\/div>\n<\/div><\/div><\/div><\/div><\/div>\n\n\n\n<div class=\"wp-block-essential-blocks-button root-eb-button-nnz0zg3\"><div class=\"eb-parent-wrapper eb-parent-eb-button-nnz0zg3 \"><div class=\"eb-button-wrapper eb-button-alignment eb-button-nnz0zg3\"><div class=\"eb-button\"><div class=\"eb-button-inner-wrapper \"><a class=\"eb-button-anchor hvr-float \" href=\"https:\/\/cci.carboncoreindustry.com\/zero-carbon-products\" rel=\"noopener\">Huella de carbono del producto SaaS<\/a><\/div><\/div><\/div><\/div><\/div>\n<\/div><\/div><\/div><\/div><\/div>\n\n<div class=\"wp-block-essential-blocks-wrapper alignfull  root-eb-wrapper-posgbac\"><div class=\"eb-parent-wrapper eb-parent-eb-wrapper-posgbac \"><div class=\"eb-wrapper-outer eb-wrapper-posgbac\"><div class=\"eb-wrapper-inner\"><div class=\"eb-wrapper-inner-blocks eb-wrapper-align-center\">\n<div class=\"wp-block-essential-blocks-advanced-heading  root-eb-advance-heading-ti1xj\"><div class=\"eb-parent-wrapper eb-parent-eb-advance-heading-ti1xj \"><div class=\"eb-advance-heading-wrapper eb-advance-heading-ti1xj button-1 undefined\" data-id=\"eb-advance-heading-ti1xj\"><h2 class=\"eb-ah-title\"><span class=\"first-title\">IA + Huella de carbono y etiqueta de carbono para ayudarle a liderar en la carrera de sostenibilidad <\/span><\/h2><\/div><\/div><\/div>\n\n\n\n<div class=\"wp-block-essential-blocks-row alignfull  root-eb-row-t6ksa\"><div class=\"eb-parent-wrapper eb-parent-eb-row-t6ksa \"><div class=\"eb-row-root-container eb-row-t6ksa\" data-id=\"eb-row-t6ksa\"><div class=\"eb-row-wrapper\"><div class=\"eb-row-inner\">\n<div class=\"wp-block-essential-blocks-column  root-eb-column-ob8l8\"><div class=\"eb-parent-wrapper eb-parent-eb-column-ob8l8 eb_animation eb___animated eb___fadeInLeft\"><div class=\"eb-column-wrapper eb-column-ob8l8\"><div class=\"eb-column-inner\">\n<figure class=\"wp-block-image size-large\"><img loading=\"lazy\" decoding=\"async\" width=\"683\" height=\"1024\" src=\"https:\/\/www.carboncoreindustry.com\/wp-content\/uploads\/2025\/05\/green-buildings-7451748-4-683x1024.jpg\" alt=\"\" class=\"wp-image-7652\" srcset=\"https:\/\/www.carboncoreindustry.com\/wp-content\/uploads\/2025\/05\/green-buildings-7451748-4-683x1024.jpg 683w, https:\/\/www.carboncoreindustry.com\/wp-content\/uploads\/2025\/05\/green-buildings-7451748-4-scaled-600x900.jpg 600w, https:\/\/www.carboncoreindustry.com\/wp-content\/uploads\/2025\/05\/green-buildings-7451748-4-200x300.jpg 200w, https:\/\/www.carboncoreindustry.com\/wp-content\/uploads\/2025\/05\/green-buildings-7451748-4-768x1152.jpg 768w, https:\/\/www.carboncoreindustry.com\/wp-content\/uploads\/2025\/05\/green-buildings-7451748-4-1024x1536.jpg 1024w, https:\/\/www.carboncoreindustry.com\/wp-content\/uploads\/2025\/05\/green-buildings-7451748-4-1365x2048.jpg 1365w, https:\/\/www.carboncoreindustry.com\/wp-content\/uploads\/2025\/05\/green-buildings-7451748-4-scaled.jpg 1707w\" sizes=\"auto, (max-width: 683px) 100vw, 683px\" \/><\/figure>\n<\/div><\/div><\/div><\/div>\n\n\n\n<div class=\"wp-block-essential-blocks-column  root-eb-column-b4l0v\"><div class=\"eb-parent-wrapper eb-parent-eb-column-b4l0v eb_animation eb___animated eb___fadeInRight\"><div class=\"eb-column-wrapper eb-column-b4l0v\"><div class=\"eb-column-inner\">\n<div class=\"wp-block-essential-blocks-advanced-heading  root-eb-advance-heading-qxe1x\"><div class=\"eb-parent-wrapper eb-parent-eb-advance-heading-qxe1x eb_animation eb___animated eb___fadeInRight\"><div class=\"eb-advance-heading-wrapper eb-advance-heading-qxe1x button-1 undefined\" data-id=\"eb-advance-heading-qxe1x\"><h2 class=\"eb-ah-title\"><span class=\"first-title\">\u00bfEl an\u00e1lisis de acv del producto lleva mucho tiempo? \u00bfFaltan datos de la cadena de suministro?<br\/>\u00bfEs dif\u00edcil seguir las actualizaciones frecuentes de las normas internacionales?<\/span><\/h2><\/div><\/div><\/div>\n\n\n\n<div class=\"wp-block-essential-blocks-advanced-heading  root-eb-advance-heading-bfybf\"><div class=\"eb-parent-wrapper eb-parent-eb-advance-heading-bfybf eb_animation eb___animated eb___fadeInRight\"><div class=\"eb-advance-heading-wrapper eb-advance-heading-bfybf button-1 undefined\" data-id=\"eb-advance-heading-bfybf\"><h2 class=\"eb-ah-title\"><span class=\"first-title\">Le ofrecemos servicios de productos con cero emisiones de carbono en toda la cadena.<\/span><\/h2><\/div><\/div><\/div>\n\n\n\n<div class=\"wp-block-essential-blocks-feature-list root-eb-feature-list-p9w6n\"><div class=\"eb-parent-wrapper eb-parent-eb-feature-list-p9w6n eb_animation eb___animated eb___fadeInRight\"><div class=\"eb-feature-list-p9w6n eb-feature-list-wrapper eb-icon-position-left eb-tablet-icon-position-left eb-mobile-icon-position-left eb-feature-list-left\"><ul class=\"eb-feature-list-items none\"><li class=\"eb-feature-list-item\" data-new-tab=\"false\" data-icon-type=\"icon\" data-icon=\"fas fa-1\" data-icon-color=\"\" data-link=\"\" data-show-badge=\"false\"><div class=\"eb-feature-list-icon-box\"><div class=\"eb-feature-list-icon-inner \"><span class=\"eb-feature-list-icon\" style=\"color:\"><i icon=\"fas fa-1\" class=\"fas fa-1 \"><\/i><\/span><\/div><\/div><div class=\"eb-feature-list-content-box\"><div class=\"eb-feature-list-title-wrapper\"><h3 class=\"eb-feature-list-title\"> Evaluaci\u00f3n inteligente de la huella de carbono<\/h3><\/div><p class=\"eb-feature-list-content\">Metodolog\u00eda LCA reconocida internacionalmente + trazabilidad de datos con blockchain + contabilidad con IA, informe en 7 d\u00edas, transformaci\u00f3n cero carbono en 20 d\u00edas.<\/p><\/div><\/li><li class=\"eb-feature-list-item\" data-new-tab=\"false\" data-icon-type=\"icon\" data-icon=\"fas fa-2\" data-icon-color=\"\" data-link=\"\" data-show-badge=\"false\"><div class=\"eb-feature-list-icon-box\"><div class=\"eb-feature-list-icon-inner \"><span class=\"eb-feature-list-icon\" style=\"color:\"><i icon=\"fas fa-2\" class=\"fas fa-2 \"><\/i><\/span><\/div><\/div><div class=\"eb-feature-list-content-box\"><div class=\"eb-feature-list-title-wrapper\"><h3 class=\"eb-feature-list-title\">Certificaci\u00f3n de Etiqueta de Carbono Global<\/h3><\/div><p class=\"eb-feature-list-content\">Recomienda autom\u00e1ticamente la combinaci\u00f3n \u00f3ptima de certificaciones seg\u00fan los par\u00e1metros del producto y el mercado, con IA para obtener r\u00e1pidamente la homologaci\u00f3n.<\/p><\/div><\/li><li class=\"eb-feature-list-item\" data-new-tab=\"false\" data-icon-type=\"icon\" data-icon=\"fas fa-3\" data-icon-color=\"\" data-link=\"\" data-show-badge=\"false\"><div class=\"eb-feature-list-icon-box\"><div class=\"eb-feature-list-icon-inner \"><span class=\"eb-feature-list-icon\" style=\"color:\"><i icon=\"fas fa-3\" class=\"fas fa-3 \"><\/i><\/span><\/div><\/div><div class=\"eb-feature-list-content-box\"><div class=\"eb-feature-list-title-wrapper\"><h3 class=\"eb-feature-list-title\">Cumplimiento de exportaci\u00f3n para protecci\u00f3n<\/h3><\/div><p class=\"eb-feature-list-content\">Seguimiento en tiempo real de las regulaciones globales de comercio verde, desde materias primas y auxiliares hasta procesos, desde embalaje hasta log\u00edstica, ofreciendo la soluci\u00f3n \u00f3ptima de cumplimiento.<\/p><\/div><\/li><li class=\"eb-feature-list-item\" data-new-tab=\"false\" data-icon-type=\"icon\" data-icon=\"fas fa-4\" data-icon-color=\"\" data-link=\"\" data-show-badge=\"false\"><div class=\"eb-feature-list-icon-box\"><div class=\"eb-feature-list-icon-inner \"><span class=\"eb-feature-list-icon\" style=\"color:\"><i icon=\"fas fa-4\" class=\"fas fa-4 \"><\/i><\/span><\/div><\/div><div class=\"eb-feature-list-content-box\"><div class=\"eb-feature-list-title-wrapper\"><h3 class=\"eb-feature-list-title\">Valorizaci\u00f3n de activos de carbono<\/h3><\/div><p class=\"eb-feature-list-content\">Toma el autob\u00fas directo de la plataforma de comercio electr\u00f3nico internacional propia de CCI \u00abSupermercado Cero Carbono\u00bb y completa de una sola vez desde la producci\u00f3n cero carbono hasta las ventas globales.<\/p><\/div><\/li><\/ul><\/div><\/div><\/div>\n\n\n\n<div class=\"wp-block-essential-blocks-button root-eb-button-rfafh77\"><div class=\"eb-parent-wrapper eb-parent-eb-button-rfafh77 \"><div class=\"eb-button-wrapper eb-button-alignment eb-button-rfafh77\"><div class=\"eb-button\"><div class=\"eb-button-inner-wrapper \"><a class=\"eb-button-anchor hvr-float \" href=\"https:\/\/cci.carboncoreindustry.com\/zero-carbon-products\" rel=\"noopener\">Saber m\u00e1s<\/a><\/div><\/div><\/div><\/div><\/div>\n<\/div><\/div><\/div><\/div>\n<\/div><\/div><\/div><\/div><\/div>\n<\/div><\/div><\/div><\/div><\/div>\n\n<div class=\"wp-block-essential-blocks-wrapper alignfull  root-eb-wrapper-euccxwy\"><div class=\"eb-parent-wrapper eb-parent-eb-wrapper-euccxwy \"><div class=\"eb-wrapper-outer eb-wrapper-euccxwy\"><div class=\"eb-wrapper-inner\"><div class=\"eb-wrapper-inner-blocks eb-wrapper-align-center\">\n<div class=\"wp-block-essential-blocks-wrapper  root-eb-wrapper-l6sdw2y\"><div class=\"eb-parent-wrapper eb-parent-eb-wrapper-l6sdw2y \"><div class=\"eb-wrapper-outer eb-wrapper-l6sdw2y\"><div class=\"eb-wrapper-inner\"><div class=\"eb-wrapper-inner-blocks eb-wrapper-align-center\">\n<div class=\"wp-block-essential-blocks-advanced-heading  root-eb-advance-heading-l9fbebj\"><div class=\"eb-parent-wrapper eb-parent-eb-advance-heading-l9fbebj eb_animation eb___animated eb___zoomIn\"><div class=\"eb-advance-heading-wrapper eb-advance-heading-l9fbebj button-1 undefined\" data-id=\"eb-advance-heading-l9fbebj\"><h2 class=\"eb-ah-title\"><span class=\"first-title\">Sistema de acci\u00f3n \u00abCien Mil Millones\u00bb<\/span><\/h2><p class=\"eb-ah-subtitle\">\u00danase ahora a la Comunidad Global de Ciudades con Cero Carbono<\/p><\/div><\/div><\/div>\n\n\n\n<div class=\"wp-block-essential-blocks-button root-eb-button-7jx1yet\"><div class=\"eb-parent-wrapper eb-parent-eb-button-7jx1yet \"><div class=\"eb-button-wrapper eb-button-alignment eb-button-7jx1yet\"><div class=\"eb-button\"><div class=\"eb-button-inner-wrapper \"><a class=\"eb-button-anchor hvr-float \" href=\"https:\/\/www.carboncoreindustry.com\/es\/cci\/contactanos\/\" rel=\"noopener\">Cont\u00e1ctenos<\/a><\/div><\/div><\/div><\/div><\/div>\n<\/div><\/div><\/div><\/div><\/div>\n<\/div><\/div><\/div><\/div><\/div>\n","protected":false},"excerpt":{"rendered":"","protected":false},"author":5,"featured_media":0,"parent":8133,"menu_order":2,"comment_status":"closed","ping_status":"closed","template":"","meta":{"_eb_attr":"","_uag_custom_page_level_css":"","footnotes":""},"class_list":["post-7984","page","type-page","status-publish","hentry"],"uagb_featured_image_src":{"full":false,"thumbnail":false,"medium":false,"medium_large":false,"large":false,"1536x1536":false,"2048x2048":false},"uagb_author_info":{"display_name":"Y S.T","author_link":"https:\/\/www.carboncoreindustry.com\/es\/author\/yst\/"},"uagb_comment_info":0,"uagb_excerpt":null,"_links":{"self":[{"href":"https:\/\/www.carboncoreindustry.com\/es\/wp-json\/wp\/v2\/pages\/7984","targetHints":{"allow":["GET"]}}],"collection":[{"href":"https:\/\/www.carboncoreindustry.com\/es\/wp-json\/wp\/v2\/pages"}],"about":[{"href":"https:\/\/www.carboncoreindustry.com\/es\/wp-json\/wp\/v2\/types\/page"}],"author":[{"embeddable":true,"href":"https:\/\/www.carboncoreindustry.com\/es\/wp-json\/wp\/v2\/users\/5"}],"replies":[{"embeddable":true,"href":"https:\/\/www.carboncoreindustry.com\/es\/wp-json\/wp\/v2\/comments?post=7984"}],"version-history":[{"count":2,"href":"https:\/\/www.carboncoreindustry.com\/es\/wp-json\/wp\/v2\/pages\/7984\/revisions"}],"predecessor-version":[{"id":10683,"href":"https:\/\/www.carboncoreindustry.com\/es\/wp-json\/wp\/v2\/pages\/7984\/revisions\/10683"}],"up":[{"embeddable":true,"href":"https:\/\/www.carboncoreindustry.com\/es\/wp-json\/wp\/v2\/pages\/8133"}],"wp:attachment":[{"href":"https:\/\/www.carboncoreindustry.com\/es\/wp-json\/wp\/v2\/media?parent=7984"}],"curies":[{"name":"wp","href":"https:\/\/api.w.org\/{rel}","templated":true}]}}