{"id":7978,"date":"2025-05-07T07:48:39","date_gmt":"2025-05-07T07:48:39","guid":{"rendered":"https:\/\/www.carboncoreindustry.com\/parque-industrial\/"},"modified":"2025-11-23T02:37:50","modified_gmt":"2025-11-23T02:37:50","slug":"parque-industrial","status":"publish","type":"page","link":"https:\/\/www.carboncoreindustry.com\/es\/cci\/parque-industrial\/","title":{"rendered":"parque industrial"},"content":{"rendered":"\n<div class=\"wp-block-essential-blocks-wrapper alignfull  root-eb-wrapper-vzksq\"><div class=\"eb-parent-wrapper eb-parent-eb-wrapper-vzksq \"><div class=\"eb-wrapper-outer eb-wrapper-vzksq\"><div class=\"eb-wrapper-inner\"><div class=\"eb-wrapper-inner-blocks eb-wrapper-align-center\">\n<div class=\"wp-block-essential-blocks-text root-eb-text-u9e3o\"><div class=\"eb-parent-wrapper eb-parent-eb-text-u9e3o \"><div class=\"eb-text-wrapper eb-text-u9e3o\" data-id=\"eb-text-u9e3o\"><h1 class=\"eb-text\">CCI+AI<\/h1><\/div><\/div><\/div>\n\n\n\n<div class=\"wp-block-essential-blocks-text root-eb-text-ehb1k\"><div class=\"eb-parent-wrapper eb-parent-eb-text-ehb1k \"><div class=\"eb-text-wrapper eb-text-ehb1k\" data-id=\"eb-text-ehb1k\"><h1 class=\"eb-text\">Una plataforma \u00fanica para zero carbon park<\/h1><\/div><\/div><\/div>\n\n\n\n<div class=\"wp-block-essential-blocks-text root-eb-text-tjhn3\"><div class=\"eb-parent-wrapper eb-parent-eb-text-tjhn3 \"><div class=\"eb-text-wrapper eb-text-tjhn3\" data-id=\"eb-text-tjhn3\"><h1 class=\"eb-text\">Construyendo un ciclo cerrado de cumplimiento corporativo ESG y gesti\u00f3n sostenible<\/h1><\/div><\/div><\/div>\n\n\n\n<div class=\"wp-block-essential-blocks-button root-eb-button-lkqew\"><div class=\"eb-parent-wrapper eb-parent-eb-button-lkqew \"><div class=\"eb-button-wrapper eb-button-alignment eb-button-lkqew\"><div class=\"eb-button\"><div class=\"eb-button-inner-wrapper \"><a class=\"eb-button-anchor \" href=\"https:\/\/cci.carboncoreindustry.com\/zero-carbon-park\" rel=\"noopener\">La experiencia inmediata<\/a><\/div><\/div><\/div><\/div><\/div>\n<\/div><\/div><\/div><\/div><\/div>\n\n<div class=\"wp-block-essential-blocks-wrapper alignfull  root-eb-wrapper-0js7y\"><div class=\"eb-parent-wrapper eb-parent-eb-wrapper-0js7y \"><div class=\"eb-wrapper-outer eb-wrapper-0js7y\"><div class=\"eb-wrapper-inner\"><div class=\"eb-wrapper-inner-blocks eb-wrapper-align-center\">\n<div class=\"wp-block-uagb-advanced-heading uagb-block-022e7a60\"><h2 class=\"uagb-heading-text\">La construcci\u00f3n del parque de carbono cero en China ha aumentado a todo ritmo<\/h2><\/div>\n\n\n\n<div class=\"wp-block-essential-blocks-feature-list root-eb-feature-list-h2wl1\"><div class=\"eb-parent-wrapper eb-parent-eb-feature-list-h2wl1 \"><div class=\"eb-feature-list-h2wl1 eb-feature-list-wrapper eb-icon-position-left eb-tablet-icon-position-left eb-mobile-icon-position-left eb-feature-list-left\"><ul class=\"eb-feature-list-items none\"><li class=\"eb-feature-list-item\" data-new-tab=\"false\" data-icon-type=\"icon\" data-icon=\"far fa-circle-dot\" data-link=\"\" data-show-badge=\"false\"><div class=\"eb-feature-list-icon-box\"><div class=\"eb-feature-list-icon-inner \"><span class=\"eb-feature-list-icon\"><i icon=\"far fa-circle-dot\" class=\"far fa-circle-dot \"><\/i><\/span><\/div><\/div><div class=\"eb-feature-list-content-box\"><div class=\"eb-feature-list-title-wrapper\"><h5 class=\"eb-feature-list-title\">Fecha diciembre 2024<\/h5><\/div><p class=\"eb-feature-list-content\">La reuni\u00f3n de trabajo de econom\u00eda central propuso por primera vez \u00abestablecer un parque de carbono cero\u00bb<\/p><\/div><\/li><li class=\"eb-feature-list-item\" data-new-tab=\"false\" data-icon-type=\"icon\" data-icon=\"far fa-circle-dot\" data-icon-color=\"\" data-link=\"\" data-show-badge=\"false\"><div class=\"eb-feature-list-icon-box\"><div class=\"eb-feature-list-icon-inner \"><span class=\"eb-feature-list-icon\" style=\"color:\"><i icon=\"far fa-circle-dot\" class=\"far fa-circle-dot \"><\/i><\/span><\/div><\/div><div class=\"eb-feature-list-content-box\"><div class=\"eb-feature-list-title-wrapper\"><h5 class=\"eb-feature-list-title\">Marzo de 2025<\/h5><\/div><p class=\"eb-feature-list-content\">Las dos conferencias nacionales enfatizan nuevamente \u00abla construcci\u00f3n de un parque nacional de carbono cero\u00bb<\/p><\/div><\/li><li class=\"eb-feature-list-item\" data-new-tab=\"false\" data-icon-type=\"icon\" data-icon=\"far fa-circle-dot\" data-icon-color=\"\" data-link=\"\" data-show-badge=\"false\"><div class=\"eb-feature-list-icon-box\"><div class=\"eb-feature-list-icon-inner \"><span class=\"eb-feature-list-icon\" style=\"color:\"><i icon=\"far fa-circle-dot\" class=\"far fa-circle-dot \"><\/i><\/span><\/div><\/div><div class=\"eb-feature-list-content-box\"><div class=\"eb-feature-list-title-wrapper\"><h5 class=\"eb-feature-list-title\">Julio de 2025<\/h5><\/div><p class=\"eb-feature-list-content\">La comisi\u00f3n nacional de desarrollo y reforma, el ministerio de industria y tecnolog\u00eda de la informaci\u00f3n y la agencia nacional de energ\u00eda publicaron conjuntamente un aviso sobre la construcci\u00f3n de un parque de carbono cero<\/p><\/div><\/li><li class=\"eb-feature-list-item\" data-new-tab=\"false\" data-icon-type=\"icon\" data-icon=\"far fa-circle-dot\" data-icon-color=\"\" data-link=\"\" data-show-badge=\"false\"><div class=\"eb-feature-list-icon-box\"><div class=\"eb-feature-list-icon-inner \"><span class=\"eb-feature-list-icon\" style=\"color:\"><i icon=\"far fa-circle-dot\" class=\"far fa-circle-dot \"><\/i><\/span><\/div><\/div><div class=\"eb-feature-list-content-box\"><div class=\"eb-feature-list-title-wrapper\"><h5 class=\"eb-feature-list-title\">\u2026\u2026<\/h5><\/div><p class=\"eb-feature-list-content\">El parque de carbono cero se ha convertido en el agarre central de China para lograr una transformaci\u00f3n ecol\u00f3gica integral de la econom\u00eda y la sociedad, construir un sistema industrial moderno y enfrentar el desaf\u00edo del cambio clim\u00e1tico global<\/p><\/div><\/li><\/ul><\/div><\/div><\/div>\n\n\n\n<div class=\"wp-block-essential-blocks-text root-eb-text-q7jmw\"><div class=\"eb-parent-wrapper eb-parent-eb-text-q7jmw \"><div class=\"eb-text-wrapper eb-text-q7jmw\" data-id=\"eb-text-q7jmw\"><p class=\"eb-text\"><a href=\"https:\/\/www.carboncoreindustry.com\/zero_industrial_park_policy\/\" data-type=\"page\" data-id=\"8979\">Vea nuestras fuentes de tecnolog\u00eda<\/a><\/p><\/div><\/div><\/div>\n<\/div><\/div><\/div><\/div><\/div>\n\n<div class=\"wp-block-essential-blocks-wrapper alignfull  root-eb-wrapper-2t8b9\"><div class=\"eb-parent-wrapper eb-parent-eb-wrapper-2t8b9 \"><div class=\"eb-wrapper-outer eb-wrapper-2t8b9\"><div class=\"eb-wrapper-inner\"><div class=\"eb-wrapper-inner-blocks eb-wrapper-align-center\">\n<div class=\"wp-block-essential-blocks-row alignfull  root-eb-row-eegkc\"><div class=\"eb-parent-wrapper eb-parent-eb-row-eegkc \"><div class=\"eb-row-root-container eb-row-eegkc\" data-id=\"eb-row-eegkc\"><div class=\"eb-row-wrapper\"><div class=\"eb-row-inner\">\n<div class=\"wp-block-essential-blocks-column  root-eb-column-8n0p9\"><div class=\"eb-parent-wrapper eb-parent-eb-column-8n0p9 eb_animation eb___animated eb___fadeInLeft\"><div class=\"eb-column-wrapper eb-column-8n0p9\"><div class=\"eb-column-inner\">\n<div class=\"wp-block-uagb-advanced-heading uagb-block-3bfc9817\"><h2 class=\"uagb-heading-text\">Varios gobiernos locales env\u00edan mensajes para apoyar la construcci\u00f3n de parques de carbono cero<\/h2><\/div>\n\n\n\n<div class=\"wp-block-essential-blocks-feature-list root-eb-feature-list-vddoq\"><div class=\"eb-parent-wrapper eb-parent-eb-feature-list-vddoq \"><div class=\"eb-feature-list-vddoq eb-feature-list-wrapper eb-icon-position-left eb-tablet-icon-position-left eb-mobile-icon-position-left eb-feature-list-left\"><ul class=\"eb-feature-list-items none\"><li class=\"eb-feature-list-item\" data-new-tab=\"false\" data-icon-type=\"icon\" data-icon=\"far fa-calendar-check\" data-link=\"\" data-show-badge=\"false\"><div class=\"eb-feature-list-icon-box\"><div class=\"eb-feature-list-icon-inner \"><span class=\"eb-feature-list-icon\"><i icon=\"far fa-calendar-check\" class=\"far fa-calendar-check \"><\/i><\/span><\/div><\/div><div class=\"eb-feature-list-content-box\"><div class=\"eb-feature-list-title-wrapper\"><h5 class=\"eb-feature-list-title\">Provincia de jiangsu<\/h5><\/div><p class=\"eb-feature-list-content\">La comisi\u00f3n de desarrollo y reforma de jiangsu encabez\u00f3 la redacci\u00f3n del est\u00e1ndar local DB32\/T 5156-2025 \u00abgu\u00eda para la construcci\u00f3n de parques de carbono cero\u00bb.<\/p><\/div><\/li><li class=\"eb-feature-list-item\" data-new-tab=\"false\" data-icon-type=\"icon\" data-icon=\"far fa-calendar-check\" data-icon-color=\"\" data-link=\"\" data-show-badge=\"false\"><div class=\"eb-feature-list-icon-box\"><div class=\"eb-feature-list-icon-inner \"><span class=\"eb-feature-list-icon\" style=\"color:\"><i icon=\"far fa-calendar-check\" class=\"far fa-calendar-check \"><\/i><\/span><\/div><\/div><div class=\"eb-feature-list-content-box\"><div class=\"eb-feature-list-title-wrapper\"><h5 class=\"eb-feature-list-title\">Provincia de zhejiang<\/h5><\/div><p class=\"eb-feature-list-content\">La oficina de econom\u00eda y tecnolog\u00eda de la informaci\u00f3n de zhejiang, la comisi\u00f3n de desarrollo y reforma de zhejiang y la oficina de ciencia y tecnolog\u00eda de zhejiang formularon la gu\u00eda para la evaluaci\u00f3n de la construcci\u00f3n de parques industriales ecol\u00f3gicos de baja emisi\u00f3n de carbono en zhejiang (versi\u00f3n 2024) y propuso construir 50 parques industriales ecol\u00f3gicos de baja emisi\u00f3n de carbono a nivel provincial para 2025.<\/p><\/div><\/li><li class=\"eb-feature-list-item\" data-new-tab=\"false\" data-icon-type=\"icon\" data-icon=\"far fa-calendar-check\" data-icon-color=\"\" data-link=\"\" data-show-badge=\"false\"><div class=\"eb-feature-list-icon-box\"><div class=\"eb-feature-list-icon-inner \"><span class=\"eb-feature-list-icon\" style=\"color:\"><i icon=\"far fa-calendar-check\" class=\"far fa-calendar-check \"><\/i><\/span><\/div><\/div><div class=\"eb-feature-list-content-box\"><div class=\"eb-feature-list-title-wrapper\"><h5 class=\"eb-feature-list-title\">Provincia de anhui<\/h5><\/div><p class=\"eb-feature-list-content\">La comisi\u00f3n de desarrollo y reforma de la provincia de anhui y la administraci\u00f3n de energ\u00eda de la provincia de anhui han emitido el plan de construcci\u00f3n de parques industriales de carbono cero en la provincia de anhui (piloto), que propone crear m\u00e1s de cinco parques industriales de demostraci\u00f3n de carbono cero para 2027 y construir m\u00e1s de 20 parques industriales de carbono cero para 2030.<\/p><\/div><\/li><li class=\"eb-feature-list-item\" data-new-tab=\"false\" data-icon-type=\"icon\" data-icon=\"far fa-calendar-check\" data-icon-color=\"\" data-link=\"\" data-show-badge=\"false\"><div class=\"eb-feature-list-icon-box\"><div class=\"eb-feature-list-icon-inner \"><span class=\"eb-feature-list-icon\" style=\"color:\"><i icon=\"far fa-calendar-check\" class=\"far fa-calendar-check \"><\/i><\/span><\/div><\/div><div class=\"eb-feature-list-content-box\"><div class=\"eb-feature-list-title-wrapper\"><h5 class=\"eb-feature-list-title\">Provincia de yunnan<\/h5><\/div><p class=\"eb-feature-list-content\">La comisi\u00f3n de desarrollo y reforma de yunnan y la oficina de industria y tecnolog\u00eda de la informaci\u00f3n de yunnan han desarrollado el \u00abprograma de trabajo para promover la construcci\u00f3n de parques de carbono cero en yunnan\u00bb y el sistema de indicadores de evaluaci\u00f3n, y han propuesto organizar la creaci\u00f3n de 15 parques de carbono cero para 2025.<\/p><\/div><\/li><li class=\"eb-feature-list-item\" data-new-tab=\"false\" data-icon-type=\"icon\" data-icon=\"far fa-calendar-check\" data-icon-color=\"\" data-link=\"\" data-show-badge=\"false\"><div class=\"eb-feature-list-icon-box\"><div class=\"eb-feature-list-icon-inner \"><span class=\"eb-feature-list-icon\" style=\"color:\"><i icon=\"far fa-calendar-check\" class=\"far fa-calendar-check \"><\/i><\/span><\/div><\/div><div class=\"eb-feature-list-content-box\"><div class=\"eb-feature-list-title-wrapper\"><h5 class=\"eb-feature-list-title\">Provincia de shandong<\/h5><\/div><p class=\"eb-feature-list-content\">La comisi\u00f3n de desarrollo y reforma de la provincia de shandong, la oficina de industria e informaci\u00f3n de la provincia de shandong y la oficina de energ\u00eda de shandong han emitido conjuntamente el \u00abprograma de construcci\u00f3n del parque de carbono cero de shandong\u00bb.<\/p><\/div><\/li><\/ul><\/div><\/div><\/div>\n<\/div><\/div><\/div><\/div>\n\n\n\n<div class=\"wp-block-essential-blocks-column  root-eb-column-5cbvh\"><div class=\"eb-parent-wrapper eb-parent-eb-column-5cbvh eb_animation eb___animated eb___fadeInRight\"><div class=\"eb-column-wrapper eb-column-5cbvh\"><div class=\"eb-column-inner\">\n<figure class=\"wp-block-image size-large is-resized\"><img loading=\"lazy\" decoding=\"async\" width=\"480\" height=\"1024\" src=\"https:\/\/www.carboncoreindustry.com\/wp-content\/uploads\/2025\/09\/f14d5d33-0c41-4133-b529-05c4db4ce3cc-3-480x1024.jpg\" alt=\"\" class=\"wp-image-8948\" style=\"width:252px;height:auto\" srcset=\"https:\/\/www.carboncoreindustry.com\/wp-content\/uploads\/2025\/09\/f14d5d33-0c41-4133-b529-05c4db4ce3cc-3-480x1024.jpg 480w, https:\/\/www.carboncoreindustry.com\/wp-content\/uploads\/2025\/09\/f14d5d33-0c41-4133-b529-05c4db4ce3cc-3-141x300.jpg 141w, https:\/\/www.carboncoreindustry.com\/wp-content\/uploads\/2025\/09\/f14d5d33-0c41-4133-b529-05c4db4ce3cc-3-768x1638.jpg 768w, https:\/\/www.carboncoreindustry.com\/wp-content\/uploads\/2025\/09\/f14d5d33-0c41-4133-b529-05c4db4ce3cc-3-720x1536.jpg 720w, https:\/\/www.carboncoreindustry.com\/wp-content\/uploads\/2025\/09\/f14d5d33-0c41-4133-b529-05c4db4ce3cc-3-960x2048.jpg 960w, https:\/\/www.carboncoreindustry.com\/wp-content\/uploads\/2025\/09\/f14d5d33-0c41-4133-b529-05c4db4ce3cc-3-600x1280.jpg 600w, https:\/\/www.carboncoreindustry.com\/wp-content\/uploads\/2025\/09\/f14d5d33-0c41-4133-b529-05c4db4ce3cc-3-scaled.jpg 1200w\" sizes=\"auto, (max-width: 480px) 100vw, 480px\" \/><\/figure>\n<\/div><\/div><\/div><\/div>\n<\/div><\/div><\/div><\/div><\/div>\n<\/div><\/div><\/div><\/div><\/div>\n\n<div class=\"wp-block-essential-blocks-wrapper alignfull  root-eb-wrapper-posgbac\"><div class=\"eb-parent-wrapper eb-parent-eb-wrapper-posgbac \"><div class=\"eb-wrapper-outer eb-wrapper-posgbac\"><div class=\"eb-wrapper-inner\"><div class=\"eb-wrapper-inner-blocks eb-wrapper-align-center\">\n<div class=\"wp-block-essential-blocks-advanced-heading  root-eb-advance-heading-dm9glh2\"><div class=\"eb-parent-wrapper eb-parent-eb-advance-heading-dm9glh2 eb_animation eb___animated eb___fadeInRight\"><div class=\"eb-advance-heading-wrapper eb-advance-heading-dm9glh2 button-1 undefined\" data-id=\"eb-advance-heading-dm9glh2\"><h2 class=\"eb-ah-title\"><span class=\"first-title\">Ofrecemos soluciones integrales para el ciclo de vida completo de parques con cero emisiones de carbono.<\/span><\/h2><p class=\"eb-ah-subtitle\">Desde la planificaci\u00f3n y dise\u00f1o hasta la construcci\u00f3n y la gesti\u00f3n operativa, le ayudamos a entrar en la puerta de cero emisiones de carbono desde cualquier etapa.<\/p><\/div><\/div><\/div>\n\n\n\n<div data-aos= \"fade-left\" data-aos-duration=\"1000\" data-aos-delay=\"0\" data-aos-easing=\"ease\" data-aos-once=\"true\" class=\"wp-block-uagb-image aligncenter uagb-block-053a7c21 wp-block-uagb-image--layout-default wp-block-uagb-image--effect-static wp-block-uagb-image--align-center\"><figure class=\"wp-block-uagb-image__figure\"><img decoding=\"async\" srcset=\"https:\/\/www.carboncoreindustry.com\/wp-content\/uploads\/2025\/05\/\u6f14\u793a\u6587\u7a3f1.pptx-3.svg ,https:\/\/www.carboncoreindustry.com\/wp-content\/uploads\/2025\/05\/\u6f14\u793a\u6587\u7a3f1.pptx-3.svg 780w, https:\/\/www.carboncoreindustry.com\/wp-content\/uploads\/2025\/05\/\u6f14\u793a\u6587\u7a3f1.pptx-3.svg 360w\" sizes=\"auto, (max-width: 480px) 150px\" src=\"https:\/\/www.carboncoreindustry.com\/wp-content\/uploads\/2025\/05\/%E6%BC%94%E7%A4%BA%E6%96%87%E7%A8%BF1.pptx-3.svg\" alt=\"\" class=\"uag-image-7575\" width=\"1024\" height=\"320\" title=\"Presentaci\u00f3n1.pptx\" loading=\"lazy\" role=\"img\"><\/figure><\/div>\n\n\n\n<div class=\"wp-block-group is-content-justification-center is-nowrap is-layout-flex wp-container-core-group-is-layout-23441af8 wp-block-group-is-layout-flex\">\n<div class=\"wp-block-essential-blocks-button root-eb-button-tiuyd\"><div class=\"eb-parent-wrapper eb-parent-eb-button-tiuyd eb_animation eb___animated eb___slideInLeft\"><div class=\"eb-button-wrapper eb-button-alignment eb-button-tiuyd\"><div class=\"eb-button\"><div class=\"eb-button-inner-wrapper \"><a class=\"eb-button-anchor hvr-float \" href=\"https:\/\/www.carboncoreindustry.com\/es\/cci\/contactanos\/\" rel=\"noopener\">Activaci\u00f3n de servicios personalizados para parques de carbono cero.<\/a><\/div><\/div><\/div><\/div><\/div>\n\n\n\n<div class=\"wp-block-essential-blocks-button root-eb-button-q66u6\"><div class=\"eb-parent-wrapper eb-parent-eb-button-q66u6 eb_animation eb___animated eb___slideInLeft\"><div class=\"eb-button-wrapper eb-button-alignment eb-button-q66u6\"><div class=\"eb-button\"><div class=\"eb-button-inner-wrapper \"><a class=\"eb-button-anchor hvr-float \" href=\"https:\/\/www.carboncoreindustry.com\/zero_industrial_park_policy\/\" rel=\"noopener\">Conjunto de tecnolog\u00edas recomendadas para la pol\u00edtica zero carbon park<\/a><\/div><\/div><\/div><\/div><\/div>\n<\/div>\n<\/div><\/div><\/div><\/div><\/div>\n\n<div class=\"wp-block-essential-blocks-wrapper alignfull  root-eb-wrapper-blavi\"><div class=\"eb-parent-wrapper eb-parent-eb-wrapper-blavi \"><div class=\"eb-wrapper-outer eb-wrapper-blavi\"><div class=\"eb-wrapper-inner\"><div class=\"eb-wrapper-inner-blocks eb-wrapper-align-center\">\n<div class=\"wp-block-essential-blocks-row alignfull  root-eb-row-ul2ka\"><div class=\"eb-parent-wrapper eb-parent-eb-row-ul2ka \"><div class=\"eb-row-root-container eb-row-ul2ka\" data-id=\"eb-row-ul2ka\"><div class=\"eb-row-wrapper\"><div class=\"eb-row-inner\">\n<div class=\"wp-block-essential-blocks-column  root-eb-column-snv55\"><div class=\"eb-parent-wrapper eb-parent-eb-column-snv55 eb_animation eb___animated eb___fadeInLeft\"><div class=\"eb-column-wrapper eb-column-snv55\"><div class=\"eb-column-inner\">\n<div class=\"wp-block-essential-blocks-advanced-heading  root-eb-advance-heading-64rhq\"><div class=\"eb-parent-wrapper eb-parent-eb-advance-heading-64rhq eb_animation eb___animated eb___fadeInLeft\"><div class=\"eb-advance-heading-wrapper eb-advance-heading-64rhq button-1 undefined\" data-id=\"eb-advance-heading-64rhq\"><h2 class=\"eb-ah-title\"><span class=\"first-title\">Caso de demostraci\u00f3n <\/span><\/h2><p class=\"eb-ah-subtitle\">La primera ciudad industrial y financiera casi cero carbono de China<\/p><\/div><\/div><\/div>\n\n\n\n<div class=\"wp-block-essential-blocks-text root-eb-text-3c6qu\"><div class=\"eb-parent-wrapper eb-parent-eb-text-3c6qu \"><div class=\"eb-text-wrapper eb-text-3c6qu\" data-id=\"eb-text-3c6qu\"><p class=\"eb-text\">Este proyecto est\u00e1 ubicado en el \u00e1rea central del distrito de Bao&#8217;an en Shenzhen, con un \u00e1rea de aproximadamente 1 mill\u00f3n de metros cuadrados. Se centra en dos pilares urbanos principales: la comunidad y el parque industrial, siendo la primera ciudad industrial y financiera de carbono casi cero en China que abarca un enfoque integral en todos los aspectos, todo el ciclo y toda la cadena.<\/p><\/div><\/div><\/div>\n\n\n\n<div class=\"wp-block-essential-blocks-feature-list root-eb-feature-list-qd6mj\"><div class=\"eb-parent-wrapper eb-parent-eb-feature-list-qd6mj \"><div class=\"eb-feature-list-qd6mj eb-feature-list-wrapper eb-icon-position-left eb-tablet-icon-position-left eb-mobile-icon-position-left eb-feature-list-left\"><ul class=\"eb-feature-list-items none\"><li class=\"eb-feature-list-item\" data-new-tab=\"false\" data-icon-type=\"icon\" data-icon=\"far fa-hand-point-up\" data-icon-color=\"\" data-link=\"\" data-show-badge=\"false\"><div class=\"eb-feature-list-icon-box\"><div class=\"eb-feature-list-icon-inner \"><span class=\"eb-feature-list-icon\" style=\"color:\"><i icon=\"far fa-hand-point-up\" class=\"far fa-hand-point-up \"><\/i><\/span><\/div><\/div><div class=\"eb-feature-list-content-box\"><div class=\"eb-feature-list-title-wrapper\"><h3 class=\"eb-feature-list-title\">Per\u00edodo de recuperaci\u00f3n est\u00e1tica de 5 a 8 a\u00f1os<\/h3><\/div><p class=\"eb-feature-list-content\">Paquete tecnol\u00f3gico de productos personalizados modulares, que logra beneficios econ\u00f3micos en 5-8 a\u00f1os mediante la gesti\u00f3n y regulaci\u00f3n energ\u00e9tica, tecnolog\u00eda de materiales de construcci\u00f3n ecol\u00f3gicos, aprovechamiento de residuos, gesti\u00f3n de recursos, regulaci\u00f3n ambiental y gesti\u00f3n operativa.<\/p><\/div><\/li><li class=\"eb-feature-list-item\" data-new-tab=\"false\" data-icon-type=\"icon\" data-icon=\"far fa-thumbs-up\" data-icon-color=\"\" data-link=\"\" data-show-badge=\"false\"><div class=\"eb-feature-list-icon-box\"><div class=\"eb-feature-list-icon-inner \"><span class=\"eb-feature-list-icon\" style=\"color:\"><i icon=\"far fa-thumbs-up\" class=\"far fa-thumbs-up \"><\/i><\/span><\/div><\/div><div class=\"eb-feature-list-content-box\"><div class=\"eb-feature-list-title-wrapper\"><h3 class=\"eb-feature-list-title\">Representantes t\u00edpicos de la industria<\/h3><\/div><p class=\"eb-feature-list-content\">Ha sido reportado repetidamente por medios autorizados nacionales e internacionales como modelo nacional, y es un parque modelo para las \u00abDos Sesiones\u00bb y la provincia de Guangdong.<\/p><\/div><\/li><\/ul><\/div><\/div><\/div>\n\n\n\n<div class=\"wp-block-essential-blocks-button root-eb-button-15fxd\"><div class=\"eb-parent-wrapper eb-parent-eb-button-15fxd \"><div class=\"eb-button-wrapper eb-button-alignment eb-button-15fxd\"><div class=\"eb-button\"><div class=\"eb-button-inner-wrapper \"><a class=\"eb-button-anchor hvr-float \" href=\"https:\/\/mp.weixin.qq.com\/s\/6-lQkM5ebMt8iqwtYL8piw\" rel=\"noopener\">Saber m\u00e1s<\/a><\/div><\/div><\/div><\/div><\/div>\n<\/div><\/div><\/div><\/div>\n\n\n\n<div class=\"wp-block-essential-blocks-column  root-eb-column-402uk\"><div class=\"eb-parent-wrapper eb-parent-eb-column-402uk eb_animation eb___animated eb___fadeInRight\"><div class=\"eb-column-wrapper eb-column-402uk\"><div class=\"eb-column-inner\">\n<div class=\"wp-block-uagb-image uagb-block-9bbf74e1 wp-block-uagb-image--layout-default wp-block-uagb-image--effect-static wp-block-uagb-image--align-none\"><figure class=\"wp-block-uagb-image__figure\"><img decoding=\"async\" srcset=\"https:\/\/www.carboncoreindustry.com\/wp-content\/uploads\/2025\/05\/6b853571-4f0c-43f4-b483-21d0949a115c-1024x1024.jpg ,https:\/\/www.carboncoreindustry.com\/wp-content\/uploads\/2025\/05\/6b853571-4f0c-43f4-b483-21d0949a115c-scaled.jpg 780w, https:\/\/www.carboncoreindustry.com\/wp-content\/uploads\/2025\/05\/6b853571-4f0c-43f4-b483-21d0949a115c-scaled.jpg 360w\" sizes=\"auto, (max-width: 480px) 150px\" src=\"https:\/\/www.carboncoreindustry.com\/wp-content\/uploads\/2025\/05\/6b853571-4f0c-43f4-b483-21d0949a115c-1024x1024.jpg\" alt=\"\" class=\"uag-image-7578\" width=\"767\" height=\"500\" title=\"6b853571-4f0c-43f4-b483-21d0949a115c\" loading=\"lazy\" role=\"img\"><\/figure><\/div>\n<\/div><\/div><\/div><\/div>\n<\/div><\/div><\/div><\/div><\/div>\n<\/div><\/div><\/div><\/div><\/div>\n\n<div class=\"wp-block-essential-blocks-wrapper alignfull  root-eb-wrapper-7x4yp\"><div class=\"eb-parent-wrapper eb-parent-eb-wrapper-7x4yp \"><div class=\"eb-wrapper-outer eb-wrapper-7x4yp\"><div class=\"eb-wrapper-inner\"><div class=\"eb-wrapper-inner-blocks eb-wrapper-align-center\">\n<div class=\"wp-block-essential-blocks-wrapper  root-eb-wrapper-tvhnv\"><div class=\"eb-parent-wrapper eb-parent-eb-wrapper-tvhnv \"><div class=\"eb-wrapper-outer eb-wrapper-tvhnv\"><div class=\"eb-wrapper-inner\"><div class=\"eb-wrapper-inner-blocks eb-wrapper-align-center\">\n<div class=\"wp-block-essential-blocks-advanced-heading  root-eb-advance-heading-asxq9\"><div class=\"eb-parent-wrapper eb-parent-eb-advance-heading-asxq9 eb_animation eb___animated eb___zoomIn\"><div class=\"eb-advance-heading-wrapper eb-advance-heading-asxq9 button-1 undefined\" data-id=\"eb-advance-heading-asxq9\"><h2 class=\"eb-ah-title\"><span class=\"first-title\">Sistema de acci\u00f3n \u00abCien Mil Millones\u00bb<\/span><\/h2><p class=\"eb-ah-subtitle\">\u00danase ahora a la Comunidad Global de Ciudades con Cero Carbono<\/p><\/div><\/div><\/div>\n\n\n\n<div class=\"wp-block-essential-blocks-button root-eb-button-f0rm5\"><div class=\"eb-parent-wrapper eb-parent-eb-button-f0rm5 \"><div class=\"eb-button-wrapper eb-button-alignment eb-button-f0rm5\"><div class=\"eb-button\"><div class=\"eb-button-inner-wrapper \"><a class=\"eb-button-anchor hvr-float \" href=\"https:\/\/www.carboncoreindustry.com\/es\/cci\/contactanos\/\" rel=\"noopener\">Cont\u00e1ctenos<\/a><\/div><\/div><\/div><\/div><\/div>\n<\/div><\/div><\/div><\/div><\/div>\n<\/div><\/div><\/div><\/div><\/div>\n","protected":false},"excerpt":{"rendered":"","protected":false},"author":5,"featured_media":0,"parent":8133,"menu_order":2,"comment_status":"closed","ping_status":"closed","template":"","meta":{"_eb_attr":"","_uag_custom_page_level_css":"","footnotes":""},"class_list":["post-7978","page","type-page","status-publish","hentry"],"uagb_featured_image_src":{"full":false,"thumbnail":false,"medium":false,"medium_large":false,"large":false,"1536x1536":false,"2048x2048":false},"uagb_author_info":{"display_name":"Y S.T","author_link":"https:\/\/www.carboncoreindustry.com\/es\/author\/yst\/"},"uagb_comment_info":0,"uagb_excerpt":null,"_links":{"self":[{"href":"https:\/\/www.carboncoreindustry.com\/es\/wp-json\/wp\/v2\/pages\/7978","targetHints":{"allow":["GET"]}}],"collection":[{"href":"https:\/\/www.carboncoreindustry.com\/es\/wp-json\/wp\/v2\/pages"}],"about":[{"href":"https:\/\/www.carboncoreindustry.com\/es\/wp-json\/wp\/v2\/types\/page"}],"author":[{"embeddable":true,"href":"https:\/\/www.carboncoreindustry.com\/es\/wp-json\/wp\/v2\/users\/5"}],"replies":[{"embeddable":true,"href":"https:\/\/www.carboncoreindustry.com\/es\/wp-json\/wp\/v2\/comments?post=7978"}],"version-history":[{"count":2,"href":"https:\/\/www.carboncoreindustry.com\/es\/wp-json\/wp\/v2\/pages\/7978\/revisions"}],"predecessor-version":[{"id":10674,"href":"https:\/\/www.carboncoreindustry.com\/es\/wp-json\/wp\/v2\/pages\/7978\/revisions\/10674"}],"up":[{"embeddable":true,"href":"https:\/\/www.carboncoreindustry.com\/es\/wp-json\/wp\/v2\/pages\/8133"}],"wp:attachment":[{"href":"https:\/\/www.carboncoreindustry.com\/es\/wp-json\/wp\/v2\/media?parent=7978"}],"curies":[{"name":"wp","href":"https:\/\/api.w.org\/{rel}","templated":true}]}}