{"id":8065,"date":"2025-05-10T06:02:07","date_gmt":"2025-05-10T06:02:07","guid":{"rendered":"https:\/\/www.carboncoreindustry.com\/forum\/"},"modified":"2025-11-23T03:32:35","modified_gmt":"2025-11-23T03:32:35","slug":"forum","status":"publish","type":"page","link":"https:\/\/www.carboncoreindustry.com\/de\/cci\/forum\/","title":{"rendered":"Forum"},"content":{"rendered":"\n<div class=\"wp-block-essential-blocks-wrapper alignfull  root-eb-wrapper-vzksq\"><div class=\"eb-parent-wrapper eb-parent-eb-wrapper-vzksq \"><div class=\"eb-wrapper-outer eb-wrapper-vzksq\"><div class=\"eb-wrapper-inner\"><div class=\"eb-wrapper-inner-blocks eb-wrapper-align-center\">\n<div class=\"wp-block-essential-blocks-text root-eb-text-u9e3o\"><div class=\"eb-parent-wrapper eb-parent-eb-text-u9e3o \"><div class=\"eb-text-wrapper eb-text-u9e3o\" data-id=\"eb-text-u9e3o\"><h1 class=\"eb-text\">CCI+AI<\/h1><\/div><\/div><\/div>\n\n\n\n<div class=\"wp-block-essential-blocks-text root-eb-text-ehb1k\"><div class=\"eb-parent-wrapper eb-parent-eb-text-ehb1k \"><div class=\"eb-text-wrapper eb-text-ehb1k\" data-id=\"eb-text-ehb1k\"><h1 class=\"eb-text\">CCI global nachhaltiges wachstum<\/h1><\/div><\/div><\/div>\n\n\n\n<div class=\"wp-block-essential-blocks-text root-eb-text-tjhn3\"><div class=\"eb-parent-wrapper eb-parent-eb-text-tjhn3 \"><div class=\"eb-text-wrapper eb-text-tjhn3\" data-id=\"eb-text-tjhn3\"><h1 class=\"eb-text\">Future in Action: Vom KI-Netzwerk zum gr\u00fcnen Puls der Erde<\/h1><\/div><\/div><\/div>\n\n\n\n<div class=\"wp-block-essential-blocks-button root-eb-button-lkqew\"><div class=\"eb-parent-wrapper eb-parent-eb-button-lkqew \"><div class=\"eb-button-wrapper eb-button-alignment eb-button-lkqew\"><div class=\"eb-button\"><div class=\"eb-button-inner-wrapper \"><a class=\"eb-button-anchor \" href=\"https:\/\/www.carboncoreindustry.com\/de\/cci\/kontaktieren-sie-uns\/\" rel=\"noopener\">Kontaktieren Sie uns<\/a><\/div><\/div><\/div><\/div><\/div>\n<\/div><\/div><\/div><\/div><\/div>\n\n<div class=\"wp-block-essential-blocks-wrapper alignfull  root-eb-wrapper-soiv999\"><div class=\"eb-parent-wrapper eb-parent-eb-wrapper-soiv999 \"><div class=\"eb-wrapper-outer eb-wrapper-soiv999\"><div class=\"eb-wrapper-inner\"><div class=\"eb-wrapper-inner-blocks eb-wrapper-align-center\">\n<div class=\"wp-block-essential-blocks-wrapper alignfull  root-eb-wrapper-7qy0ilq\"><div class=\"eb-parent-wrapper eb-parent-eb-wrapper-7qy0ilq \"><div class=\"eb-wrapper-outer eb-wrapper-7qy0ilq\"><div class=\"eb-wrapper-inner\"><div class=\"eb-wrapper-inner-blocks eb-wrapper-align-center\">\n<div class=\"wp-block-essential-blocks-row alignfull  root-eb-row-rqarexp\"><div class=\"eb-parent-wrapper eb-parent-eb-row-rqarexp \"><div class=\"eb-row-root-container eb-row-rqarexp\" data-id=\"eb-row-rqarexp\"><div class=\"eb-row-wrapper\"><div class=\"eb-row-inner\">\n<div class=\"wp-block-essential-blocks-column  root-eb-column-17wnt5p\"><div class=\"eb-parent-wrapper eb-parent-eb-column-17wnt5p \"><div class=\"eb-column-wrapper eb-column-17wnt5p\"><div class=\"eb-column-inner\">\n<div class=\"wp-block-essential-blocks-advanced-heading  root-eb-advance-heading-5uadh4k\"><div class=\"eb-parent-wrapper eb-parent-eb-advance-heading-5uadh4k \"><div class=\"eb-advance-heading-wrapper eb-advance-heading-5uadh4k button-1 undefined\" data-id=\"eb-advance-heading-5uadh4k\"><h2 class=\"eb-ah-title\"><span class=\"first-title\">\u00dcber die Konferenz<\/span><\/h2><p class=\"eb-ah-subtitle\">In zusammenarbeit mit einer reihe globaler gipfel auf hoher ebene werden f\u00fchrende k\u00f6pfe aus der industrie, beste denkfabriken und die \u00f6ffentlichkeit internationale kooperativen bilden. Die die seminar technischer innovation zeigen mit der ressourcen andocken, auf klimawandel sozial ausgewogen mit inklusives wachstum drei im mittelpunkt stehen, zur der vereinten nationen sustainable development goals den. L\u00f6sung aufzubauen entscheidung &#8222;. &#8211; erprobt der kreislauf-recyclingsystem \u00f6kologischen, \u00fcber die bildet technologien verfolgen versprechen, F\u00f6rderung einer revolution der praxis, der Von einem konsens zur allgemeinen teilhabe f\u00fchrt.<\/p><\/div><\/div><\/div>\n\n\n\n<figure class=\"wp-block-image size-large\"><img loading=\"lazy\" decoding=\"async\" width=\"1024\" height=\"683\" src=\"https:\/\/www.carboncoreindustry.com\/wp-content\/uploads\/2025\/05\/cameras-6839248-1-1024x683.jpg\" alt=\"\" class=\"wp-image-7763\" srcset=\"https:\/\/www.carboncoreindustry.com\/wp-content\/uploads\/2025\/05\/cameras-6839248-1-1024x683.jpg 1024w, https:\/\/www.carboncoreindustry.com\/wp-content\/uploads\/2025\/05\/cameras-6839248-1-300x200.jpg 300w, https:\/\/www.carboncoreindustry.com\/wp-content\/uploads\/2025\/05\/cameras-6839248-1-768x512.jpg 768w, https:\/\/www.carboncoreindustry.com\/wp-content\/uploads\/2025\/05\/cameras-6839248-1-1536x1024.jpg 1536w, https:\/\/www.carboncoreindustry.com\/wp-content\/uploads\/2025\/05\/cameras-6839248-1-2048x1365.jpg 2048w, https:\/\/www.carboncoreindustry.com\/wp-content\/uploads\/2025\/05\/cameras-6839248-1-600x400.jpg 600w\" sizes=\"auto, (max-width: 1024px) 100vw, 1024px\" \/><\/figure>\n<\/div><\/div><\/div><\/div>\n\n\n\n<div class=\"wp-block-essential-blocks-column  root-eb-column-gf3jyxy\"><div class=\"eb-parent-wrapper eb-parent-eb-column-gf3jyxy \"><div class=\"eb-column-wrapper eb-column-gf3jyxy\"><div class=\"eb-column-inner\">\n<div class=\"wp-block-essential-blocks-wrapper alignfull  root-eb-wrapper-yn72xxw\"><div class=\"eb-parent-wrapper eb-parent-eb-wrapper-yn72xxw \"><div class=\"eb-wrapper-outer eb-wrapper-yn72xxw\"><div class=\"eb-wrapper-inner\"><div class=\"eb-wrapper-inner-blocks \">\n<figure class=\"wp-block-image size-full\"><img decoding=\"async\" src=\"https:\/\/www.carboncoreindustry.com\/wp-content\/uploads\/2025\/05\/&#x4E2D;&#x56FD;-2-3.svg\" alt=\"\" class=\"wp-image-7785\"\/><\/figure>\n\n\n\n<div class=\"wp-block-essential-blocks-wrapper  root-eb-wrapper-ud32n6b\"><div class=\"eb-parent-wrapper eb-parent-eb-wrapper-ud32n6b \"><div class=\"eb-wrapper-outer eb-wrapper-ud32n6b eb-wrapper-align-right\"><div class=\"eb-wrapper-inner\"><div class=\"eb-wrapper-inner-blocks\">\n<div class=\"wp-block-essential-blocks-advanced-heading  root-eb-advance-heading-nz53hmq\"><div class=\"eb-parent-wrapper eb-parent-eb-advance-heading-nz53hmq \"><div class=\"eb-advance-heading-wrapper eb-advance-heading-nz53hmq button-1 undefined\" data-id=\"eb-advance-heading-nz53hmq\"><h2 class=\"eb-ah-title\"><span class=\"first-title\">Wer wir sind<\/span><\/h2><p class=\"eb-ah-subtitle\">Das CCI-Aktionssystem f\u00f6rdert nachhaltiges Management und Anwendungen in verschiedenen Regionen und Branchen Chinas und treibt aktiv die gr\u00fcne und kohlenstoffarme Entwicklung der gesamten Gesellschaft voran. Innovativ wurde die Blockchain-Technologie eingef\u00fchrt, um eine vertrauensw\u00fcrdige Plattform f\u00fcr die gemeinsame Nutzung von Kohlenstoffemissionsdaten aufzubauen, die eine transparente Verfolgung und \u00dcberpr\u00fcfung der Kohlenstoffbilanz \u00fcber die gesamte Lieferkette erm\u00f6glicht. Gleichzeitig steht es Finanzinstituten, Fertigungsunternehmen und anderen Bereichen offen, um die inl\u00e4ndische Nachfrage nach CO2-Reduktion und die Compliance im Auslandsgesch\u00e4ft zu unterst\u00fctzen. Es hilft, die Kohlenstoffbilanz in \u201eRegionen-Branchen\u201c kontinuierlich zu verringern, das Angebot an gr\u00fcnen und kohlenstoffarmen Produkten stetig zu erweitern und eine neue Mode des gr\u00fcnen und kohlenstoffarmen Konsums zu etablieren.<\/p><\/div><\/div><\/div>\n<\/div><\/div><\/div><\/div><\/div>\n<\/div><\/div><\/div><\/div><\/div>\n<\/div><\/div><\/div><\/div>\n<\/div><\/div><\/div><\/div><\/div>\n<\/div><\/div><\/div><\/div><\/div>\n<\/div><\/div><\/div><\/div><\/div>\n\n<div class=\"wp-block-essential-blocks-wrapper alignfull  root-eb-wrapper-xctl2wt\"><div class=\"eb-parent-wrapper eb-parent-eb-wrapper-xctl2wt \"><div class=\"eb-wrapper-outer eb-wrapper-xctl2wt\"><div class=\"eb-wrapper-inner\"><div class=\"eb-wrapper-inner-blocks eb-wrapper-align-center\">\n<div class=\"wp-block-essential-blocks-advanced-heading  root-eb-advance-heading-a0exu\"><div class=\"eb-parent-wrapper eb-parent-eb-advance-heading-a0exu \"><div class=\"eb-advance-heading-wrapper eb-advance-heading-a0exu button-1 undefined\" data-id=\"eb-advance-heading-a0exu\"><h2 class=\"eb-ah-title\"><span class=\"first-title\">Kooperation.<\/span><\/h2><\/div><\/div><\/div>\n\n\n\n<div class=\"wp-block-essential-blocks-slider root-eb-slider-p6px5\"><div class=\"eb-parent-wrapper eb-parent-eb-slider-p6px5 \"><div class=\"eb-slider-wrapper eb-slider-p6px5\" data-blockid=\"eb-slider-p6px5\" data-version=\"v4\" data-settings=\"eyJhcnJvd3MiOnRydWUsImFkYXB0aXZlSGVpZ2h0IjpmYWxzZSwiYXV0b3BsYXkiOnRydWUsImF1dG9wbGF5U3BlZWQiOjIwMDAsImRvdHMiOmZhbHNlLCJmYWRlIjpmYWxzZSwiaW5maW5pdGUiOnRydWUsInBhdXNlT25Ib3ZlciI6dHJ1ZSwic2xpZGVzVG9TaG93Ijo1LCJzcGVlZCI6NTAwLCJ2ZXJ0aWNhbCI6ZmFsc2UsImN1cnJlbnRTbGlkZSI6MCwicnRsIjpmYWxzZSwicmVzcG9uc2l2ZSI6W3siYnJlYWtwb2ludCI6MTAyNSwic2V0dGluZ3MiOnsic2xpZGVzVG9TaG93Ijo1fX0seyJicmVha3BvaW50Ijo3NjcsInNldHRpbmdzIjp7InNsaWRlc1RvU2hvdyI6MX19XX0=\" data-arrownexticon=\"fas fa-arrow-alt-circle-right\" data-arrowprevicon=\"fas fa-arrow-alt-circle-left\" data-lightbox=\"false\"><div class=\"eb-slider-init eb-slider-type-image\"><div class=\"eb-slider-item content-2\" data-src=\"https:\/\/www.carboncoreindustry.com\/wp-content\/uploads\/2025\/05\/16-scaled.png\"><div><img class=\"eb-slider-image\" data-lazy=\"https:\/\/www.carboncoreindustry.com\/wp-content\/uploads\/2025\/05\/16-scaled.png\"><\/div><\/div><div class=\"eb-slider-item content-2\" data-src=\"https:\/\/www.carboncoreindustry.com\/wp-content\/uploads\/2025\/05\/15-scaled.png\"><div><img class=\"eb-slider-image\" data-lazy=\"https:\/\/www.carboncoreindustry.com\/wp-content\/uploads\/2025\/05\/15-scaled.png\"><\/div><\/div><div class=\"eb-slider-item content-2\" data-src=\"https:\/\/www.carboncoreindustry.com\/wp-content\/uploads\/2025\/05\/14-scaled.png\"><div><img class=\"eb-slider-image\" data-lazy=\"https:\/\/www.carboncoreindustry.com\/wp-content\/uploads\/2025\/05\/14-scaled.png\"><\/div><\/div><div class=\"eb-slider-item content-2\" data-src=\"https:\/\/www.carboncoreindustry.com\/wp-content\/uploads\/2025\/05\/13-scaled.png\"><div><img class=\"eb-slider-image\" data-lazy=\"https:\/\/www.carboncoreindustry.com\/wp-content\/uploads\/2025\/05\/13-scaled.png\"><\/div><\/div><div class=\"eb-slider-item content-2\" data-src=\"https:\/\/www.carboncoreindustry.com\/wp-content\/uploads\/2025\/05\/11-scaled.png\"><div><img class=\"eb-slider-image\" data-lazy=\"https:\/\/www.carboncoreindustry.com\/wp-content\/uploads\/2025\/05\/11-scaled.png\"><\/div><\/div><div class=\"eb-slider-item content-2\" data-src=\"https:\/\/www.carboncoreindustry.com\/wp-content\/uploads\/2025\/05\/9-scaled.png\"><div><img class=\"eb-slider-image\" data-lazy=\"https:\/\/www.carboncoreindustry.com\/wp-content\/uploads\/2025\/05\/9-scaled.png\"><\/div><\/div><div class=\"eb-slider-item content-2\" data-src=\"https:\/\/www.carboncoreindustry.com\/wp-content\/uploads\/2025\/05\/8-scaled.png\"><div><img class=\"eb-slider-image\" data-lazy=\"https:\/\/www.carboncoreindustry.com\/wp-content\/uploads\/2025\/05\/8-scaled.png\"><\/div><\/div><div class=\"eb-slider-item content-2\" data-src=\"https:\/\/www.carboncoreindustry.com\/wp-content\/uploads\/2025\/05\/7-scaled.png\"><div><img class=\"eb-slider-image\" data-lazy=\"https:\/\/www.carboncoreindustry.com\/wp-content\/uploads\/2025\/05\/7-scaled.png\"><\/div><\/div><div class=\"eb-slider-item content-2\" data-src=\"https:\/\/www.carboncoreindustry.com\/wp-content\/uploads\/2025\/05\/6-scaled.png\"><div><img class=\"eb-slider-image\" data-lazy=\"https:\/\/www.carboncoreindustry.com\/wp-content\/uploads\/2025\/05\/6-scaled.png\"><\/div><\/div><div class=\"eb-slider-item content-2\" data-src=\"https:\/\/www.carboncoreindustry.com\/wp-content\/uploads\/2025\/05\/5-scaled.png\"><div><img class=\"eb-slider-image\" data-lazy=\"https:\/\/www.carboncoreindustry.com\/wp-content\/uploads\/2025\/05\/5-scaled.png\"><\/div><\/div><div class=\"eb-slider-item content-2\" data-src=\"https:\/\/www.carboncoreindustry.com\/wp-content\/uploads\/2025\/05\/4-scaled.png\"><div><img class=\"eb-slider-image\" data-lazy=\"https:\/\/www.carboncoreindustry.com\/wp-content\/uploads\/2025\/05\/4-scaled.png\"><\/div><\/div><div class=\"eb-slider-item content-2\" data-src=\"https:\/\/www.carboncoreindustry.com\/wp-content\/uploads\/2025\/05\/3-scaled.png\"><div><img class=\"eb-slider-image\" data-lazy=\"https:\/\/www.carboncoreindustry.com\/wp-content\/uploads\/2025\/05\/3-scaled.png\"><\/div><\/div><div class=\"eb-slider-item content-2\" data-src=\"https:\/\/www.carboncoreindustry.com\/wp-content\/uploads\/2025\/05\/2-scaled.png\"><div><img class=\"eb-slider-image\" data-lazy=\"https:\/\/www.carboncoreindustry.com\/wp-content\/uploads\/2025\/05\/2-scaled.png\"><\/div><\/div><div class=\"eb-slider-item content-2\" data-src=\"https:\/\/www.carboncoreindustry.com\/wp-content\/uploads\/2025\/05\/1-scaled.png\"><div><img class=\"eb-slider-image\" data-lazy=\"https:\/\/www.carboncoreindustry.com\/wp-content\/uploads\/2025\/05\/1-scaled.png\"><\/div><\/div><div class=\"eb-slider-item content-2\" data-src=\"https:\/\/www.carboncoreindustry.com\/wp-content\/uploads\/2025\/05\/\u672a\u547d\u540d-\u526f\u672c-scaled.png\"><div><img class=\"eb-slider-image\" data-lazy=\"https:\/\/www.carboncoreindustry.com\/wp-content\/uploads\/2025\/05\/\u672a\u547d\u540d-\u526f\u672c-scaled.png\"><\/div><\/div><\/div><\/div><\/div><\/div>\n<\/div><\/div><\/div><\/div><\/div>\n\n<div class=\"wp-block-essential-blocks-wrapper alignfull  root-eb-wrapper-euccxwy\"><div class=\"eb-parent-wrapper eb-parent-eb-wrapper-euccxwy \"><div class=\"eb-wrapper-outer eb-wrapper-euccxwy\"><div class=\"eb-wrapper-inner\"><div class=\"eb-wrapper-inner-blocks eb-wrapper-align-center\">\n<div class=\"wp-block-essential-blocks-wrapper  root-eb-wrapper-l6sdw2y\"><div class=\"eb-parent-wrapper eb-parent-eb-wrapper-l6sdw2y \"><div class=\"eb-wrapper-outer eb-wrapper-l6sdw2y\"><div class=\"eb-wrapper-inner\"><div class=\"eb-wrapper-inner-blocks eb-wrapper-align-center\">\n<div class=\"wp-block-essential-blocks-advanced-heading  root-eb-advance-heading-l9fbebj\"><div class=\"eb-parent-wrapper eb-parent-eb-advance-heading-l9fbebj eb_animation eb___animated eb___zoomIn\"><div class=\"eb-advance-heading-wrapper eb-advance-heading-l9fbebj button-1 undefined\" data-id=\"eb-advance-heading-l9fbebj\"><h2 class=\"eb-ah-title\"><span class=\"first-title\">&#8222;100-1000-10000-100000&#8220; Aktionssystem<\/span><\/h2><p class=\"eb-ah-subtitle\">Treten Sie jetzt der globalen Gemeinschaft f\u00fcr kohlenstofffreie St\u00e4dte bei<\/p><\/div><\/div><\/div>\n\n\n\n<div class=\"wp-block-essential-blocks-button root-eb-button-7jx1yet\"><div class=\"eb-parent-wrapper eb-parent-eb-button-7jx1yet \"><div class=\"eb-button-wrapper eb-button-alignment eb-button-7jx1yet\"><div class=\"eb-button\"><div class=\"eb-button-inner-wrapper \"><a class=\"eb-button-anchor hvr-float \" href=\"https:\/\/www.carboncoreindustry.com\/de\/cci\/kontaktieren-sie-uns\/\" rel=\"noopener\">Kontaktieren Sie uns<\/a><\/div><\/div><\/div><\/div><\/div>\n<\/div><\/div><\/div><\/div><\/div>\n<\/div><\/div><\/div><\/div><\/div>\n","protected":false},"excerpt":{"rendered":"","protected":false},"author":4,"featured_media":0,"parent":8094,"menu_order":2,"comment_status":"closed","ping_status":"closed","template":"","meta":{"_eb_attr":"","_uag_custom_page_level_css":"","footnotes":""},"class_list":["post-8065","page","type-page","status-publish","hentry"],"uagb_featured_image_src":{"full":false,"thumbnail":false,"medium":false,"medium_large":false,"large":false,"1536x1536":false,"2048x2048":false},"uagb_author_info":{"display_name":"H Z","author_link":"https:\/\/www.carboncoreindustry.com\/de\/author\/hzrytesa-com\/"},"uagb_comment_info":0,"uagb_excerpt":null,"_links":{"self":[{"href":"https:\/\/www.carboncoreindustry.com\/de\/wp-json\/wp\/v2\/pages\/8065","targetHints":{"allow":["GET"]}}],"collection":[{"href":"https:\/\/www.carboncoreindustry.com\/de\/wp-json\/wp\/v2\/pages"}],"about":[{"href":"https:\/\/www.carboncoreindustry.com\/de\/wp-json\/wp\/v2\/types\/page"}],"author":[{"embeddable":true,"href":"https:\/\/www.carboncoreindustry.com\/de\/wp-json\/wp\/v2\/users\/4"}],"replies":[{"embeddable":true,"href":"https:\/\/www.carboncoreindustry.com\/de\/wp-json\/wp\/v2\/comments?post=8065"}],"version-history":[{"count":2,"href":"https:\/\/www.carboncoreindustry.com\/de\/wp-json\/wp\/v2\/pages\/8065\/revisions"}],"predecessor-version":[{"id":10725,"href":"https:\/\/www.carboncoreindustry.com\/de\/wp-json\/wp\/v2\/pages\/8065\/revisions\/10725"}],"up":[{"embeddable":true,"href":"https:\/\/www.carboncoreindustry.com\/de\/wp-json\/wp\/v2\/pages\/8094"}],"wp:attachment":[{"href":"https:\/\/www.carboncoreindustry.com\/de\/wp-json\/wp\/v2\/media?parent=8065"}],"curies":[{"name":"wp","href":"https:\/\/api.w.org\/{rel}","templated":true}]}}