{"id":7987,"date":"2025-05-07T11:19:41","date_gmt":"2025-05-07T11:19:41","guid":{"rendered":"https:\/\/www.carboncoreindustry.com\/produkt\/"},"modified":"2025-11-23T03:25:54","modified_gmt":"2025-11-23T03:25:54","slug":"produkt","status":"publish","type":"page","link":"https:\/\/www.carboncoreindustry.com\/de\/cci\/produkt\/","title":{"rendered":"Produkt"},"content":{"rendered":"\n<div class=\"wp-block-essential-blocks-wrapper alignfull  root-eb-wrapper-vzksq\"><div class=\"eb-parent-wrapper eb-parent-eb-wrapper-vzksq \"><div class=\"eb-wrapper-outer eb-wrapper-vzksq\"><div class=\"eb-wrapper-inner\"><div class=\"eb-wrapper-inner-blocks eb-wrapper-align-center\">\n<div class=\"wp-block-essential-blocks-text root-eb-text-u9e3o\"><div class=\"eb-parent-wrapper eb-parent-eb-text-u9e3o \"><div class=\"eb-text-wrapper eb-text-u9e3o\" data-id=\"eb-text-u9e3o\"><h1 class=\"eb-text\">CCI+AI<\/h1><\/div><\/div><\/div>\n\n\n\n<div class=\"wp-block-essential-blocks-text root-eb-text-ehb1k\"><div class=\"eb-parent-wrapper eb-parent-eb-text-ehb1k \"><div class=\"eb-text-wrapper eb-text-ehb1k\" data-id=\"eb-text-ehb1k\"><h1 class=\"eb-text\">Null-Karbon-Produktdienstleistungsplattform<\/h1><\/div><\/div><\/div>\n\n\n\n<div class=\"wp-block-essential-blocks-text root-eb-text-tjhn3\"><div class=\"eb-parent-wrapper eb-parent-eb-text-tjhn3 \"><div class=\"eb-text-wrapper eb-text-tjhn3\" data-id=\"eb-text-tjhn3\"><h1 class=\"eb-text\">Von Preis-Leistungs-Verh\u00e4ltnis zu CO2-Leistungs-Verh\u00e4ltnis \u2013 Nachhaltigkeit hilft Ihnen, den Markt zu erweitern.<\/h1><\/div><\/div><\/div>\n\n\n\n<div class=\"wp-block-essential-blocks-button root-eb-button-lkqew\"><div class=\"eb-parent-wrapper eb-parent-eb-button-lkqew \"><div class=\"eb-button-wrapper eb-button-alignment eb-button-lkqew\"><div class=\"eb-button\"><div class=\"eb-button-inner-wrapper \"><a class=\"eb-button-anchor \" href=\"https:\/\/cci.carboncoreindustry.com\/zero-carbon-products\" rel=\"noopener\">Die sind echt<\/a><\/div><\/div><\/div><\/div><\/div>\n<\/div><\/div><\/div><\/div><\/div>\n\n<div class=\"wp-block-essential-blocks-wrapper alignfull  root-eb-wrapper-8ul7j0l\"><div class=\"eb-parent-wrapper eb-parent-eb-wrapper-8ul7j0l \"><div class=\"eb-wrapper-outer eb-wrapper-8ul7j0l\"><div class=\"eb-wrapper-inner\"><div class=\"eb-wrapper-inner-blocks eb-wrapper-align-center\">\n<div style=\"height:27px\" aria-hidden=\"true\" class=\"wp-block-spacer\"><\/div>\n\n\n\n<div class=\"wp-block-essential-blocks-row alignfull  root-eb-row-phjny\"><div class=\"eb-parent-wrapper eb-parent-eb-row-phjny \"><div class=\"eb-row-root-container eb-row-phjny\" data-id=\"eb-row-phjny\"><div class=\"eb-row-wrapper\"><div class=\"eb-row-inner\">\n<div class=\"wp-block-essential-blocks-column  root-eb-column-edmch\"><div class=\"eb-parent-wrapper eb-parent-eb-column-edmch \"><div class=\"eb-column-wrapper eb-column-edmch\"><div class=\"eb-column-inner\">\n<figure class=\"wp-block-image size-large\"><img decoding=\"async\" src=\"https:\/\/www.carboncoreindustry.com\/wp-content\/uploads\/2025\/05\/&#x4E2D;&#x56FD;-2-1024x550.png\" alt=\"\" class=\"wp-image-7658\"\/><\/figure>\n<\/div><\/div><\/div><\/div>\n\n\n\n<div class=\"wp-block-essential-blocks-column  root-eb-column-nf8lc\"><div class=\"eb-parent-wrapper eb-parent-eb-column-nf8lc \"><div class=\"eb-column-wrapper eb-column-nf8lc\"><div class=\"eb-column-inner\">\n<div class=\"wp-block-uagb-advanced-heading uagb-block-022e7a60\"><h2 class=\"uagb-heading-text\">Was ist der Produkt-CO2-Fu\u00dfabdruck?<\/h2><\/div>\n\n\n\n<div class=\"wp-block-essential-blocks-text root-eb-text-x9m14\"><div class=\"eb-parent-wrapper eb-parent-eb-text-x9m14 \"><div class=\"eb-text-wrapper eb-text-x9m14\" data-id=\"eb-text-x9m14\"><p class=\"eb-text\">Der &#8222;Carbon print of cruprint&#8220; eine initiative bezieht sich auf die gesamtemission Von treibhausgasen w\u00e4hrend seines gesamten lebens. Ist das wort &#8222;wiege bis tor&#8220;, die emission Von treibhausgasen in allen stadien vom erwerb Von rohstoffen, der produktion, der verteilung, dem vertrieb, der verwendung, der entsorgung\/der wiederaufarbeitung Von rohstoffen.<br>Die internationalen standards f\u00fcr die bewertung des kohlenstofffu\u00dfabbatts Waren die ISO 14067, PAS 2050, die GHG bakteria und die eu PEF.<\/p><\/div><\/div><\/div>\n<\/div><\/div><\/div><\/div>\n<\/div><\/div><\/div><\/div><\/div>\n<\/div><\/div><\/div><\/div><\/div>\n\n<div class=\"wp-block-essential-blocks-wrapper alignfull  root-eb-wrapper-8wsshso\"><div class=\"eb-parent-wrapper eb-parent-eb-wrapper-8wsshso \"><div class=\"eb-wrapper-outer eb-wrapper-8wsshso\"><div class=\"eb-wrapper-inner\"><div class=\"eb-wrapper-inner-blocks eb-wrapper-align-center\">\n<div class=\"wp-block-essential-blocks-advanced-heading  root-eb-advance-heading-is6vgqx\"><div class=\"eb-parent-wrapper eb-parent-eb-advance-heading-is6vgqx eb_animation eb___animated eb___fadeInLeft\"><div class=\"eb-advance-heading-wrapper eb-advance-heading-is6vgqx button-1 undefined\" data-id=\"eb-advance-heading-is6vgqx\"><h2 class=\"eb-ah-title\"><span class=\"first-title\">Welchen Nutzen hat der Produkt-CO2-Fu\u00dfabdruck? <\/span><\/h2><\/div><\/div><\/div>\n\n\n\n<div class=\"wp-block-essential-blocks-row alignfull  root-eb-row-91ebpa5\"><div class=\"eb-parent-wrapper eb-parent-eb-row-91ebpa5 \"><div class=\"eb-row-root-container eb-row-91ebpa5\" data-id=\"eb-row-91ebpa5\"><div class=\"eb-row-wrapper\"><div class=\"eb-row-inner\">\n<div class=\"wp-block-essential-blocks-column  root-eb-column-mzb745m\"><div class=\"eb-parent-wrapper eb-parent-eb-column-mzb745m \"><div class=\"eb-column-wrapper eb-column-mzb745m\"><div class=\"eb-column-inner\">\n<div class=\"wp-block-essential-blocks-feature-list root-eb-feature-list-0szhdlg\"><div class=\"eb-parent-wrapper eb-parent-eb-feature-list-0szhdlg eb_animation eb___animated eb___fadeInLeft\"><div class=\"eb-feature-list-0szhdlg eb-feature-list-wrapper eb-icon-position-left eb-tablet-icon-position-left eb-mobile-icon-position-left eb-feature-list-left\"><ul class=\"eb-feature-list-items none\"><li class=\"eb-feature-list-item\" data-new-tab=\"false\" data-icon-type=\"icon\" data-icon=\"fas fa-1\" data-icon-color=\"\" data-link=\"\" data-show-badge=\"false\"><div class=\"eb-feature-list-icon-box\"><div class=\"eb-feature-list-icon-inner \"><span class=\"eb-feature-list-icon\" style=\"color:\"><i icon=\"fas fa-1\" class=\"fas fa-1 \"><\/i><\/span><\/div><\/div><div class=\"eb-feature-list-content-box\"><div class=\"eb-feature-list-title-wrapper\"><h3 class=\"eb-feature-list-title\">Compliance-Pass<\/h3><\/div><p class=\"eb-feature-list-content\">Bew\u00e4ltigung der EU-CBAM und anderer CO2-Grenzabgabenbarrieren<\/p><\/div><\/li><li class=\"eb-feature-list-item\" data-new-tab=\"false\" data-icon-type=\"icon\" data-icon=\"fas fa-2\" data-icon-color=\"\" data-link=\"\" data-show-badge=\"false\"><div class=\"eb-feature-list-icon-box\"><div class=\"eb-feature-list-icon-inner \"><span class=\"eb-feature-list-icon\" style=\"color:\"><i icon=\"fas fa-2\" class=\"fas fa-2 \"><\/i><\/span><\/div><\/div><div class=\"eb-feature-list-content-box\"><div class=\"eb-feature-list-title-wrapper\"><h3 class=\"eb-feature-list-title\">Marktpr\u00e4mie<\/h3><\/div><p class=\"eb-feature-list-content\">Produkte mit Kohlenstoff-Label haben eine Pr\u00e4mienrate von bis zu 60 %.<\/p><\/div><\/li><li class=\"eb-feature-list-item\" data-new-tab=\"false\" data-icon-type=\"icon\" data-icon=\"fas fa-3\" data-icon-color=\"\" data-link=\"\" data-show-badge=\"false\"><div class=\"eb-feature-list-icon-box\"><div class=\"eb-feature-list-icon-inner \"><span class=\"eb-feature-list-icon\" style=\"color:\"><i icon=\"fas fa-3\" class=\"fas fa-3 \"><\/i><\/span><\/div><\/div><div class=\"eb-feature-list-content-box\"><div class=\"eb-feature-list-title-wrapper\"><h3 class=\"eb-feature-list-title\">Markenwirkung<\/h3><\/div><p class=\"eb-feature-list-content\">Aufnahme in die gr\u00fcne Beschaffungsliste gro\u00dfer Einkaufszentren weltweit<\/p><\/div><\/li><\/ul><\/div><\/div><\/div>\n<\/div><\/div><\/div><\/div>\n\n\n\n<div class=\"wp-block-essential-blocks-column  root-eb-column-9xr8krm\"><div class=\"eb-parent-wrapper eb-parent-eb-column-9xr8krm eb_animation eb___animated eb___fadeInRight\"><div class=\"eb-column-wrapper eb-column-9xr8krm\"><div class=\"eb-column-inner\">\n<div class=\"wp-block-essential-blocks-feature-list root-eb-feature-list-axci9\"><div class=\"eb-parent-wrapper eb-parent-eb-feature-list-axci9 eb_animation eb___animated eb___fadeInLeft\"><div class=\"eb-feature-list-axci9 eb-feature-list-wrapper eb-icon-position-left eb-tablet-icon-position-left eb-mobile-icon-position-left eb-feature-list-left\"><ul class=\"eb-feature-list-items none\"><li class=\"eb-feature-list-item\" data-new-tab=\"false\" data-icon-type=\"icon\" data-icon=\"fas fa-4\" data-icon-color=\"\" data-link=\"\" data-show-badge=\"false\"><div class=\"eb-feature-list-icon-box\"><div class=\"eb-feature-list-icon-inner \"><span class=\"eb-feature-list-icon\" style=\"color:\"><i icon=\"fas fa-4\" class=\"fas fa-4 \"><\/i><\/span><\/div><\/div><div class=\"eb-feature-list-content-box\"><div class=\"eb-feature-list-title-wrapper\"><h3 class=\"eb-feature-list-title\">Lieferkettenoptimierung<\/h3><\/div><p class=\"eb-feature-list-content\">Identifizierung kohlenstoffintensiver Prozesse zur Kostensenkung und Effizienzsteigerung <\/p><\/div><\/li><li class=\"eb-feature-list-item\" data-new-tab=\"false\" data-icon-type=\"icon\" data-icon=\"fas fa-5\" data-icon-color=\"\" data-link=\"\" data-show-badge=\"false\"><div class=\"eb-feature-list-icon-box\"><div class=\"eb-feature-list-icon-inner \"><span class=\"eb-feature-list-icon\" style=\"color:\"><i icon=\"fas fa-5\" class=\"fas fa-5 \"><\/i><\/span><\/div><\/div><div class=\"eb-feature-list-content-box\"><div class=\"eb-feature-list-title-wrapper\"><h3 class=\"eb-feature-list-title\">Politische Dividende<\/h3><\/div><p class=\"eb-feature-list-content\">Genie\u00dfen Sie lokale Subventionen f\u00fcr Doppel-Kohlenstoff (Dual Carbon)<\/p><\/div><\/li><li class=\"eb-feature-list-item\" data-new-tab=\"false\" data-icon-type=\"icon\" data-icon=\"fas fa-6\" data-icon-color=\"\" data-link=\"\" data-show-badge=\"false\"><div class=\"eb-feature-list-icon-box\"><div class=\"eb-feature-list-icon-inner \"><span class=\"eb-feature-list-icon\" style=\"color:\"><i icon=\"fas fa-6\" class=\"fas fa-6 \"><\/i><\/span><\/div><\/div><div class=\"eb-feature-list-content-box\"><div class=\"eb-feature-list-title-wrapper\"><h3 class=\"eb-feature-list-title\">Finanzierung unterst\u00fctzen<\/h3><\/div><p class=\"eb-feature-list-content\">Gr\u00fcne Kredit-Zinsen sind niedrig<\/p><\/div><\/li><\/ul><\/div><\/div><\/div>\n<\/div><\/div><\/div><\/div>\n\n\n\n<div class=\"wp-block-essential-blocks-column  root-eb-column-jyr98\"><div class=\"eb-parent-wrapper eb-parent-eb-column-jyr98 eb_animation eb___animated eb___fadeInRight\"><div class=\"eb-column-wrapper eb-column-jyr98\"><div class=\"eb-column-inner\">\n<figure class=\"wp-block-image size-large\"><img decoding=\"async\" src=\"https:\/\/www.carboncoreindustry.com\/wp-content\/uploads\/2025\/05\/&#x4E2D;&#x56FD;-1-1-1024x550.png\" alt=\"\" class=\"wp-image-7660\"\/><\/figure>\n<\/div><\/div><\/div><\/div>\n<\/div><\/div><\/div><\/div><\/div>\n\n\n\n<div class=\"wp-block-essential-blocks-button root-eb-button-nnz0zg3\"><div class=\"eb-parent-wrapper eb-parent-eb-button-nnz0zg3 \"><div class=\"eb-button-wrapper eb-button-alignment eb-button-nnz0zg3\"><div class=\"eb-button\"><div class=\"eb-button-inner-wrapper \"><a class=\"eb-button-anchor hvr-float \" href=\"https:\/\/cci.carboncoreindustry.com\/zero-carbon-products\" rel=\"noopener\">Produkt-CO2-Fu\u00dfabdruck SaaS<\/a><\/div><\/div><\/div><\/div><\/div>\n<\/div><\/div><\/div><\/div><\/div>\n\n<div class=\"wp-block-essential-blocks-wrapper alignfull  root-eb-wrapper-posgbac\"><div class=\"eb-parent-wrapper eb-parent-eb-wrapper-posgbac \"><div class=\"eb-wrapper-outer eb-wrapper-posgbac\"><div class=\"eb-wrapper-inner\"><div class=\"eb-wrapper-inner-blocks eb-wrapper-align-center\">\n<div class=\"wp-block-essential-blocks-advanced-heading  root-eb-advance-heading-ti1xj\"><div class=\"eb-parent-wrapper eb-parent-eb-advance-heading-ti1xj \"><div class=\"eb-advance-heading-wrapper eb-advance-heading-ti1xj button-1 undefined\" data-id=\"eb-advance-heading-ti1xj\"><h2 class=\"eb-ah-title\"><span class=\"first-title\">KI+CO2-Fu\u00dfabdruck CO2-Label helfen Ihnen, in der Nachhaltigkeitsliga die Nase vorn zu haben <\/span><\/h2><\/div><\/div><\/div>\n\n\n\n<div class=\"wp-block-essential-blocks-row alignfull  root-eb-row-t6ksa\"><div class=\"eb-parent-wrapper eb-parent-eb-row-t6ksa \"><div class=\"eb-row-root-container eb-row-t6ksa\" data-id=\"eb-row-t6ksa\"><div class=\"eb-row-wrapper\"><div class=\"eb-row-inner\">\n<div class=\"wp-block-essential-blocks-column  root-eb-column-ob8l8\"><div class=\"eb-parent-wrapper eb-parent-eb-column-ob8l8 eb_animation eb___animated eb___fadeInLeft\"><div class=\"eb-column-wrapper eb-column-ob8l8\"><div class=\"eb-column-inner\">\n<figure class=\"wp-block-image size-large\"><img loading=\"lazy\" decoding=\"async\" width=\"683\" height=\"1024\" src=\"https:\/\/www.carboncoreindustry.com\/wp-content\/uploads\/2025\/05\/green-buildings-7451748-4-683x1024.jpg\" alt=\"\" class=\"wp-image-7652\" srcset=\"https:\/\/www.carboncoreindustry.com\/wp-content\/uploads\/2025\/05\/green-buildings-7451748-4-683x1024.jpg 683w, https:\/\/www.carboncoreindustry.com\/wp-content\/uploads\/2025\/05\/green-buildings-7451748-4-scaled-600x900.jpg 600w, https:\/\/www.carboncoreindustry.com\/wp-content\/uploads\/2025\/05\/green-buildings-7451748-4-200x300.jpg 200w, https:\/\/www.carboncoreindustry.com\/wp-content\/uploads\/2025\/05\/green-buildings-7451748-4-768x1152.jpg 768w, https:\/\/www.carboncoreindustry.com\/wp-content\/uploads\/2025\/05\/green-buildings-7451748-4-1024x1536.jpg 1024w, https:\/\/www.carboncoreindustry.com\/wp-content\/uploads\/2025\/05\/green-buildings-7451748-4-1365x2048.jpg 1365w, https:\/\/www.carboncoreindustry.com\/wp-content\/uploads\/2025\/05\/green-buildings-7451748-4-scaled.jpg 1707w\" sizes=\"auto, (max-width: 683px) 100vw, 683px\" \/><\/figure>\n<\/div><\/div><\/div><\/div>\n\n\n\n<div class=\"wp-block-essential-blocks-column  root-eb-column-b4l0v\"><div class=\"eb-parent-wrapper eb-parent-eb-column-b4l0v eb_animation eb___animated eb___fadeInRight\"><div class=\"eb-column-wrapper eb-column-b4l0v\"><div class=\"eb-column-inner\">\n<div class=\"wp-block-essential-blocks-advanced-heading  root-eb-advance-heading-qxe1x\"><div class=\"eb-parent-wrapper eb-parent-eb-advance-heading-qxe1x eb_animation eb___animated eb___fadeInRight\"><div class=\"eb-advance-heading-wrapper eb-advance-heading-qxe1x button-1 undefined\" data-id=\"eb-advance-heading-qxe1x\"><h2 class=\"eb-ah-title\"><span class=\"first-title\">Dauert das produkt etwa &#8217;ne weile? Fehlende daten f\u00fcr die versorgungskette?<br\/>Internationale standards sind st\u00e4ndig auf dem neuesten stand?<\/span><\/h2><\/div><\/div><\/div>\n\n\n\n<div class=\"wp-block-essential-blocks-advanced-heading  root-eb-advance-heading-bfybf\"><div class=\"eb-parent-wrapper eb-parent-eb-advance-heading-bfybf eb_animation eb___animated eb___fadeInRight\"><div class=\"eb-advance-heading-wrapper eb-advance-heading-bfybf button-1 undefined\" data-id=\"eb-advance-heading-bfybf\"><h2 class=\"eb-ah-title\"><span class=\"first-title\">Wir bieten Ihnen eine vollst\u00e4ndige Palette von kohlenstoffneutralen Produktdienstleistungen.<\/span><\/h2><\/div><\/div><\/div>\n\n\n\n<div class=\"wp-block-essential-blocks-feature-list root-eb-feature-list-p9w6n\"><div class=\"eb-parent-wrapper eb-parent-eb-feature-list-p9w6n eb_animation eb___animated eb___fadeInRight\"><div class=\"eb-feature-list-p9w6n eb-feature-list-wrapper eb-icon-position-left eb-tablet-icon-position-left eb-mobile-icon-position-left eb-feature-list-left\"><ul class=\"eb-feature-list-items none\"><li class=\"eb-feature-list-item\" data-new-tab=\"false\" data-icon-type=\"icon\" data-icon=\"fas fa-1\" data-icon-color=\"\" data-link=\"\" data-show-badge=\"false\"><div class=\"eb-feature-list-icon-box\"><div class=\"eb-feature-list-icon-inner \"><span class=\"eb-feature-list-icon\" style=\"color:\"><i icon=\"fas fa-1\" class=\"fas fa-1 \"><\/i><\/span><\/div><\/div><div class=\"eb-feature-list-content-box\"><div class=\"eb-feature-list-title-wrapper\"><h3 class=\"eb-feature-list-title\"> Intelligente Bewertung des CO2-Fu\u00dfabdrucks<\/h3><\/div><p class=\"eb-feature-list-content\">International anerkannte LCA-Methodik + Blockchain-Datenr\u00fcckverfolgung + KI-Berechnung, Berichterstellung in 7 Tagen, Null-Kohlenstoff-Transformation in 20 Tagen abgeschlossen.<\/p><\/div><\/li><li class=\"eb-feature-list-item\" data-new-tab=\"false\" data-icon-type=\"icon\" data-icon=\"fas fa-2\" data-icon-color=\"\" data-link=\"\" data-show-badge=\"false\"><div class=\"eb-feature-list-icon-box\"><div class=\"eb-feature-list-icon-inner \"><span class=\"eb-feature-list-icon\" style=\"color:\"><i icon=\"fas fa-2\" class=\"fas fa-2 \"><\/i><\/span><\/div><\/div><div class=\"eb-feature-list-content-box\"><div class=\"eb-feature-list-title-wrapper\"><h3 class=\"eb-feature-list-title\">Globale Zertifizierung f\u00fcr Kohlenstoffkennzeichnung<\/h3><\/div><p class=\"eb-feature-list-content\">Basierend auf Produktparametern und Marktanalysen empfiehlt es automatisch die optimale Zertifizierungskombination, unterst\u00fctzt durch KI f\u00fcr eine schnelle Ausschreibungserf\u00fcllung.<\/p><\/div><\/li><li class=\"eb-feature-list-item\" data-new-tab=\"false\" data-icon-type=\"icon\" data-icon=\"fas fa-3\" data-icon-color=\"\" data-link=\"\" data-show-badge=\"false\"><div class=\"eb-feature-list-icon-box\"><div class=\"eb-feature-list-icon-inner \"><span class=\"eb-feature-list-icon\" style=\"color:\"><i icon=\"fas fa-3\" class=\"fas fa-3 \"><\/i><\/span><\/div><\/div><div class=\"eb-feature-list-content-box\"><div class=\"eb-feature-list-title-wrapper\"><h3 class=\"eb-feature-list-title\">Export Compliance Escort<\/h3><\/div><p class=\"eb-feature-list-content\">Echtzeitverfolgung globaler gr\u00fcner Handelsvorschriften, von Rohstoffen und Hilfsstoffen \u00fcber Prozesse bis hin zu Verpackung und Logistik, bietet optimale Compliance-L\u00f6sungen.<\/p><\/div><\/li><li class=\"eb-feature-list-item\" data-new-tab=\"false\" data-icon-type=\"icon\" data-icon=\"fas fa-4\" data-icon-color=\"\" data-link=\"\" data-show-badge=\"false\"><div class=\"eb-feature-list-icon-box\"><div class=\"eb-feature-list-icon-inner \"><span class=\"eb-feature-list-icon\" style=\"color:\"><i icon=\"fas fa-4\" class=\"fas fa-4 \"><\/i><\/span><\/div><\/div><div class=\"eb-feature-list-content-box\"><div class=\"eb-feature-list-title-wrapper\"><h3 class=\"eb-feature-list-title\">Kohlenstoffverm\u00f6genswertsteigerung<\/h3><\/div><p class=\"eb-feature-list-content\">Nutzen Sie den direkten Zugang zum CCI-eigenen internationalen E-Commerce \u201eZero Carbon Supermarket\u201c, um von der CO2-neutralen Produktion bis zum weltweiten Verkauf alles in einem Schritt zu erledigen.<\/p><\/div><\/li><\/ul><\/div><\/div><\/div>\n\n\n\n<div class=\"wp-block-essential-blocks-button root-eb-button-rfafh77\"><div class=\"eb-parent-wrapper eb-parent-eb-button-rfafh77 \"><div class=\"eb-button-wrapper eb-button-alignment eb-button-rfafh77\"><div class=\"eb-button\"><div class=\"eb-button-inner-wrapper \"><a class=\"eb-button-anchor hvr-float \" href=\"https:\/\/cci.carboncoreindustry.com\/zero-carbon-products\" rel=\"noopener\">Mehr erfahren<\/a><\/div><\/div><\/div><\/div><\/div>\n<\/div><\/div><\/div><\/div>\n<\/div><\/div><\/div><\/div><\/div>\n<\/div><\/div><\/div><\/div><\/div>\n\n<div class=\"wp-block-essential-blocks-wrapper alignfull  root-eb-wrapper-euccxwy\"><div class=\"eb-parent-wrapper eb-parent-eb-wrapper-euccxwy \"><div class=\"eb-wrapper-outer eb-wrapper-euccxwy\"><div class=\"eb-wrapper-inner\"><div class=\"eb-wrapper-inner-blocks eb-wrapper-align-center\">\n<div class=\"wp-block-essential-blocks-wrapper  root-eb-wrapper-l6sdw2y\"><div class=\"eb-parent-wrapper eb-parent-eb-wrapper-l6sdw2y \"><div class=\"eb-wrapper-outer eb-wrapper-l6sdw2y\"><div class=\"eb-wrapper-inner\"><div class=\"eb-wrapper-inner-blocks eb-wrapper-align-center\">\n<div class=\"wp-block-essential-blocks-advanced-heading  root-eb-advance-heading-l9fbebj\"><div class=\"eb-parent-wrapper eb-parent-eb-advance-heading-l9fbebj eb_animation eb___animated eb___zoomIn\"><div class=\"eb-advance-heading-wrapper eb-advance-heading-l9fbebj button-1 undefined\" data-id=\"eb-advance-heading-l9fbebj\"><h2 class=\"eb-ah-title\"><span class=\"first-title\">&#8222;100-1000-10000-100000&#8220; Aktionssystem<\/span><\/h2><p class=\"eb-ah-subtitle\">Treten Sie jetzt der globalen Gemeinschaft f\u00fcr kohlenstofffreie St\u00e4dte bei<\/p><\/div><\/div><\/div>\n\n\n\n<div class=\"wp-block-essential-blocks-button root-eb-button-7jx1yet\"><div class=\"eb-parent-wrapper eb-parent-eb-button-7jx1yet \"><div class=\"eb-button-wrapper eb-button-alignment eb-button-7jx1yet\"><div class=\"eb-button\"><div class=\"eb-button-inner-wrapper \"><a class=\"eb-button-anchor hvr-float \" href=\"https:\/\/www.carboncoreindustry.com\/de\/cci\/kontaktieren-sie-uns\/\" rel=\"noopener\">Kontaktieren Sie uns<\/a><\/div><\/div><\/div><\/div><\/div>\n<\/div><\/div><\/div><\/div><\/div>\n<\/div><\/div><\/div><\/div><\/div>\n","protected":false},"excerpt":{"rendered":"","protected":false},"author":5,"featured_media":0,"parent":8094,"menu_order":2,"comment_status":"closed","ping_status":"closed","template":"","meta":{"_eb_attr":"","_uag_custom_page_level_css":"","footnotes":""},"class_list":["post-7987","page","type-page","status-publish","hentry"],"uagb_featured_image_src":{"full":false,"thumbnail":false,"medium":false,"medium_large":false,"large":false,"1536x1536":false,"2048x2048":false},"uagb_author_info":{"display_name":"Y S.T","author_link":"https:\/\/www.carboncoreindustry.com\/de\/author\/yst\/"},"uagb_comment_info":0,"uagb_excerpt":null,"_links":{"self":[{"href":"https:\/\/www.carboncoreindustry.com\/de\/wp-json\/wp\/v2\/pages\/7987","targetHints":{"allow":["GET"]}}],"collection":[{"href":"https:\/\/www.carboncoreindustry.com\/de\/wp-json\/wp\/v2\/pages"}],"about":[{"href":"https:\/\/www.carboncoreindustry.com\/de\/wp-json\/wp\/v2\/types\/page"}],"author":[{"embeddable":true,"href":"https:\/\/www.carboncoreindustry.com\/de\/wp-json\/wp\/v2\/users\/5"}],"replies":[{"embeddable":true,"href":"https:\/\/www.carboncoreindustry.com\/de\/wp-json\/wp\/v2\/comments?post=7987"}],"version-history":[{"count":2,"href":"https:\/\/www.carboncoreindustry.com\/de\/wp-json\/wp\/v2\/pages\/7987\/revisions"}],"predecessor-version":[{"id":10723,"href":"https:\/\/www.carboncoreindustry.com\/de\/wp-json\/wp\/v2\/pages\/7987\/revisions\/10723"}],"up":[{"embeddable":true,"href":"https:\/\/www.carboncoreindustry.com\/de\/wp-json\/wp\/v2\/pages\/8094"}],"wp:attachment":[{"href":"https:\/\/www.carboncoreindustry.com\/de\/wp-json\/wp\/v2\/media?parent=7987"}],"curies":[{"name":"wp","href":"https:\/\/api.w.org\/{rel}","templated":true}]}}